{"id":745660,"date":"2025-08-28T02:25:04","date_gmt":"2025-08-27T23:25:04","guid":{"rendered":"https:\/\/roveyayinevi.com.tr\/index.php\/urun\/bilgi-kartlari-dunya\/"},"modified":"2026-04-16T02:58:18","modified_gmt":"2026-04-15T23:58:18","slug":"bilgi-kartlari-dunya","status":"publish","type":"product","link":"https:\/\/roveyayinevi.com.tr\/index.php\/urun\/bilgi-kartlari-dunya\/","title":{"rendered":"Bilgi Kartlar\u0131 &#8211; D\u00fcnya"},"content":{"rendered":"<p>R\u00fczg\u00e2r nas\u0131l eser? Ate\u015f b\u00f6cekleri nas\u0131l parlar? I\u015f\u0131k h\u0131z\u0131 ne kadar h\u0131zl\u0131d\u0131r? Kayalar renklerini nas\u0131l al\u0131r? Da\u011flar nas\u0131l olu\u015fur? G\u00fcn geceye nas\u0131l d\u00f6ner? G\u00fcne\u015f nas\u0131l \u0131\u015f\u0131k verir? Kar nas\u0131l olu\u015fur? Ya\u011fmur damlalar\u0131 ne kadar b\u00fcy\u00fckl\u00fcktedir? G\u00f6kku\u015fa\u011f\u0131 nas\u0131l g\u00f6r\u00fcn\u00fcr? Bulutlar nas\u0131l olu\u015fur? Ku\u015flar elektrik tellerinde nas\u0131l g\u00fcvenle durur? Ku\u015flar nas\u0131l u\u00e7ar? Ar\u0131lar nas\u0131l bal yapar?&#8230;D\u00fcnyadaki varl\u0131klara dair bir\u00e7ok bilgiyi bu kartlarda bulabilirsiniz.<\/p>\n","protected":false},"excerpt":{"rendered":"<p>R\u00fczg\u00e2r nas\u0131l eser? Ate\u015f b\u00f6cekleri nas\u0131l parlar? I\u015f\u0131k h\u0131z\u0131 ne kadar h\u0131zl\u0131d\u0131r? Kayalar renklerini nas\u0131l al\u0131r? Da\u011flar nas\u0131l olu\u015fur? G\u00fcn geceye nas\u0131l d\u00f6ner? G\u00fcne\u015f nas\u0131l \u0131\u015f\u0131k<span class=\"excerpt-hellip\"> [\u2026]<\/span><\/p>\n","protected":false},"featured_media":0,"template":"","meta":{"_monsterinsights_skip_tracking":false,"_monsterinsights_sitenote_active":false,"_monsterinsights_sitenote_note":"","_monsterinsights_sitenote_category":0},"product_brand":[],"product_cat":[13829,12274],"product_tag":[],"class_list":{"0":"post-745660","1":"product","2":"type-product","3":"status-publish","5":"product_cat-bilimsel-kitaplar","6":"product_cat-cocuk-ve-genclik-kitaplari","7":"pa_cilt-ciltsiz","8":"pa_tur-kitap10","9":"pa_yayinevi-yagmur-cocuk-yayinlari","10":"pa_yazar-kollektif","12":"first","13":"instock","14":"sale","15":"shipping-taxable","16":"purchasable","17":"product-type-simple"},"_links":{"self":[{"href":"https:\/\/roveyayinevi.com.tr\/index.php\/wp-json\/wp\/v2\/product\/745660","targetHints":{"allow":["GET"]}}],"collection":[{"href":"https:\/\/roveyayinevi.com.tr\/index.php\/wp-json\/wp\/v2\/product"}],"about":[{"href":"https:\/\/roveyayinevi.com.tr\/index.php\/wp-json\/wp\/v2\/types\/product"}],"wp:attachment":[{"href":"https:\/\/roveyayinevi.com.tr\/index.php\/wp-json\/wp\/v2\/media?parent=745660"}],"wp:term":[{"taxonomy":"product_brand","embeddable":true,"href":"https:\/\/roveyayinevi.com.tr\/index.php\/wp-json\/wp\/v2\/product_brand?post=745660"},{"taxonomy":"product_cat","embeddable":true,"href":"https:\/\/roveyayinevi.com.tr\/index.php\/wp-json\/wp\/v2\/product_cat?post=745660"},{"taxonomy":"product_tag","embeddable":true,"href":"https:\/\/roveyayinevi.com.tr\/index.php\/wp-json\/wp\/v2\/product_tag?post=745660"}],"curies":[{"name":"wp","href":"https:\/\/api.w.org\/{rel}","templated":true}]}}