{"id":745659,"date":"2025-08-28T02:25:03","date_gmt":"2025-08-27T23:25:03","guid":{"rendered":"https:\/\/roveyayinevi.com.tr\/index.php\/urun\/bilgi-kartlari-insan-vucudu\/"},"modified":"2026-04-16T02:58:18","modified_gmt":"2026-04-15T23:58:18","slug":"bilgi-kartlari-insan-vucudu","status":"publish","type":"product","link":"https:\/\/roveyayinevi.com.tr\/index.php\/urun\/bilgi-kartlari-insan-vucudu\/","title":{"rendered":"Bilgi Kartlar\u0131 &#8211; \u0130nsan V\u00fccudu"},"content":{"rendered":"<p>D\u0131\u015f kula\u011f\u0131m ne i\u015fe yarar? Burnumun akmas\u0131na sebep olan \u015fey nedir? Beni \u00f6ks\u00fcrten \u015fey nedir? Parmak izlerimi \u00f6zel yapan \u015fey nedir? Aya\u011f\u0131m\u0131n uyu\u015fmas\u0131na sebep olan \u015fey nedir? Neden alerji oluruz? Mikroplar bedenime nas\u0131l girer? Nas\u0131l kilo al\u0131n\u0131r? \u0130nsanlar nas\u0131l ya\u015flan\u0131r? Bir doktor bedenimin i\u00e7ine nas\u0131l bakar? Kalp at\u0131\u015f\u0131m\u0131 nas\u0131l dinleyebilirim? &#8230;\u0130nsan v\u00fccuduna dair bir\u00e7ok bilgiyi bu kartlarda bulabilirsiniz.<\/p>\n","protected":false},"excerpt":{"rendered":"<p>D\u0131\u015f kula\u011f\u0131m ne i\u015fe yarar? Burnumun akmas\u0131na sebep olan \u015fey nedir? Beni \u00f6ks\u00fcrten \u015fey nedir? Parmak izlerimi \u00f6zel yapan \u015fey nedir? Aya\u011f\u0131m\u0131n uyu\u015fmas\u0131na sebep olan \u015fey<span class=\"excerpt-hellip\"> [\u2026]<\/span><\/p>\n","protected":false},"featured_media":0,"template":"","meta":{"_monsterinsights_skip_tracking":false,"_monsterinsights_sitenote_active":false,"_monsterinsights_sitenote_note":"","_monsterinsights_sitenote_category":0},"product_brand":[],"product_cat":[13829,12274],"product_tag":[],"class_list":{"0":"post-745659","1":"product","2":"type-product","3":"status-publish","5":"product_cat-bilimsel-kitaplar","6":"product_cat-cocuk-ve-genclik-kitaplari","7":"pa_cilt-ciltsiz","8":"pa_tur-kitap10","9":"pa_yayinevi-yagmur-cocuk-yayinlari","10":"pa_yazar-kollektif","12":"first","13":"instock","14":"sale","15":"shipping-taxable","16":"purchasable","17":"product-type-simple"},"_links":{"self":[{"href":"https:\/\/roveyayinevi.com.tr\/index.php\/wp-json\/wp\/v2\/product\/745659","targetHints":{"allow":["GET"]}}],"collection":[{"href":"https:\/\/roveyayinevi.com.tr\/index.php\/wp-json\/wp\/v2\/product"}],"about":[{"href":"https:\/\/roveyayinevi.com.tr\/index.php\/wp-json\/wp\/v2\/types\/product"}],"wp:attachment":[{"href":"https:\/\/roveyayinevi.com.tr\/index.php\/wp-json\/wp\/v2\/media?parent=745659"}],"wp:term":[{"taxonomy":"product_brand","embeddable":true,"href":"https:\/\/roveyayinevi.com.tr\/index.php\/wp-json\/wp\/v2\/product_brand?post=745659"},{"taxonomy":"product_cat","embeddable":true,"href":"https:\/\/roveyayinevi.com.tr\/index.php\/wp-json\/wp\/v2\/product_cat?post=745659"},{"taxonomy":"product_tag","embeddable":true,"href":"https:\/\/roveyayinevi.com.tr\/index.php\/wp-json\/wp\/v2\/product_tag?post=745659"}],"curies":[{"name":"wp","href":"https:\/\/api.w.org\/{rel}","templated":true}]}}