{"id":745657,"date":"2025-08-28T02:25:00","date_gmt":"2025-08-27T23:25:00","guid":{"rendered":"https:\/\/roveyayinevi.com.tr\/index.php\/urun\/bilgi-kartlari-icatlar\/"},"modified":"2026-04-16T02:58:18","modified_gmt":"2026-04-15T23:58:18","slug":"bilgi-kartlari-icatlar","status":"publish","type":"product","link":"https:\/\/roveyayinevi.com.tr\/index.php\/urun\/bilgi-kartlari-icatlar\/","title":{"rendered":"Bilgi Kartlar\u0131 &#8211; \u0130catlar"},"content":{"rendered":"<p>Bir mucit ne yapar? \u0130cat nedir? GPS sistemi ka\u00e7 ya\u015f\u0131ndad\u0131r? Pusula nas\u0131l ortaya \u00e7\u0131kt\u0131? \u0130lk uzay meki\u011fi nas\u0131l f\u0131rlat\u0131ld\u0131 ve ini\u015f yapt\u0131? \u0130lk teleskobun g\u00f6r\u00fcn\u00fc\u015f\u00fc nas\u0131ld\u0131? Klavye, ekran\u0131n\u0131za kelimeleri nas\u0131l yaz\u0131yor? QWERTY klavyesi fikri nas\u0131l geli\u015fti? \u0130lk daktilo modern daktilodan ne y\u00f6nde farkl\u0131yd\u0131? \u0130lk bilgisayar\u0131n g\u00f6r\u00fcn\u00fc\u015f\u00fc nas\u0131ld\u0131? &#8230;Bilim insanlar\u0131n\u0131n yapt\u0131\u011f\u0131 icatlara dair bir\u00e7ok bilgiyi bu kartlarda bulabilirsiniz.<\/p>\n","protected":false},"excerpt":{"rendered":"<p>Bir mucit ne yapar? \u0130cat nedir? GPS sistemi ka\u00e7 ya\u015f\u0131ndad\u0131r? Pusula nas\u0131l ortaya \u00e7\u0131kt\u0131? \u0130lk uzay meki\u011fi nas\u0131l f\u0131rlat\u0131ld\u0131 ve ini\u015f yapt\u0131? \u0130lk teleskobun g\u00f6r\u00fcn\u00fc\u015f\u00fc nas\u0131ld\u0131?<span class=\"excerpt-hellip\"> [\u2026]<\/span><\/p>\n","protected":false},"featured_media":0,"template":"","meta":{"_monsterinsights_skip_tracking":false,"_monsterinsights_sitenote_active":false,"_monsterinsights_sitenote_note":"","_monsterinsights_sitenote_category":0},"product_brand":[],"product_cat":[13829,12274],"product_tag":[],"class_list":{"0":"post-745657","1":"product","2":"type-product","3":"status-publish","5":"product_cat-bilimsel-kitaplar","6":"product_cat-cocuk-ve-genclik-kitaplari","7":"pa_cilt-ciltsiz","8":"pa_tur-kitap10","9":"pa_yayinevi-yagmur-cocuk-yayinlari","10":"pa_yazar-kollektif","12":"first","13":"instock","14":"sale","15":"shipping-taxable","16":"purchasable","17":"product-type-simple"},"_links":{"self":[{"href":"https:\/\/roveyayinevi.com.tr\/index.php\/wp-json\/wp\/v2\/product\/745657","targetHints":{"allow":["GET"]}}],"collection":[{"href":"https:\/\/roveyayinevi.com.tr\/index.php\/wp-json\/wp\/v2\/product"}],"about":[{"href":"https:\/\/roveyayinevi.com.tr\/index.php\/wp-json\/wp\/v2\/types\/product"}],"wp:attachment":[{"href":"https:\/\/roveyayinevi.com.tr\/index.php\/wp-json\/wp\/v2\/media?parent=745657"}],"wp:term":[{"taxonomy":"product_brand","embeddable":true,"href":"https:\/\/roveyayinevi.com.tr\/index.php\/wp-json\/wp\/v2\/product_brand?post=745657"},{"taxonomy":"product_cat","embeddable":true,"href":"https:\/\/roveyayinevi.com.tr\/index.php\/wp-json\/wp\/v2\/product_cat?post=745657"},{"taxonomy":"product_tag","embeddable":true,"href":"https:\/\/roveyayinevi.com.tr\/index.php\/wp-json\/wp\/v2\/product_tag?post=745657"}],"curies":[{"name":"wp","href":"https:\/\/api.w.org\/{rel}","templated":true}]}}