{"id":745656,"date":"2025-08-28T02:24:59","date_gmt":"2025-08-27T23:24:59","guid":{"rendered":"https:\/\/roveyayinevi.com.tr\/index.php\/urun\/bilgi-kartlari-denizler-ve-okyanuslar\/"},"modified":"2026-04-16T02:58:18","modified_gmt":"2026-04-15T23:58:18","slug":"bilgi-kartlari-denizler-ve-okyanuslar","status":"publish","type":"product","link":"https:\/\/roveyayinevi.com.tr\/index.php\/urun\/bilgi-kartlari-denizler-ve-okyanuslar\/","title":{"rendered":"Bilgi Kartlar\u0131 &#8211; Denizler Ve Okyanuslar"},"content":{"rendered":"<p>Dinozor nedir? Dinozor kafatas\u0131 nas\u0131ld\u0131? \u0130lk monte edilen dinozor iskeleti nas\u0131ld\u0131? En uzun isimli dinozorun ad\u0131 neydi? \u0130simlendirilen ilk dinozor hangisiydi? En zeki dinozorun ad\u0131 neydi? En uzun dinozorlara ne denirdi? Bir dinozor yumurtas\u0131 nas\u0131ld\u0131? En b\u00fcy\u00fck ve en k\u00fc\u00e7\u00fck dinozor yumurtas\u0131n\u0131n b\u00fcy\u00fckl\u00fc\u011f\u00fc ne kadard\u0131? &#8230;Dinozorlara dair bir\u00e7ok bilgiyi bu kartlarda bulabilirsiniz.<\/p>\n","protected":false},"excerpt":{"rendered":"<p>Dinozor nedir? Dinozor kafatas\u0131 nas\u0131ld\u0131? \u0130lk monte edilen dinozor iskeleti nas\u0131ld\u0131? En uzun isimli dinozorun ad\u0131 neydi? \u0130simlendirilen ilk dinozor hangisiydi? En zeki dinozorun ad\u0131 neydi?<span class=\"excerpt-hellip\"> [\u2026]<\/span><\/p>\n","protected":false},"featured_media":0,"template":"","meta":{"_monsterinsights_skip_tracking":false,"_monsterinsights_sitenote_active":false,"_monsterinsights_sitenote_note":"","_monsterinsights_sitenote_category":0},"product_brand":[],"product_cat":[13829,12274],"product_tag":[],"class_list":{"0":"post-745656","1":"product","2":"type-product","3":"status-publish","5":"product_cat-bilimsel-kitaplar","6":"product_cat-cocuk-ve-genclik-kitaplari","7":"pa_cilt-ciltsiz","8":"pa_tur-kitap10","9":"pa_yayinevi-yagmur-cocuk-yayinlari","10":"pa_yazar-kollektif","12":"first","13":"instock","14":"sale","15":"shipping-taxable","16":"purchasable","17":"product-type-simple"},"_links":{"self":[{"href":"https:\/\/roveyayinevi.com.tr\/index.php\/wp-json\/wp\/v2\/product\/745656","targetHints":{"allow":["GET"]}}],"collection":[{"href":"https:\/\/roveyayinevi.com.tr\/index.php\/wp-json\/wp\/v2\/product"}],"about":[{"href":"https:\/\/roveyayinevi.com.tr\/index.php\/wp-json\/wp\/v2\/types\/product"}],"wp:attachment":[{"href":"https:\/\/roveyayinevi.com.tr\/index.php\/wp-json\/wp\/v2\/media?parent=745656"}],"wp:term":[{"taxonomy":"product_brand","embeddable":true,"href":"https:\/\/roveyayinevi.com.tr\/index.php\/wp-json\/wp\/v2\/product_brand?post=745656"},{"taxonomy":"product_cat","embeddable":true,"href":"https:\/\/roveyayinevi.com.tr\/index.php\/wp-json\/wp\/v2\/product_cat?post=745656"},{"taxonomy":"product_tag","embeddable":true,"href":"https:\/\/roveyayinevi.com.tr\/index.php\/wp-json\/wp\/v2\/product_tag?post=745656"}],"curies":[{"name":"wp","href":"https:\/\/api.w.org\/{rel}","templated":true}]}}