{"id":745655,"date":"2025-08-28T02:24:58","date_gmt":"2025-08-27T23:24:58","guid":{"rendered":"https:\/\/roveyayinevi.com.tr\/index.php\/urun\/bilgi-kartlari-doga-ve-bitkiler\/"},"modified":"2026-04-16T02:58:18","modified_gmt":"2026-04-15T23:58:18","slug":"bilgi-kartlari-doga-ve-bitkiler","status":"publish","type":"product","link":"https:\/\/roveyayinevi.com.tr\/index.php\/urun\/bilgi-kartlari-doga-ve-bitkiler\/","title":{"rendered":"Bilgi Kartlar\u0131 &#8211; Do\u011fa Ve Bitkiler"},"content":{"rendered":"<p>Kabuk nedir? Bir bitkinin maksimum \u00f6mr\u00fc ne kadard\u0131r? Bitkiler olmasayd\u0131 d\u00fcnya nas\u0131l bir yer olurdu? Meyveler neden olu\u015fur? Bir bitki ne yer?Bambular\u0131n h\u0131zl\u0131 b\u00fcy\u00fcmesini sa\u011flayan \u015fey nedir? Farkl\u0131 bitki t\u00fcrleri nelerdir? \u00c7i\u00e7eklerin g\u00f6revi nedir? \u00c7i\u00e7eklerin bu kadar renkli olmas\u0131n\u0131 sa\u011flayan \u015fey nedir? \u00c7i\u00e7e\u011fin bile\u015fenleri nedir?&#8230;Do\u011fa ve bitkilere dair bir\u00e7ok bilgiyi bu kartlarda bulabilirsiniz.<\/p>\n","protected":false},"excerpt":{"rendered":"<p>Kabuk nedir? Bir bitkinin maksimum \u00f6mr\u00fc ne kadard\u0131r? Bitkiler olmasayd\u0131 d\u00fcnya nas\u0131l bir yer olurdu? Meyveler neden olu\u015fur? Bir bitki ne yer?Bambular\u0131n h\u0131zl\u0131 b\u00fcy\u00fcmesini sa\u011flayan \u015fey<span class=\"excerpt-hellip\"> [\u2026]<\/span><\/p>\n","protected":false},"featured_media":0,"template":"","meta":{"_monsterinsights_skip_tracking":false,"_monsterinsights_sitenote_active":false,"_monsterinsights_sitenote_note":"","_monsterinsights_sitenote_category":0},"product_brand":[],"product_cat":[13829,12274],"product_tag":[],"class_list":{"0":"post-745655","1":"product","2":"type-product","3":"status-publish","5":"product_cat-bilimsel-kitaplar","6":"product_cat-cocuk-ve-genclik-kitaplari","7":"pa_cilt-ciltsiz","8":"pa_tur-kitap10","9":"pa_yayinevi-yagmur-cocuk-yayinlari","10":"pa_yazar-kollektif","12":"first","13":"instock","14":"sale","15":"shipping-taxable","16":"purchasable","17":"product-type-simple"},"_links":{"self":[{"href":"https:\/\/roveyayinevi.com.tr\/index.php\/wp-json\/wp\/v2\/product\/745655","targetHints":{"allow":["GET"]}}],"collection":[{"href":"https:\/\/roveyayinevi.com.tr\/index.php\/wp-json\/wp\/v2\/product"}],"about":[{"href":"https:\/\/roveyayinevi.com.tr\/index.php\/wp-json\/wp\/v2\/types\/product"}],"wp:attachment":[{"href":"https:\/\/roveyayinevi.com.tr\/index.php\/wp-json\/wp\/v2\/media?parent=745655"}],"wp:term":[{"taxonomy":"product_brand","embeddable":true,"href":"https:\/\/roveyayinevi.com.tr\/index.php\/wp-json\/wp\/v2\/product_brand?post=745655"},{"taxonomy":"product_cat","embeddable":true,"href":"https:\/\/roveyayinevi.com.tr\/index.php\/wp-json\/wp\/v2\/product_cat?post=745655"},{"taxonomy":"product_tag","embeddable":true,"href":"https:\/\/roveyayinevi.com.tr\/index.php\/wp-json\/wp\/v2\/product_tag?post=745655"}],"curies":[{"name":"wp","href":"https:\/\/api.w.org\/{rel}","templated":true}]}}