{"id":745653,"date":"2025-08-28T02:24:55","date_gmt":"2025-08-27T23:24:55","guid":{"rendered":"https:\/\/roveyayinevi.com.tr\/index.php\/urun\/bilgi-kartlari-bilim-ve-teknoloji\/"},"modified":"2026-04-16T02:58:18","modified_gmt":"2026-04-15T23:58:18","slug":"bilgi-kartlari-bilim-ve-teknoloji","status":"publish","type":"product","link":"https:\/\/roveyayinevi.com.tr\/index.php\/urun\/bilgi-kartlari-bilim-ve-teknoloji\/","title":{"rendered":"Bilgi Kartlar\u0131 &#8211; Bilim Ve Teknoloji"},"content":{"rendered":"<p>Vir\u00fcs bilgisayar\u0131m\u0131 nas\u0131l bozar? E-Posta nas\u0131l ba\u015flad\u0131? Modern bir dal\u0131\u015f k\u0131yafeti nas\u0131l \u00e7al\u0131\u015f\u0131r? Denizalt\u0131lar nas\u0131l \u00e7al\u0131\u015f\u0131r? M\u00fchendisler t\u00fcneli nas\u0131l kazar? Bir dizel tren nas\u0131l \u00e7al\u0131\u015f\u0131r? Robotlar nas\u0131l araba \u00fcretiyor? Yar\u0131\u015f arabalar\u0131 nas\u0131l tasarlanm\u0131\u015ft\u0131r? &#8230;Bilim ve teknolojiye dair bir\u00e7ok bilgiyi bu kartlarda bulabilirsiniz.<\/p>\n","protected":false},"excerpt":{"rendered":"<p>Vir\u00fcs bilgisayar\u0131m\u0131 nas\u0131l bozar? E-Posta nas\u0131l ba\u015flad\u0131? Modern bir dal\u0131\u015f k\u0131yafeti nas\u0131l \u00e7al\u0131\u015f\u0131r? Denizalt\u0131lar nas\u0131l \u00e7al\u0131\u015f\u0131r? M\u00fchendisler t\u00fcneli nas\u0131l kazar? Bir dizel tren nas\u0131l \u00e7al\u0131\u015f\u0131r? Robotlar<span class=\"excerpt-hellip\"> [\u2026]<\/span><\/p>\n","protected":false},"featured_media":0,"template":"","meta":{"_monsterinsights_skip_tracking":false,"_monsterinsights_sitenote_active":false,"_monsterinsights_sitenote_note":"","_monsterinsights_sitenote_category":0},"product_brand":[],"product_cat":[13829,12274],"product_tag":[],"class_list":{"0":"post-745653","1":"product","2":"type-product","3":"status-publish","5":"product_cat-bilimsel-kitaplar","6":"product_cat-cocuk-ve-genclik-kitaplari","7":"pa_cilt-ciltsiz","8":"pa_tur-kitap10","9":"pa_yayinevi-yagmur-cocuk-yayinlari","10":"pa_yazar-kollektif","12":"first","13":"instock","14":"sale","15":"shipping-taxable","16":"purchasable","17":"product-type-simple"},"_links":{"self":[{"href":"https:\/\/roveyayinevi.com.tr\/index.php\/wp-json\/wp\/v2\/product\/745653","targetHints":{"allow":["GET"]}}],"collection":[{"href":"https:\/\/roveyayinevi.com.tr\/index.php\/wp-json\/wp\/v2\/product"}],"about":[{"href":"https:\/\/roveyayinevi.com.tr\/index.php\/wp-json\/wp\/v2\/types\/product"}],"wp:attachment":[{"href":"https:\/\/roveyayinevi.com.tr\/index.php\/wp-json\/wp\/v2\/media?parent=745653"}],"wp:term":[{"taxonomy":"product_brand","embeddable":true,"href":"https:\/\/roveyayinevi.com.tr\/index.php\/wp-json\/wp\/v2\/product_brand?post=745653"},{"taxonomy":"product_cat","embeddable":true,"href":"https:\/\/roveyayinevi.com.tr\/index.php\/wp-json\/wp\/v2\/product_cat?post=745653"},{"taxonomy":"product_tag","embeddable":true,"href":"https:\/\/roveyayinevi.com.tr\/index.php\/wp-json\/wp\/v2\/product_tag?post=745653"}],"curies":[{"name":"wp","href":"https:\/\/api.w.org\/{rel}","templated":true}]}}