{"id":745652,"date":"2025-08-28T02:24:54","date_gmt":"2025-08-27T23:24:54","guid":{"rendered":"https:\/\/roveyayinevi.com.tr\/index.php\/urun\/bilgi-kartlari-uzay-ve-gezegenler\/"},"modified":"2026-04-16T02:58:18","modified_gmt":"2026-04-15T23:58:18","slug":"bilgi-kartlari-uzay-ve-gezegenler","status":"publish","type":"product","link":"https:\/\/roveyayinevi.com.tr\/index.php\/urun\/bilgi-kartlari-uzay-ve-gezegenler\/","title":{"rendered":"Bilgi Kartlar\u0131 &#8211; Uzay Ve Gezegenler"},"content":{"rendered":"<p>Galaksimize s\u00fctl\u00fc g\u00f6r\u00fcn\u00fcm\u00fcn\u00fc veren \u015fey nedir? Y\u0131ld\u0131zlar nas\u0131l do\u011far? Bir y\u0131ld\u0131z ne kadar s\u00fcre ya\u015fayabilir? Uzayda astronotlar nas\u0131l ileti\u015fim kurar? Astronotlar uzay y\u00fcr\u00fcy\u00fc\u015f\u00fcne nas\u0131l giderler? Pl\u00fcton ne zamandan beri bir gezegen olarak kabul edildi? Pl\u00fcton\u2019un atmosferi nas\u0131l de\u011fi\u015fir? Ejderha f\u0131rt\u0131nas\u0131n\u0131n Sat\u00fcrn\u2019de g\u00f6r\u00fclmesinden bu yana ne kadar zaman ge\u00e7ti? &#8230; Uzay ve Gezegenlere dair bir\u00e7ok bilgiyi bu kartlarda bulabilirsiniz.<\/p>\n","protected":false},"excerpt":{"rendered":"<p>Galaksimize s\u00fctl\u00fc g\u00f6r\u00fcn\u00fcm\u00fcn\u00fc veren \u015fey nedir? Y\u0131ld\u0131zlar nas\u0131l do\u011far? Bir y\u0131ld\u0131z ne kadar s\u00fcre ya\u015fayabilir? Uzayda astronotlar nas\u0131l ileti\u015fim kurar? Astronotlar uzay y\u00fcr\u00fcy\u00fc\u015f\u00fcne nas\u0131l giderler? Pl\u00fcton<span class=\"excerpt-hellip\"> [\u2026]<\/span><\/p>\n","protected":false},"featured_media":0,"template":"","meta":{"_monsterinsights_skip_tracking":false,"_monsterinsights_sitenote_active":false,"_monsterinsights_sitenote_note":"","_monsterinsights_sitenote_category":0},"product_brand":[],"product_cat":[13829,12274],"product_tag":[],"class_list":{"0":"post-745652","1":"product","2":"type-product","3":"status-publish","5":"product_cat-bilimsel-kitaplar","6":"product_cat-cocuk-ve-genclik-kitaplari","7":"pa_cilt-ciltsiz","8":"pa_tur-kitap10","9":"pa_yayinevi-yagmur-cocuk-yayinlari","10":"pa_yazar-kollektif","12":"first","13":"instock","14":"sale","15":"shipping-taxable","16":"purchasable","17":"product-type-simple"},"_links":{"self":[{"href":"https:\/\/roveyayinevi.com.tr\/index.php\/wp-json\/wp\/v2\/product\/745652","targetHints":{"allow":["GET"]}}],"collection":[{"href":"https:\/\/roveyayinevi.com.tr\/index.php\/wp-json\/wp\/v2\/product"}],"about":[{"href":"https:\/\/roveyayinevi.com.tr\/index.php\/wp-json\/wp\/v2\/types\/product"}],"wp:attachment":[{"href":"https:\/\/roveyayinevi.com.tr\/index.php\/wp-json\/wp\/v2\/media?parent=745652"}],"wp:term":[{"taxonomy":"product_brand","embeddable":true,"href":"https:\/\/roveyayinevi.com.tr\/index.php\/wp-json\/wp\/v2\/product_brand?post=745652"},{"taxonomy":"product_cat","embeddable":true,"href":"https:\/\/roveyayinevi.com.tr\/index.php\/wp-json\/wp\/v2\/product_cat?post=745652"},{"taxonomy":"product_tag","embeddable":true,"href":"https:\/\/roveyayinevi.com.tr\/index.php\/wp-json\/wp\/v2\/product_tag?post=745652"}],"curies":[{"name":"wp","href":"https:\/\/api.w.org\/{rel}","templated":true}]}}