{"id":745651,"date":"2025-08-28T02:24:53","date_gmt":"2025-08-27T23:24:53","guid":{"rendered":"https:\/\/roveyayinevi.com.tr\/index.php\/urun\/zombilirkisi\/"},"modified":"2026-04-16T02:58:18","modified_gmt":"2026-04-15T23:58:18","slug":"zombilirkisi","status":"publish","type":"product","link":"https:\/\/roveyayinevi.com.tr\/index.php\/urun\/zombilirkisi\/","title":{"rendered":"Zombilirki\u015fi"},"content":{"rendered":"<p>Mizah edebiyat\u0131m\u0131z\u0131n usta kalemi Cihan Demirci, y\u0131llar \u00f6nce \u201cZombilirki\u015fi\u201dde okurunun kar\u015f\u0131s\u0131na ilk kez bir romanla gelmi\u015f ve ilgi g\u00f6rm\u00fc\u015ft\u00fc\u2026 Zombilirki\u015fi uzun y\u0131llar sonra yepyeni bas\u0131m\u0131yla kar\u015f\u0131n\u0131zda\u2026 Kitab\u0131n asla kahraman olmayan kahraman\u0131 senarist, gazeteci-yazar Fani \u00d6l\u00fcml\u00fco\u011flu, bir gece kendini Mississipi nehrinde Zombilerin aras\u0131nda bulur ve hayat\u0131n\u0131n b\u00fct\u00fcn ak\u0131\u015f\u0131n\u0131 de\u011fi\u015ftirecek o m\u00fcthi\u015f ger\u00e7e\u011fi \u00f6\u011frenir&#8230; O art\u0131k Zombilerin de \u00f6tesine ge\u00e7mi\u015f iflah olmaz bir Zombilirki\u015fi\u2019dir. Peki ama Zombilirki\u015fi nedir? Nas\u0131l olunur? \u00d6l\u00fcm bize neden yak\u0131\u015f\u0131yor?<\/p>\n","protected":false},"excerpt":{"rendered":"<p>Mizah edebiyat\u0131m\u0131z\u0131n usta kalemi Cihan Demirci, y\u0131llar \u00f6nce \u201cZombilirki\u015fi\u201dde okurunun kar\u015f\u0131s\u0131na ilk kez bir romanla gelmi\u015f ve ilgi g\u00f6rm\u00fc\u015ft\u00fc\u2026 Zombilirki\u015fi uzun y\u0131llar sonra yepyeni bas\u0131m\u0131yla kar\u015f\u0131n\u0131zda\u2026<span class=\"excerpt-hellip\"> [\u2026]<\/span><\/p>\n","protected":false},"featured_media":0,"template":"","meta":{"_monsterinsights_skip_tracking":false,"_monsterinsights_sitenote_active":false,"_monsterinsights_sitenote_note":"","_monsterinsights_sitenote_category":0},"product_brand":[],"product_cat":[12291,14825],"product_tag":[],"class_list":{"0":"post-745651","1":"product","2":"type-product","3":"status-publish","5":"product_cat-edebiyat","6":"product_cat-mizah","7":"pa_cilt-ciltsiz","8":"pa_tur-kitap","9":"pa_yayinevi-mizah-postasi-yayinlari","10":"pa_yazar-cihan-demirci","12":"first","13":"instock","14":"sale","15":"shipping-taxable","16":"purchasable","17":"product-type-simple"},"_links":{"self":[{"href":"https:\/\/roveyayinevi.com.tr\/index.php\/wp-json\/wp\/v2\/product\/745651","targetHints":{"allow":["GET"]}}],"collection":[{"href":"https:\/\/roveyayinevi.com.tr\/index.php\/wp-json\/wp\/v2\/product"}],"about":[{"href":"https:\/\/roveyayinevi.com.tr\/index.php\/wp-json\/wp\/v2\/types\/product"}],"wp:attachment":[{"href":"https:\/\/roveyayinevi.com.tr\/index.php\/wp-json\/wp\/v2\/media?parent=745651"}],"wp:term":[{"taxonomy":"product_brand","embeddable":true,"href":"https:\/\/roveyayinevi.com.tr\/index.php\/wp-json\/wp\/v2\/product_brand?post=745651"},{"taxonomy":"product_cat","embeddable":true,"href":"https:\/\/roveyayinevi.com.tr\/index.php\/wp-json\/wp\/v2\/product_cat?post=745651"},{"taxonomy":"product_tag","embeddable":true,"href":"https:\/\/roveyayinevi.com.tr\/index.php\/wp-json\/wp\/v2\/product_tag?post=745651"}],"curies":[{"name":"wp","href":"https:\/\/api.w.org\/{rel}","templated":true}]}}