{"id":745650,"date":"2025-08-28T02:24:52","date_gmt":"2025-08-27T23:24:52","guid":{"rendered":"https:\/\/roveyayinevi.com.tr\/index.php\/urun\/iyiler-cinnete-gider\/"},"modified":"2026-04-16T02:58:18","modified_gmt":"2026-04-15T23:58:18","slug":"iyiler-cinnete-gider","status":"publish","type":"product","link":"https:\/\/roveyayinevi.com.tr\/index.php\/urun\/iyiler-cinnete-gider\/","title":{"rendered":"\u0130yiler Cinnete Gider"},"content":{"rendered":"<p>Bu kitaptaki olaylar \u00e7ok yak\u0131n\u0131m\u0131zdaki bir mahallede Cinnet Mahallesi\u2019nde ge\u00e7mektedir. Cinnet ayaklar\u0131m\u0131z\u0131n alt\u0131ndad\u0131r \u015fimdi!.. Buras\u0131 Cinnet Mahallesi&#8230;Birbirinden g\u00fczel hunilerin kafam\u0131za tak\u0131ld\u0131\u011f\u0131, birbirinden \u00e7irkin kanats\u0131z keleklerin havalarda u\u00e7u\u015ftu\u011fu Do\u011fu ile Bat\u0131 aras\u0131na s\u0131k\u0131\u015f\u0131p kalm\u0131\u015f bir tuhaf mahalle!..\u0130lk bas\u0131m\u0131 1995 y\u0131l\u0131nda yap\u0131lan \u201c\u0130yiler Cinnete Gider\u201d \u00e7ok uzun y\u0131llar sonra yeni bas\u0131m\u0131yla kar\u015f\u0131n\u0131zda, erken yaz\u0131lm\u0131\u015f bir kitap oldu\u011funu, okuduktan sonra siz de g\u00f6receksiniz!..<\/p>\n","protected":false},"excerpt":{"rendered":"<p>Bu kitaptaki olaylar \u00e7ok yak\u0131n\u0131m\u0131zdaki bir mahallede Cinnet Mahallesi\u2019nde ge\u00e7mektedir. Cinnet ayaklar\u0131m\u0131z\u0131n alt\u0131ndad\u0131r \u015fimdi!.. Buras\u0131 Cinnet Mahallesi&#8230;Birbirinden g\u00fczel hunilerin kafam\u0131za tak\u0131ld\u0131\u011f\u0131, birbirinden \u00e7irkin kanats\u0131z keleklerin havalarda<span class=\"excerpt-hellip\"> [\u2026]<\/span><\/p>\n","protected":false},"featured_media":0,"template":"","meta":{"_monsterinsights_skip_tracking":false,"_monsterinsights_sitenote_active":false,"_monsterinsights_sitenote_note":"","_monsterinsights_sitenote_category":0},"product_brand":[],"product_cat":[12291,14825],"product_tag":[],"class_list":{"0":"post-745650","1":"product","2":"type-product","3":"status-publish","5":"product_cat-edebiyat","6":"product_cat-mizah","7":"pa_cilt-ciltsiz","8":"pa_tur-kitap","9":"pa_yayinevi-mizah-postasi-yayinlari","10":"pa_yazar-cihan-demirci","12":"first","13":"instock","14":"sale","15":"shipping-taxable","16":"purchasable","17":"product-type-simple"},"_links":{"self":[{"href":"https:\/\/roveyayinevi.com.tr\/index.php\/wp-json\/wp\/v2\/product\/745650","targetHints":{"allow":["GET"]}}],"collection":[{"href":"https:\/\/roveyayinevi.com.tr\/index.php\/wp-json\/wp\/v2\/product"}],"about":[{"href":"https:\/\/roveyayinevi.com.tr\/index.php\/wp-json\/wp\/v2\/types\/product"}],"wp:attachment":[{"href":"https:\/\/roveyayinevi.com.tr\/index.php\/wp-json\/wp\/v2\/media?parent=745650"}],"wp:term":[{"taxonomy":"product_brand","embeddable":true,"href":"https:\/\/roveyayinevi.com.tr\/index.php\/wp-json\/wp\/v2\/product_brand?post=745650"},{"taxonomy":"product_cat","embeddable":true,"href":"https:\/\/roveyayinevi.com.tr\/index.php\/wp-json\/wp\/v2\/product_cat?post=745650"},{"taxonomy":"product_tag","embeddable":true,"href":"https:\/\/roveyayinevi.com.tr\/index.php\/wp-json\/wp\/v2\/product_tag?post=745650"}],"curies":[{"name":"wp","href":"https:\/\/api.w.org\/{rel}","templated":true}]}}