{"id":745649,"date":"2025-08-28T02:24:50","date_gmt":"2025-08-27T23:24:50","guid":{"rendered":"https:\/\/roveyayinevi.com.tr\/index.php\/urun\/geyik-muhabetleri\/"},"modified":"2026-04-16T02:58:18","modified_gmt":"2026-04-15T23:58:18","slug":"geyik-muhabetleri","status":"publish","type":"product","link":"https:\/\/roveyayinevi.com.tr\/index.php\/urun\/geyik-muhabetleri\/","title":{"rendered":"Geyik Muhabetleri"},"content":{"rendered":"<p>\u0130lk bas\u0131m\u0131 1990 y\u0131l\u0131n\u0131n Mart ay\u0131nda yap\u0131lan, \u00f6zellikle gen\u00e7 okurdan ciddi bir ilgi g\u00f6rerek k\u0131sa s\u00fcrede bask\u0131 \u00fcst\u00fcne bask\u0131 yapan \u201cGeyik Muhabbetleri\u201d mizah yazar\u0131 Cihan Demirci\u2019nin dilimize kazand\u0131rd\u0131\u011f\u0131 bir tan\u0131mlama ve mizah tarz\u0131d\u0131r. 15 y\u0131l\u0131 a\u015fk\u0131n bir s\u00fcredir t\u00fckenmi\u015f h\u00e2lde olup bask\u0131s\u0131 olmayan, \u00fclkemizde \u201cGeyik Muhabbetleri\u201d \u00e7a\u011f\u0131n\u0131 ba\u015flatan bu \u00f6nc\u00fc kitap ilk bas\u0131m\u0131n\u0131n 30. y\u0131l\u0131nda, elden ge\u00e7irilmi\u015f, yenilenmi\u015f 30. bas\u0131m\u0131yla yeniden kar\u015f\u0131n\u0131zda!..<\/p>\n","protected":false},"excerpt":{"rendered":"<p>\u0130lk bas\u0131m\u0131 1990 y\u0131l\u0131n\u0131n Mart ay\u0131nda yap\u0131lan, \u00f6zellikle gen\u00e7 okurdan ciddi bir ilgi g\u00f6rerek k\u0131sa s\u00fcrede bask\u0131 \u00fcst\u00fcne bask\u0131 yapan \u201cGeyik Muhabbetleri\u201d mizah yazar\u0131 Cihan Demirci\u2019nin<span class=\"excerpt-hellip\"> [\u2026]<\/span><\/p>\n","protected":false},"featured_media":0,"template":"","meta":{"_monsterinsights_skip_tracking":false,"_monsterinsights_sitenote_active":false,"_monsterinsights_sitenote_note":"","_monsterinsights_sitenote_category":0},"product_brand":[],"product_cat":[12291,14825],"product_tag":[],"class_list":{"0":"post-745649","1":"product","2":"type-product","3":"status-publish","5":"product_cat-edebiyat","6":"product_cat-mizah","7":"pa_cilt-ciltsiz","8":"pa_tur-kitap","9":"pa_yayinevi-mizah-postasi-yayinlari","10":"pa_yazar-cihan-demirci","12":"first","13":"instock","14":"sale","15":"shipping-taxable","16":"purchasable","17":"product-type-simple"},"_links":{"self":[{"href":"https:\/\/roveyayinevi.com.tr\/index.php\/wp-json\/wp\/v2\/product\/745649","targetHints":{"allow":["GET"]}}],"collection":[{"href":"https:\/\/roveyayinevi.com.tr\/index.php\/wp-json\/wp\/v2\/product"}],"about":[{"href":"https:\/\/roveyayinevi.com.tr\/index.php\/wp-json\/wp\/v2\/types\/product"}],"wp:attachment":[{"href":"https:\/\/roveyayinevi.com.tr\/index.php\/wp-json\/wp\/v2\/media?parent=745649"}],"wp:term":[{"taxonomy":"product_brand","embeddable":true,"href":"https:\/\/roveyayinevi.com.tr\/index.php\/wp-json\/wp\/v2\/product_brand?post=745649"},{"taxonomy":"product_cat","embeddable":true,"href":"https:\/\/roveyayinevi.com.tr\/index.php\/wp-json\/wp\/v2\/product_cat?post=745649"},{"taxonomy":"product_tag","embeddable":true,"href":"https:\/\/roveyayinevi.com.tr\/index.php\/wp-json\/wp\/v2\/product_tag?post=745649"}],"curies":[{"name":"wp","href":"https:\/\/api.w.org\/{rel}","templated":true}]}}