{"id":745648,"date":"2025-08-28T02:24:49","date_gmt":"2025-08-27T23:24:49","guid":{"rendered":"https:\/\/roveyayinevi.com.tr\/index.php\/urun\/deli-gomlegi-utu-istemez\/"},"modified":"2026-04-16T02:58:18","modified_gmt":"2026-04-15T23:58:18","slug":"deli-gomlegi-utu-istemez","status":"publish","type":"product","link":"https:\/\/roveyayinevi.com.tr\/index.php\/urun\/deli-gomlegi-utu-istemez\/","title":{"rendered":"Deli G\u00f6mle\u011fi \u00dct\u00fc \u0130stemez"},"content":{"rendered":"<p>Cihan Demirci\u2019nin 1994 y\u0131l\u0131n\u0131n Ekim ay\u0131nda ilk bas\u0131m\u0131 yap\u0131lan kitab\u0131 \u201cDeli G\u00f6mle\u011fi \u00dct\u00fc \u0130stemez\u201d okurdan g\u00f6rd\u00fc\u011f\u00fc ilgiyle k\u0131sa s\u00fcrede pek \u00e7ok bas\u0131ma ula\u015fm\u0131\u015ft\u0131.Uzun y\u0131llard\u0131r bask\u0131s\u0131 olmayan bu \u201c\u00dct\u00fcs\u00fcz\u201d kitap yeniden kar\u015f\u0131n\u0131zda!..Aradan ge\u00e7en y\u0131llar kitapta hi\u00e7bir eskime yaratmad\u0131\u011f\u0131 gibi ikibinli y\u0131llar\u0131n akla ziyan \u00fclkesine sanki daha da yak\u0131\u015f\u0131yor!.<\/p>\n","protected":false},"excerpt":{"rendered":"<p>Cihan Demirci\u2019nin 1994 y\u0131l\u0131n\u0131n Ekim ay\u0131nda ilk bas\u0131m\u0131 yap\u0131lan kitab\u0131 \u201cDeli G\u00f6mle\u011fi \u00dct\u00fc \u0130stemez\u201d okurdan g\u00f6rd\u00fc\u011f\u00fc ilgiyle k\u0131sa s\u00fcrede pek \u00e7ok bas\u0131ma ula\u015fm\u0131\u015ft\u0131.Uzun y\u0131llard\u0131r bask\u0131s\u0131 olmayan<span class=\"excerpt-hellip\"> [\u2026]<\/span><\/p>\n","protected":false},"featured_media":0,"template":"","meta":{"_monsterinsights_skip_tracking":false,"_monsterinsights_sitenote_active":false,"_monsterinsights_sitenote_note":"","_monsterinsights_sitenote_category":0},"product_brand":[],"product_cat":[12291,14825],"product_tag":[],"class_list":{"0":"post-745648","1":"product","2":"type-product","3":"status-publish","5":"product_cat-edebiyat","6":"product_cat-mizah","7":"pa_cilt-ciltsiz","8":"pa_tur-kitap","9":"pa_yayinevi-mizah-postasi-yayinlari","10":"pa_yazar-cihan-demirci","12":"first","13":"instock","14":"sale","15":"shipping-taxable","16":"purchasable","17":"product-type-simple"},"_links":{"self":[{"href":"https:\/\/roveyayinevi.com.tr\/index.php\/wp-json\/wp\/v2\/product\/745648","targetHints":{"allow":["GET"]}}],"collection":[{"href":"https:\/\/roveyayinevi.com.tr\/index.php\/wp-json\/wp\/v2\/product"}],"about":[{"href":"https:\/\/roveyayinevi.com.tr\/index.php\/wp-json\/wp\/v2\/types\/product"}],"wp:attachment":[{"href":"https:\/\/roveyayinevi.com.tr\/index.php\/wp-json\/wp\/v2\/media?parent=745648"}],"wp:term":[{"taxonomy":"product_brand","embeddable":true,"href":"https:\/\/roveyayinevi.com.tr\/index.php\/wp-json\/wp\/v2\/product_brand?post=745648"},{"taxonomy":"product_cat","embeddable":true,"href":"https:\/\/roveyayinevi.com.tr\/index.php\/wp-json\/wp\/v2\/product_cat?post=745648"},{"taxonomy":"product_tag","embeddable":true,"href":"https:\/\/roveyayinevi.com.tr\/index.php\/wp-json\/wp\/v2\/product_tag?post=745648"}],"curies":[{"name":"wp","href":"https:\/\/api.w.org\/{rel}","templated":true}]}}