{"id":745645,"date":"2025-08-28T02:24:44","date_gmt":"2025-08-27T23:24:44","guid":{"rendered":"https:\/\/roveyayinevi.com.tr\/index.php\/urun\/kadana\/"},"modified":"2026-04-16T02:58:18","modified_gmt":"2026-04-15T23:58:18","slug":"kadana","status":"publish","type":"product","link":"https:\/\/roveyayinevi.com.tr\/index.php\/urun\/kadana\/","title":{"rendered":"Kadana"},"content":{"rendered":"<p>Ya\u015fama dair, iz b\u0131rakan, lirik! \u00c7ocuk, anne, at motiflerinin harmanlanmas\u0131yla olu\u015fan t\u00fcm \u00f6yk\u00fclerde bu \u00fc\u00e7 ana kahraman\u0131n izlerini, kameran\u0131n t\u00fcm a\u00e7\u0131lar\u0131yla izlemek m\u00fcmk\u00fcn. Tek bir roman\u0131n ya da filmin b\u00fct\u00fcnselli\u011fi i\u00e7inde ama ayn\u0131 zamanda her biri ba\u011f\u0131ms\u0131z; \u201cyerel\u201din k\u0131y\u0131lar\u0131ndan yola \u00e7\u0131k\u0131p \u201cevrensel\u201din enginli\u011fine yol alan s\u00fcr\u00fckleyici \u00f6yk\u00fcler\u2026<\/p>\n","protected":false},"excerpt":{"rendered":"<p>Ya\u015fama dair, iz b\u0131rakan, lirik! \u00c7ocuk, anne, at motiflerinin harmanlanmas\u0131yla olu\u015fan t\u00fcm \u00f6yk\u00fclerde bu \u00fc\u00e7 ana kahraman\u0131n izlerini, kameran\u0131n t\u00fcm a\u00e7\u0131lar\u0131yla izlemek m\u00fcmk\u00fcn. Tek bir roman\u0131n<span class=\"excerpt-hellip\"> [\u2026]<\/span><\/p>\n","protected":false},"featured_media":0,"template":"","meta":{"_monsterinsights_skip_tracking":false,"_monsterinsights_sitenote_active":false,"_monsterinsights_sitenote_note":"","_monsterinsights_sitenote_category":0},"product_brand":[],"product_cat":[12291,12711],"product_tag":[],"class_list":{"0":"post-745645","1":"product","2":"type-product","3":"status-publish","5":"product_cat-edebiyat","6":"product_cat-roman-oyku","7":"pa_cilt-ciltsiz","8":"pa_tur-kitap","9":"pa_yayinevi-smirna-yayinlari","10":"pa_yazar-hasan-ozkilic","12":"first","13":"instock","14":"sale","15":"shipping-taxable","16":"purchasable","17":"product-type-simple"},"_links":{"self":[{"href":"https:\/\/roveyayinevi.com.tr\/index.php\/wp-json\/wp\/v2\/product\/745645","targetHints":{"allow":["GET"]}}],"collection":[{"href":"https:\/\/roveyayinevi.com.tr\/index.php\/wp-json\/wp\/v2\/product"}],"about":[{"href":"https:\/\/roveyayinevi.com.tr\/index.php\/wp-json\/wp\/v2\/types\/product"}],"wp:attachment":[{"href":"https:\/\/roveyayinevi.com.tr\/index.php\/wp-json\/wp\/v2\/media?parent=745645"}],"wp:term":[{"taxonomy":"product_brand","embeddable":true,"href":"https:\/\/roveyayinevi.com.tr\/index.php\/wp-json\/wp\/v2\/product_brand?post=745645"},{"taxonomy":"product_cat","embeddable":true,"href":"https:\/\/roveyayinevi.com.tr\/index.php\/wp-json\/wp\/v2\/product_cat?post=745645"},{"taxonomy":"product_tag","embeddable":true,"href":"https:\/\/roveyayinevi.com.tr\/index.php\/wp-json\/wp\/v2\/product_tag?post=745645"}],"curies":[{"name":"wp","href":"https:\/\/api.w.org\/{rel}","templated":true}]}}