{"id":745644,"date":"2025-08-28T02:24:42","date_gmt":"2025-08-27T23:24:42","guid":{"rendered":"https:\/\/roveyayinevi.com.tr\/index.php\/urun\/duskapan-ve-hayat-agaci-kok\/"},"modified":"2026-04-13T03:04:09","modified_gmt":"2026-04-13T00:04:09","slug":"duskapan-ve-hayat-agaci-kok","status":"publish","type":"product","link":"https:\/\/roveyayinevi.com.tr\/index.php\/urun\/duskapan-ve-hayat-agaci-kok\/","title":{"rendered":"D\u00fc\u015fkapan Ve Hayat A\u011fac\u0131-K\u00f6k"},"content":{"rendered":"<p>K\u00fc\u00e7\u00fck \u00c7am Kozala\u011f\u0131, Mavi Bilye ve \u00dc\u00e7 D\u00fcnya\u2019n\u0131n kahramanlar\u0131n\u0131 bir araya getiren K\u00d6K; oku-yucusunu \u00fctopik, distopik ve masals\u0131 bir yolculu\u011fa \u00e7\u0131kar\u0131yor.Bir K\u00f6k Ara\u015ft\u0131rmac\u0131s\u0131 olan Lila, D\u00fc\u015fkapan\u2019\u0131n rehberli\u011finde kadim zamanlar\u0131n hayat bilgisini gelecekteki bir zaman\u0131n hayal bilgisine aktar\u0131yor. \u201cRuhun benimle. Haz\u0131rsan \u00e7\u0131kal\u0131m bu hik\u00e2ye-den. Ger\u00e7ekten daha ger\u00e7ek ba\u015fka bir kap\u0131dan ge\u00e7ip dilersen cad\u0131, dilersen bir Tengri Deveci\u011fi ya da g\u00fcl bah\u00e7esi olaca\u011f\u0131n bir masal\u0131n i\u00e7ine girelim birlikte.Her \u015feyin ba\u015flad\u0131\u011f\u0131 zamanlara varal\u0131m.\u0130ster anlat\u0131c\u0131s\u0131 ol bu masal\u0131n, ister kahraman\u0131, ister zaman\u0131, ister mek\u00e2n\u0131. \u00d6l\u00fcms\u00fcz an\u0131lar\u0131 hat\u0131rlamak i\u00e7in \u00f6nce kim oldu\u011funu unutman gerekiyor. Kim olmad\u0131\u011f\u0131n\u0131 bulmakla ba\u015flayal\u0131m.\u201d<\/p>\n","protected":false},"excerpt":{"rendered":"<p>K\u00fc\u00e7\u00fck \u00c7am Kozala\u011f\u0131, Mavi Bilye ve \u00dc\u00e7 D\u00fcnya\u2019n\u0131n kahramanlar\u0131n\u0131 bir araya getiren K\u00d6K; oku-yucusunu \u00fctopik, distopik ve masals\u0131 bir yolculu\u011fa \u00e7\u0131kar\u0131yor.Bir K\u00f6k Ara\u015ft\u0131rmac\u0131s\u0131 olan Lila, D\u00fc\u015fkapan\u2019\u0131n<span class=\"excerpt-hellip\"> [\u2026]<\/span><\/p>\n","protected":false},"featured_media":0,"template":"","meta":{"_monsterinsights_skip_tracking":false,"_monsterinsights_sitenote_active":false,"_monsterinsights_sitenote_note":"","_monsterinsights_sitenote_category":0},"product_brand":[],"product_cat":[12291,12711],"product_tag":[],"class_list":{"0":"post-745644","1":"product","2":"type-product","3":"status-publish","5":"product_cat-edebiyat","6":"product_cat-roman-oyku","7":"pa_cilt-ciltsiz","8":"pa_tur-kitap","9":"pa_yayinevi-smirna-yayinlari","10":"pa_yazar-feyza-akbulut-oner","12":"first","13":"instock","14":"sale","15":"shipping-taxable","16":"purchasable","17":"product-type-simple"},"_links":{"self":[{"href":"https:\/\/roveyayinevi.com.tr\/index.php\/wp-json\/wp\/v2\/product\/745644","targetHints":{"allow":["GET"]}}],"collection":[{"href":"https:\/\/roveyayinevi.com.tr\/index.php\/wp-json\/wp\/v2\/product"}],"about":[{"href":"https:\/\/roveyayinevi.com.tr\/index.php\/wp-json\/wp\/v2\/types\/product"}],"wp:attachment":[{"href":"https:\/\/roveyayinevi.com.tr\/index.php\/wp-json\/wp\/v2\/media?parent=745644"}],"wp:term":[{"taxonomy":"product_brand","embeddable":true,"href":"https:\/\/roveyayinevi.com.tr\/index.php\/wp-json\/wp\/v2\/product_brand?post=745644"},{"taxonomy":"product_cat","embeddable":true,"href":"https:\/\/roveyayinevi.com.tr\/index.php\/wp-json\/wp\/v2\/product_cat?post=745644"},{"taxonomy":"product_tag","embeddable":true,"href":"https:\/\/roveyayinevi.com.tr\/index.php\/wp-json\/wp\/v2\/product_tag?post=745644"}],"curies":[{"name":"wp","href":"https:\/\/api.w.org\/{rel}","templated":true}]}}