{"id":745641,"date":"2025-08-28T02:24:37","date_gmt":"2025-08-27T23:24:37","guid":{"rendered":"https:\/\/roveyayinevi.com.tr\/index.php\/urun\/ben-sizin-bildiginiz-testlerden-degilim\/"},"modified":"2026-04-16T02:58:18","modified_gmt":"2026-04-15T23:58:18","slug":"ben-sizin-bildiginiz-testlerden-degilim","status":"publish","type":"product","link":"https:\/\/roveyayinevi.com.tr\/index.php\/urun\/ben-sizin-bildiginiz-testlerden-degilim\/","title":{"rendered":"Ben Sizin Bildi\u011finiz Testlerden De\u011filim"},"content":{"rendered":"<p>Eskiden bir soru sorulurdu, do\u011fru yan\u0131t\u0131 ya bilirdin ya bilemezdin, e\u011fer bilemediysen gider do\u011frusunu \u00f6\u011frenirdin. Sonra ad\u0131na test denen bir y\u00f6ntem geli\u015ftirdiler, i\u00e7inde do\u011fru yan\u0131t\u0131n oldu\u011fu se\u00e7enekler sundular. O zaman \u015f\u00f6yle bir durum \u00e7\u0131kt\u0131 ortaya; ya zaten biliyorsundur hemen yan\u0131t\u0131 verirsin ya \u015f\u0131klar aras\u0131nda mant\u0131k y\u00fcr\u00fcterek eleme yoluyla do\u011fruyu bulmaya \u00e7al\u0131\u015f\u0131rs\u0131n ya da hi\u00e7 bilmiyorsundur rastgele bir se\u00e7ene\u011fi i\u015faretlersin \u015fans\u0131n iyiyse bilmi\u015f kabul edilirsin.Peki sizce ger\u00e7ekten sa\u011fl\u0131kl\u0131 bir y\u00f6ntem mi bu?Elbette konunun uzmanlar\u0131n\u0131n tart\u0131\u015fmas\u0131 gereken bir konu.<\/p>\n","protected":false},"excerpt":{"rendered":"<p>Eskiden bir soru sorulurdu, do\u011fru yan\u0131t\u0131 ya bilirdin ya bilemezdin, e\u011fer bilemediysen gider do\u011frusunu \u00f6\u011frenirdin. Sonra ad\u0131na test denen bir y\u00f6ntem geli\u015ftirdiler, i\u00e7inde do\u011fru yan\u0131t\u0131n oldu\u011fu<span class=\"excerpt-hellip\"> [\u2026]<\/span><\/p>\n","protected":false},"featured_media":0,"template":"","meta":{"_monsterinsights_skip_tracking":false,"_monsterinsights_sitenote_active":false,"_monsterinsights_sitenote_note":"","_monsterinsights_sitenote_category":0},"product_brand":[],"product_cat":[12291,15117],"product_tag":[],"class_list":{"0":"post-745641","1":"product","2":"type-product","3":"status-publish","5":"product_cat-edebiyat","6":"product_cat-genclik-edebiyati","7":"pa_cilt-ciltsiz","8":"pa_tur-kitap","9":"pa_yayinevi-smirna-yayinlari","10":"pa_yazar-atay-sozer","12":"first","13":"instock","14":"sale","15":"shipping-taxable","16":"purchasable","17":"product-type-simple"},"_links":{"self":[{"href":"https:\/\/roveyayinevi.com.tr\/index.php\/wp-json\/wp\/v2\/product\/745641","targetHints":{"allow":["GET"]}}],"collection":[{"href":"https:\/\/roveyayinevi.com.tr\/index.php\/wp-json\/wp\/v2\/product"}],"about":[{"href":"https:\/\/roveyayinevi.com.tr\/index.php\/wp-json\/wp\/v2\/types\/product"}],"wp:attachment":[{"href":"https:\/\/roveyayinevi.com.tr\/index.php\/wp-json\/wp\/v2\/media?parent=745641"}],"wp:term":[{"taxonomy":"product_brand","embeddable":true,"href":"https:\/\/roveyayinevi.com.tr\/index.php\/wp-json\/wp\/v2\/product_brand?post=745641"},{"taxonomy":"product_cat","embeddable":true,"href":"https:\/\/roveyayinevi.com.tr\/index.php\/wp-json\/wp\/v2\/product_cat?post=745641"},{"taxonomy":"product_tag","embeddable":true,"href":"https:\/\/roveyayinevi.com.tr\/index.php\/wp-json\/wp\/v2\/product_tag?post=745641"}],"curies":[{"name":"wp","href":"https:\/\/api.w.org\/{rel}","templated":true}]}}