{"id":745631,"date":"2025-08-28T02:24:23","date_gmt":"2025-08-27T23:24:23","guid":{"rendered":"https:\/\/roveyayinevi.com.tr\/index.php\/urun\/ciroz-ile-horoz\/"},"modified":"2026-01-23T03:09:14","modified_gmt":"2026-01-23T00:09:14","slug":"ciroz-ile-horoz","status":"publish","type":"product","link":"https:\/\/roveyayinevi.com.tr\/index.php\/urun\/ciroz-ile-horoz\/","title":{"rendered":"\u00c7iroz \u0130le Horoz"},"content":{"rendered":"<p>\u00c7iroz, yaramaz bir gen\u00e7 ser\u00e7e. Kanad\u0131 yaral\u0131 ve sarg\u0131lar i\u00e7inde. Bu y\u00fczden, g\u00fcnlerce yuvadan \u00e7\u0131kamayacak. Yeni tan\u0131\u015ft\u0131\u011f\u0131 emekli bir posta g\u00fcvercini, onun okuma yazma \u00f6\u011frenmesini sa\u011fl\u0131yor. \u00c7iroz mektuplar yazacak ve b\u00f6ylece s\u0131k\u0131lmaktan kurtulacak. G\u00fcvercin de postac\u0131l\u0131k yapacak!\u0130lk mektup yaz\u0131l\u0131yor ve k\u0131rlarda rastgele bir yere b\u0131rak\u0131l\u0131yor. Peki, ya bu mektup \u00e7ok tehli-keli birinin eline ge\u00e7erse?.. Korktuklar\u0131 ba\u015flar\u0131na geliyor. Ne olursa olsun, vazge\u00e7mek yok! \u00c7iroz ba\u015fka mektuplar yaz\u0131yor, g\u00fcvercin onlar\u0131 ba\u015fka yerlere b\u0131rak\u0131yor&#8230;Sonra olaylara Ku\u015f Tepesi\u2019ne el koymaya \u00e7al\u0131\u015fan Z\u00fclk\u00fcf Bey kar\u0131\u015f\u0131yor. Sonra iki \u00e7ocuk. Sonra b\u00fct\u00fcn kasaba halk\u0131&#8230;Ha, bak\u0131n unuttuk&#8230; Horoz kim?(Tan\u0131t\u0131m B\u00fclteninden)<\/p>\n","protected":false},"excerpt":{"rendered":"<p>\u00c7iroz, yaramaz bir gen\u00e7 ser\u00e7e. Kanad\u0131 yaral\u0131 ve sarg\u0131lar i\u00e7inde. Bu y\u00fczden, g\u00fcnlerce yuvadan \u00e7\u0131kamayacak. Yeni tan\u0131\u015ft\u0131\u011f\u0131 emekli bir posta g\u00fcvercini, onun okuma yazma \u00f6\u011frenmesini sa\u011fl\u0131yor.<span class=\"excerpt-hellip\"> [\u2026]<\/span><\/p>\n","protected":false},"featured_media":0,"template":"","meta":{"_monsterinsights_skip_tracking":false,"_monsterinsights_sitenote_active":false,"_monsterinsights_sitenote_note":"","_monsterinsights_sitenote_category":0},"product_brand":[],"product_cat":[12274,12284],"product_tag":[],"class_list":{"0":"post-745631","1":"product","2":"type-product","3":"status-publish","5":"product_cat-cocuk-ve-genclik-kitaplari","6":"product_cat-hikayeler","7":"pa_cilt-ciltsiz","8":"pa_tur-kitap","9":"pa_yayinevi-parmak-cocuk-yayinlari","10":"pa_yazar-aydin-balci","12":"first","13":"instock","14":"sale","15":"shipping-taxable","16":"purchasable","17":"product-type-simple"},"_links":{"self":[{"href":"https:\/\/roveyayinevi.com.tr\/index.php\/wp-json\/wp\/v2\/product\/745631","targetHints":{"allow":["GET"]}}],"collection":[{"href":"https:\/\/roveyayinevi.com.tr\/index.php\/wp-json\/wp\/v2\/product"}],"about":[{"href":"https:\/\/roveyayinevi.com.tr\/index.php\/wp-json\/wp\/v2\/types\/product"}],"wp:attachment":[{"href":"https:\/\/roveyayinevi.com.tr\/index.php\/wp-json\/wp\/v2\/media?parent=745631"}],"wp:term":[{"taxonomy":"product_brand","embeddable":true,"href":"https:\/\/roveyayinevi.com.tr\/index.php\/wp-json\/wp\/v2\/product_brand?post=745631"},{"taxonomy":"product_cat","embeddable":true,"href":"https:\/\/roveyayinevi.com.tr\/index.php\/wp-json\/wp\/v2\/product_cat?post=745631"},{"taxonomy":"product_tag","embeddable":true,"href":"https:\/\/roveyayinevi.com.tr\/index.php\/wp-json\/wp\/v2\/product_tag?post=745631"}],"curies":[{"name":"wp","href":"https:\/\/api.w.org\/{rel}","templated":true}]}}