{"id":745627,"date":"2025-08-28T02:24:11","date_gmt":"2025-08-27T23:24:11","guid":{"rendered":"https:\/\/roveyayinevi.com.tr\/index.php\/urun\/can-sikmaz-bey1-bombili-kofte\/"},"modified":"2026-04-12T03:01:31","modified_gmt":"2026-04-12T00:01:31","slug":"can-sikmaz-bey1-bombili-kofte","status":"publish","type":"product","link":"https:\/\/roveyayinevi.com.tr\/index.php\/urun\/can-sikmaz-bey1-bombili-kofte\/","title":{"rendered":"Can S\u0131kmaz Bey:1 Bombili K\u00f6fte"},"content":{"rendered":"<p>Evimizden ayr\u0131l\u0131p ba\u015fka bir evde kalacak olmak, hele zorunluysak pek de ho\u015fumuza gitmez. Tuna ve Bade de anneanlererinin yan\u0131nda bir hafta kalmalar\u0131 gerekti\u011fini \u00f6\u011frendiklerinde \u00fcz\u00fcld\u00fcler. Anneannelerini sert ve s\u0131k\u0131c\u0131, onun ya\u015fad\u0131\u011f\u0131 evi ve kasabay\u0131 ise bunalt\u0131c\u0131 ve renksiz buluyorlard\u0131. Televizyonda hava durumu program\u0131n\u0131 sunan Can S\u0131kmaz Bey\u2019in ekrandan onlarla konu\u015fmaya ba\u015flamas\u0131 ve \u00f6nerileri \u00e7ocuklar\u0131n t\u00fcm s\u0131k\u0131nt\u0131lar\u0131n\u0131 bir anda yok etmeye yetti. Bu kitap ihtiyac\u0131n\u0131z olan fikirleri i\u00e7inde sakl\u0131yor.(Tan\u0131t\u0131m B\u00fclteninden)<\/p>\n","protected":false},"excerpt":{"rendered":"<p>Evimizden ayr\u0131l\u0131p ba\u015fka bir evde kalacak olmak, hele zorunluysak pek de ho\u015fumuza gitmez. Tuna ve Bade de anneanlererinin yan\u0131nda bir hafta kalmalar\u0131 gerekti\u011fini \u00f6\u011frendiklerinde \u00fcz\u00fcld\u00fcler. Anneannelerini<span class=\"excerpt-hellip\"> [\u2026]<\/span><\/p>\n","protected":false},"featured_media":0,"template":"","meta":{"_monsterinsights_skip_tracking":false,"_monsterinsights_sitenote_active":false,"_monsterinsights_sitenote_note":"","_monsterinsights_sitenote_category":0},"product_brand":[],"product_cat":[12275,12274],"product_tag":[],"class_list":{"0":"post-745627","1":"product","2":"type-product","3":"status-publish","5":"product_cat-6-12-yas-kitaplari","6":"product_cat-cocuk-ve-genclik-kitaplari","7":"pa_cilt-ciltsiz","8":"pa_tur-kitap","9":"pa_yayinevi-parmak-cocuk-yayinlari","10":"pa_yazar-pelin-gunes","12":"first","13":"instock","14":"sale","15":"shipping-taxable","16":"purchasable","17":"product-type-simple"},"_links":{"self":[{"href":"https:\/\/roveyayinevi.com.tr\/index.php\/wp-json\/wp\/v2\/product\/745627","targetHints":{"allow":["GET"]}}],"collection":[{"href":"https:\/\/roveyayinevi.com.tr\/index.php\/wp-json\/wp\/v2\/product"}],"about":[{"href":"https:\/\/roveyayinevi.com.tr\/index.php\/wp-json\/wp\/v2\/types\/product"}],"wp:attachment":[{"href":"https:\/\/roveyayinevi.com.tr\/index.php\/wp-json\/wp\/v2\/media?parent=745627"}],"wp:term":[{"taxonomy":"product_brand","embeddable":true,"href":"https:\/\/roveyayinevi.com.tr\/index.php\/wp-json\/wp\/v2\/product_brand?post=745627"},{"taxonomy":"product_cat","embeddable":true,"href":"https:\/\/roveyayinevi.com.tr\/index.php\/wp-json\/wp\/v2\/product_cat?post=745627"},{"taxonomy":"product_tag","embeddable":true,"href":"https:\/\/roveyayinevi.com.tr\/index.php\/wp-json\/wp\/v2\/product_tag?post=745627"}],"curies":[{"name":"wp","href":"https:\/\/api.w.org\/{rel}","templated":true}]}}