{"id":745621,"date":"2025-08-28T02:24:02","date_gmt":"2025-08-27T23:24:02","guid":{"rendered":"https:\/\/roveyayinevi.com.tr\/index.php\/urun\/cuceler-koyu\/"},"modified":"2026-04-16T02:58:18","modified_gmt":"2026-04-15T23:58:18","slug":"cuceler-koyu","status":"publish","type":"product","link":"https:\/\/roveyayinevi.com.tr\/index.php\/urun\/cuceler-koyu\/","title":{"rendered":"C\u00fcceler K\u00f6y\u00fc"},"content":{"rendered":"<p>Kahramanlar\u0131; zeytin tanesinden c\u00fccelere, \u00e7\u0131lg\u0131n bir kediden \u00e7ok de\u011fi\u015fik hayvanlara, bitkilere kadar geni\u015f bir yelpazeye yay\u0131lm\u0131\u015f bu \u00f6yk\u00fclerin konular\u0131 farkl\u0131 gibi g\u00f6r\u00fcnse de temalar\u0131 \u00e7ok benzer&#8230;(Tan\u0131t\u0131m B\u00fclteninden)<\/p>\n","protected":false},"excerpt":{"rendered":"<p>Kahramanlar\u0131; zeytin tanesinden c\u00fccelere, \u00e7\u0131lg\u0131n bir kediden \u00e7ok de\u011fi\u015fik hayvanlara, bitkilere kadar geni\u015f bir yelpazeye yay\u0131lm\u0131\u015f bu \u00f6yk\u00fclerin konular\u0131 farkl\u0131 gibi g\u00f6r\u00fcnse de temalar\u0131 \u00e7ok benzer&#8230;(Tan\u0131t\u0131m<span class=\"excerpt-hellip\"> [\u2026]<\/span><\/p>\n","protected":false},"featured_media":0,"template":"","meta":{"_monsterinsights_skip_tracking":false,"_monsterinsights_sitenote_active":false,"_monsterinsights_sitenote_note":"","_monsterinsights_sitenote_category":0},"product_brand":[],"product_cat":[12274,12284],"product_tag":[],"class_list":{"0":"post-745621","1":"product","2":"type-product","3":"status-publish","5":"product_cat-cocuk-ve-genclik-kitaplari","6":"product_cat-hikayeler","7":"pa_cilt-ciltsiz","8":"pa_tur-kitap","9":"pa_yayinevi-parmak-cocuk-yayinlari","10":"pa_yazar-ozgur-toprak-eryarar","12":"first","13":"instock","14":"sale","15":"shipping-taxable","16":"purchasable","17":"product-type-simple"},"_links":{"self":[{"href":"https:\/\/roveyayinevi.com.tr\/index.php\/wp-json\/wp\/v2\/product\/745621","targetHints":{"allow":["GET"]}}],"collection":[{"href":"https:\/\/roveyayinevi.com.tr\/index.php\/wp-json\/wp\/v2\/product"}],"about":[{"href":"https:\/\/roveyayinevi.com.tr\/index.php\/wp-json\/wp\/v2\/types\/product"}],"wp:attachment":[{"href":"https:\/\/roveyayinevi.com.tr\/index.php\/wp-json\/wp\/v2\/media?parent=745621"}],"wp:term":[{"taxonomy":"product_brand","embeddable":true,"href":"https:\/\/roveyayinevi.com.tr\/index.php\/wp-json\/wp\/v2\/product_brand?post=745621"},{"taxonomy":"product_cat","embeddable":true,"href":"https:\/\/roveyayinevi.com.tr\/index.php\/wp-json\/wp\/v2\/product_cat?post=745621"},{"taxonomy":"product_tag","embeddable":true,"href":"https:\/\/roveyayinevi.com.tr\/index.php\/wp-json\/wp\/v2\/product_tag?post=745621"}],"curies":[{"name":"wp","href":"https:\/\/api.w.org\/{rel}","templated":true}]}}