{"id":745619,"date":"2025-08-28T02:23:59","date_gmt":"2025-08-27T23:23:59","guid":{"rendered":"https:\/\/roveyayinevi.com.tr\/index.php\/urun\/cocukluk-hic-bitmese\/"},"modified":"2026-04-16T02:58:18","modified_gmt":"2026-04-15T23:58:18","slug":"cocukluk-hic-bitmese","status":"publish","type":"product","link":"https:\/\/roveyayinevi.com.tr\/index.php\/urun\/cocukluk-hic-bitmese\/","title":{"rendered":"\u00c7ocukluk Hi\u00e7 Bitmese"},"content":{"rendered":"<p>Yazmaya \u015fiirle ba\u015flayan, daha \u00f6nce de \u00e7ocuk \u015fiirleri kitaplar\u0131 yay\u0131nlayan mizah ustas\u0131 Cihan Demirci, \u201c\u00c7ocukluk Hi\u00e7 Bitmese\u201d adl\u0131 bu kitapta \u00e7ocuklar i\u00e7in \u00f6zel olarak yaz\u0131lm\u0131\u015f; e\u011flenceli, esprili, ne\u015feli, birbirinden \u00e7ocuksu \u015fiirlerle kar\u015f\u0131n\u0131zda. \u0130nce bir mizahla \u00f6r\u00fcl\u00fc bu g\u00fcncel \u015fiirleri okuduk\u00e7a ve arkada\u015flar\u0131n\u0131zla payla\u015ft\u0131k\u00e7a daha da \u00e7ok seveceksiniz.(Tan\u0131t\u0131m B\u00fclteninden)<\/p>\n","protected":false},"excerpt":{"rendered":"<p>Yazmaya \u015fiirle ba\u015flayan, daha \u00f6nce de \u00e7ocuk \u015fiirleri kitaplar\u0131 yay\u0131nlayan mizah ustas\u0131 Cihan Demirci, \u201c\u00c7ocukluk Hi\u00e7 Bitmese\u201d adl\u0131 bu kitapta \u00e7ocuklar i\u00e7in \u00f6zel olarak yaz\u0131lm\u0131\u015f; e\u011flenceli,<span class=\"excerpt-hellip\"> [\u2026]<\/span><\/p>\n","protected":false},"featured_media":0,"template":"","meta":{"_monsterinsights_skip_tracking":false,"_monsterinsights_sitenote_active":false,"_monsterinsights_sitenote_note":"","_monsterinsights_sitenote_category":0},"product_brand":[],"product_cat":[12274,12284],"product_tag":[],"class_list":{"0":"post-745619","1":"product","2":"type-product","3":"status-publish","5":"product_cat-cocuk-ve-genclik-kitaplari","6":"product_cat-hikayeler","7":"pa_cilt-ciltsiz","8":"pa_tur-kitap","9":"pa_yayinevi-parmak-cocuk-yayinlari","10":"pa_yazar-cihan-demirci","12":"first","13":"instock","14":"sale","15":"shipping-taxable","16":"purchasable","17":"product-type-simple"},"_links":{"self":[{"href":"https:\/\/roveyayinevi.com.tr\/index.php\/wp-json\/wp\/v2\/product\/745619","targetHints":{"allow":["GET"]}}],"collection":[{"href":"https:\/\/roveyayinevi.com.tr\/index.php\/wp-json\/wp\/v2\/product"}],"about":[{"href":"https:\/\/roveyayinevi.com.tr\/index.php\/wp-json\/wp\/v2\/types\/product"}],"wp:attachment":[{"href":"https:\/\/roveyayinevi.com.tr\/index.php\/wp-json\/wp\/v2\/media?parent=745619"}],"wp:term":[{"taxonomy":"product_brand","embeddable":true,"href":"https:\/\/roveyayinevi.com.tr\/index.php\/wp-json\/wp\/v2\/product_brand?post=745619"},{"taxonomy":"product_cat","embeddable":true,"href":"https:\/\/roveyayinevi.com.tr\/index.php\/wp-json\/wp\/v2\/product_cat?post=745619"},{"taxonomy":"product_tag","embeddable":true,"href":"https:\/\/roveyayinevi.com.tr\/index.php\/wp-json\/wp\/v2\/product_tag?post=745619"}],"curies":[{"name":"wp","href":"https:\/\/api.w.org\/{rel}","templated":true}]}}