{"id":745616,"date":"2025-08-28T02:23:55","date_gmt":"2025-08-27T23:23:55","guid":{"rendered":"https:\/\/roveyayinevi.com.tr\/index.php\/urun\/sulun-kizla-ayseren-suyun-cocuklari-2\/"},"modified":"2026-04-16T02:58:17","modified_gmt":"2026-04-15T23:58:17","slug":"sulun-kizla-ayseren-suyun-cocuklari-2","status":"publish","type":"product","link":"https:\/\/roveyayinevi.com.tr\/index.php\/urun\/sulun-kizla-ayseren-suyun-cocuklari-2\/","title":{"rendered":"S\u00fcl\u00fcn K\u0131z&#8217;la Ayseren &#8211; Suyun \u00c7ocuklar\u0131 2"},"content":{"rendered":"<p>Kuca\u011f\u0131nda hep bir s\u00fcl\u00fcnle dola\u015ft\u0131\u011f\u0131 i\u00e7in adadakilerin \u201cS\u00fcl\u00fcn K\u0131z\u201d dedikleri gizemli \u00e7ocuk bir gece birden ortadan kayboluyor. Ve ertesi g\u00fcn bir felaket ya\u015fan\u0131yor, ada bo\u015falt\u0131l\u0131yor. Y\u0131llar sonra oralara gelen k\u00fc\u00e7\u00fck ve merakl\u0131 bir k\u0131z aday\u0131 dola\u015f\u0131yor. \u00c7ay, iri yay\u0131n bal\u0131\u011f\u0131 ona S\u00fcl\u00fcn K\u0131z\u2019\u0131n \u00f6yk\u00fcs\u00fcn\u00fc anlat\u0131yorlar. Peki sonra? Sonras\u0131n\u0131 ancak bu kitab\u0131 okuyanlar \u00f6\u011freniyor&#8230;(Tan\u0131t\u0131m B\u00fclteninden)<\/p>\n","protected":false},"excerpt":{"rendered":"<p>Kuca\u011f\u0131nda hep bir s\u00fcl\u00fcnle dola\u015ft\u0131\u011f\u0131 i\u00e7in adadakilerin \u201cS\u00fcl\u00fcn K\u0131z\u201d dedikleri gizemli \u00e7ocuk bir gece birden ortadan kayboluyor. Ve ertesi g\u00fcn bir felaket ya\u015fan\u0131yor, ada bo\u015falt\u0131l\u0131yor. Y\u0131llar<span class=\"excerpt-hellip\"> [\u2026]<\/span><\/p>\n","protected":false},"featured_media":0,"template":"","meta":{"_monsterinsights_skip_tracking":false,"_monsterinsights_sitenote_active":false,"_monsterinsights_sitenote_note":"","_monsterinsights_sitenote_category":0},"product_brand":[],"product_cat":[12275,12274],"product_tag":[],"class_list":{"0":"post-745616","1":"product","2":"type-product","3":"status-publish","5":"product_cat-6-12-yas-kitaplari","6":"product_cat-cocuk-ve-genclik-kitaplari","7":"pa_cilt-ciltsiz","8":"pa_tur-kitap","9":"pa_yayinevi-parmak-cocuk-yayinlari","10":"pa_yazar-aydin-balci","12":"first","13":"instock","14":"sale","15":"shipping-taxable","16":"purchasable","17":"product-type-simple"},"_links":{"self":[{"href":"https:\/\/roveyayinevi.com.tr\/index.php\/wp-json\/wp\/v2\/product\/745616","targetHints":{"allow":["GET"]}}],"collection":[{"href":"https:\/\/roveyayinevi.com.tr\/index.php\/wp-json\/wp\/v2\/product"}],"about":[{"href":"https:\/\/roveyayinevi.com.tr\/index.php\/wp-json\/wp\/v2\/types\/product"}],"wp:attachment":[{"href":"https:\/\/roveyayinevi.com.tr\/index.php\/wp-json\/wp\/v2\/media?parent=745616"}],"wp:term":[{"taxonomy":"product_brand","embeddable":true,"href":"https:\/\/roveyayinevi.com.tr\/index.php\/wp-json\/wp\/v2\/product_brand?post=745616"},{"taxonomy":"product_cat","embeddable":true,"href":"https:\/\/roveyayinevi.com.tr\/index.php\/wp-json\/wp\/v2\/product_cat?post=745616"},{"taxonomy":"product_tag","embeddable":true,"href":"https:\/\/roveyayinevi.com.tr\/index.php\/wp-json\/wp\/v2\/product_tag?post=745616"}],"curies":[{"name":"wp","href":"https:\/\/api.w.org\/{rel}","templated":true}]}}