{"id":745614,"date":"2025-08-28T02:23:52","date_gmt":"2025-08-27T23:23:52","guid":{"rendered":"https:\/\/roveyayinevi.com.tr\/index.php\/urun\/demiradamlar\/"},"modified":"2026-04-16T02:58:17","modified_gmt":"2026-04-15T23:58:17","slug":"demiradamlar","status":"publish","type":"product","link":"https:\/\/roveyayinevi.com.tr\/index.php\/urun\/demiradamlar\/","title":{"rendered":"Demiradamlar"},"content":{"rendered":"<p>\u2022 Demiradamlar, her i\u015fi yapabiliyorlar. \u00f6yleyse bu bir masal de\u011fil, ger\u00e7ek: O \u00fclkedeki bilim insanlar\u0131, insanlar\u0131n t\u00fcm i\u015flerini g\u00f6rebilen robotlar yap\u0131yorlar. Ve onlar\u0131 &#8220;Demiradamlar&#8221; olarak adland\u0131r\u0131yorlar. O g\u00fcnden sonra insanlar\u0131n \u00e7al\u0131\u015fmalar\u0131na gerek kalm\u0131yor. Sonra ne oluyor?\u2022 Patlam\u0131\u015f Dar\u0131, sonu mutlulukla ta\u00e7lanan, h\u00fcz\u00fcnl\u00fc bir \u00f6yk\u00fc: \u0130nci, ninesinin, dedesinin yan\u0131nda ya\u015fayan on bir ya\u015f\u0131nda bir k\u0131z. Annesi babas\u0131 Almanya&#8217;da ya\u015f\u0131yor. Ve bir g\u00fcn Inci de Almanya&#8217;ya gidiyor. Orada neler oluyor?\u2022 Dedemin dedesi, o a\u011fac\u0131 dedem do\u011fdu\u011fu g\u00fcn dikmi\u015f. Ad\u0131n\u0131 da &#8220;Dedea\u011fa\u00e7&#8221; koymu\u015f. Dedem b\u00fcy\u00fcd\u00fck\u00e7e, dede torun birlikte gitmi\u015fler Dedea\u011fa\u00e7&#8217;\u0131n yan\u0131na. Babam do\u011fmu\u015f sonra. Bu insanlar\u0131n hepsi de Dedea\u011fa\u00e7&#8217;la konu\u015fabiliyorlarm\u0131\u015f. Bir a\u011fa\u00e7la nas\u0131l konu\u015fulur? Nas\u0131l bir dildir bu? T\u00fcm bu sorular\u0131n yan\u0131t\u0131 kitab\u0131n i\u00e7inde!\u00d6yleyse bu kitab\u0131 okumak gerek.(Tan\u0131t\u0131m B\u00fclteninden)<\/p>\n","protected":false},"excerpt":{"rendered":"<p>\u2022 Demiradamlar, her i\u015fi yapabiliyorlar. \u00f6yleyse bu bir masal de\u011fil, ger\u00e7ek: O \u00fclkedeki bilim insanlar\u0131, insanlar\u0131n t\u00fcm i\u015flerini g\u00f6rebilen robotlar yap\u0131yorlar. Ve onlar\u0131 &#8220;Demiradamlar&#8221; olarak adland\u0131r\u0131yorlar.<span class=\"excerpt-hellip\"> [\u2026]<\/span><\/p>\n","protected":false},"featured_media":0,"template":"","meta":{"_monsterinsights_skip_tracking":false,"_monsterinsights_sitenote_active":false,"_monsterinsights_sitenote_note":"","_monsterinsights_sitenote_category":0},"product_brand":[],"product_cat":[12275,12274],"product_tag":[],"class_list":{"0":"post-745614","1":"product","2":"type-product","3":"status-publish","5":"product_cat-6-12-yas-kitaplari","6":"product_cat-cocuk-ve-genclik-kitaplari","7":"pa_cilt-ciltsiz","8":"pa_tur-kitap","9":"pa_yayinevi-parmak-cocuk-yayinlari","10":"pa_yazar-habib-bektas","12":"first","13":"instock","14":"sale","15":"shipping-taxable","16":"purchasable","17":"product-type-simple"},"_links":{"self":[{"href":"https:\/\/roveyayinevi.com.tr\/index.php\/wp-json\/wp\/v2\/product\/745614","targetHints":{"allow":["GET"]}}],"collection":[{"href":"https:\/\/roveyayinevi.com.tr\/index.php\/wp-json\/wp\/v2\/product"}],"about":[{"href":"https:\/\/roveyayinevi.com.tr\/index.php\/wp-json\/wp\/v2\/types\/product"}],"wp:attachment":[{"href":"https:\/\/roveyayinevi.com.tr\/index.php\/wp-json\/wp\/v2\/media?parent=745614"}],"wp:term":[{"taxonomy":"product_brand","embeddable":true,"href":"https:\/\/roveyayinevi.com.tr\/index.php\/wp-json\/wp\/v2\/product_brand?post=745614"},{"taxonomy":"product_cat","embeddable":true,"href":"https:\/\/roveyayinevi.com.tr\/index.php\/wp-json\/wp\/v2\/product_cat?post=745614"},{"taxonomy":"product_tag","embeddable":true,"href":"https:\/\/roveyayinevi.com.tr\/index.php\/wp-json\/wp\/v2\/product_tag?post=745614"}],"curies":[{"name":"wp","href":"https:\/\/api.w.org\/{rel}","templated":true}]}}