{"id":745613,"date":"2025-08-28T02:23:51","date_gmt":"2025-08-27T23:23:51","guid":{"rendered":"https:\/\/roveyayinevi.com.tr\/index.php\/urun\/cicekoglan\/"},"modified":"2026-04-16T02:58:17","modified_gmt":"2026-04-15T23:58:17","slug":"cicekoglan","status":"publish","type":"product","link":"https:\/\/roveyayinevi.com.tr\/index.php\/urun\/cicekoglan\/","title":{"rendered":"\u00c7i\u00e7eko\u011flan"},"content":{"rendered":"<p>G\u00fclmeleri unutmu\u015f, yeniden g\u00fclebilmek umuduyla g\u00fcl\u00fc\u015f sat\u0131n almak i\u00e7in yollara d\u00fc\u015fen bir \u00f6\u011fretmen&#8230;Kocamaktan korkan, hep gen\u00e7 kal\u0131p \u00f6l\u00fcms\u00fczl\u00fc\u011f\u00fc ele ge\u00e7irmek isteyen bir padi\u015fah&#8230;\u0130yi ki d\u00fc\u015flerimiz var! Yoksa hayat \u00e7ekilmez olurdu. \u0130yi ama d\u00fc\u015flerimiz nereden geliyor?Kim getiriyor onlar\u0131? Bunu D\u00fc\u015fda\u011flar adl\u0131 \u00f6yk\u00fcy\u00fc okamadan bilemeyiz ki!Sadece \u00e7ocuklar i\u00e7in de\u011fil; yediden yetmi\u015fe herkesin okuyabilece\u011fi bir kitap.(Tan\u0131t\u0131m B\u00fclteninden)<\/p>\n","protected":false},"excerpt":{"rendered":"<p>G\u00fclmeleri unutmu\u015f, yeniden g\u00fclebilmek umuduyla g\u00fcl\u00fc\u015f sat\u0131n almak i\u00e7in yollara d\u00fc\u015fen bir \u00f6\u011fretmen&#8230;Kocamaktan korkan, hep gen\u00e7 kal\u0131p \u00f6l\u00fcms\u00fczl\u00fc\u011f\u00fc ele ge\u00e7irmek isteyen bir padi\u015fah&#8230;\u0130yi ki d\u00fc\u015flerimiz var!<span class=\"excerpt-hellip\"> [\u2026]<\/span><\/p>\n","protected":false},"featured_media":0,"template":"","meta":{"_monsterinsights_skip_tracking":false,"_monsterinsights_sitenote_active":false,"_monsterinsights_sitenote_note":"","_monsterinsights_sitenote_category":0},"product_brand":[],"product_cat":[12275,12274],"product_tag":[],"class_list":{"0":"post-745613","1":"product","2":"type-product","3":"status-publish","5":"product_cat-6-12-yas-kitaplari","6":"product_cat-cocuk-ve-genclik-kitaplari","7":"pa_cilt-ciltsiz","8":"pa_tur-kitap","9":"pa_yayinevi-parmak-cocuk-yayinlari","10":"pa_yazar-habib-bektas","12":"first","13":"instock","14":"sale","15":"shipping-taxable","16":"purchasable","17":"product-type-simple"},"_links":{"self":[{"href":"https:\/\/roveyayinevi.com.tr\/index.php\/wp-json\/wp\/v2\/product\/745613","targetHints":{"allow":["GET"]}}],"collection":[{"href":"https:\/\/roveyayinevi.com.tr\/index.php\/wp-json\/wp\/v2\/product"}],"about":[{"href":"https:\/\/roveyayinevi.com.tr\/index.php\/wp-json\/wp\/v2\/types\/product"}],"wp:attachment":[{"href":"https:\/\/roveyayinevi.com.tr\/index.php\/wp-json\/wp\/v2\/media?parent=745613"}],"wp:term":[{"taxonomy":"product_brand","embeddable":true,"href":"https:\/\/roveyayinevi.com.tr\/index.php\/wp-json\/wp\/v2\/product_brand?post=745613"},{"taxonomy":"product_cat","embeddable":true,"href":"https:\/\/roveyayinevi.com.tr\/index.php\/wp-json\/wp\/v2\/product_cat?post=745613"},{"taxonomy":"product_tag","embeddable":true,"href":"https:\/\/roveyayinevi.com.tr\/index.php\/wp-json\/wp\/v2\/product_tag?post=745613"}],"curies":[{"name":"wp","href":"https:\/\/api.w.org\/{rel}","templated":true}]}}