{"id":745607,"date":"2025-08-28T02:23:43","date_gmt":"2025-08-27T23:23:43","guid":{"rendered":"https:\/\/roveyayinevi.com.tr\/index.php\/urun\/cesaret-kuyrugu-yoklar-ailesi-ucmayi-nasil-ogrendi\/"},"modified":"2026-04-16T02:58:17","modified_gmt":"2026-04-15T23:58:17","slug":"cesaret-kuyrugu-yoklar-ailesi-ucmayi-nasil-ogrendi","status":"publish","type":"product","link":"https:\/\/roveyayinevi.com.tr\/index.php\/urun\/cesaret-kuyrugu-yoklar-ailesi-ucmayi-nasil-ogrendi\/","title":{"rendered":"Cesaret &#8211; Kuyru\u011fu Yoklar Ailesi U\u00e7may\u0131 Nas\u0131l \u00d6\u011frendi?"},"content":{"rendered":"<p>\u201cKuyru\u011fu Yoklar Ailesi U\u00e7may\u0131 Nas\u0131l \u00d6\u011frendi?\u201d, yarat\u0131c\u0131 bir \u00f6zg\u00fcrl\u00fck hik\u00e2yesidir. G\u00fc\u00e7l\u00fcn\u00fcn kar\u015f\u0131s\u0131nda cesaretle do\u011fru olan\u0131 yapmay\u0131 konu almaktad\u0131r. \u0130nsani bir de\u011fer olan cesaret akl\u0131n \u00f6n\u00fcne ge\u00e7erse tehlikeli olabilir. Bu y\u00fczden ger\u00e7ek\u00e7i ve ak\u0131lc\u0131 bir \u015fekilde g\u00f6sterilen cesaret azimle birle\u015ferek insan\u0131 ba\u015far\u0131ya g\u00f6t\u00fcr\u00fcr. Bakal\u0131m Alt\u0131ng\u00f6z\u2019\u00fcn cesareti ba\u015far\u0131ya ula\u015fabilmi\u015f mi?(Tan\u0131t\u0131m B\u00fclteninden)<\/p>\n","protected":false},"excerpt":{"rendered":"<p>\u201cKuyru\u011fu Yoklar Ailesi U\u00e7may\u0131 Nas\u0131l \u00d6\u011frendi?\u201d, yarat\u0131c\u0131 bir \u00f6zg\u00fcrl\u00fck hik\u00e2yesidir. G\u00fc\u00e7l\u00fcn\u00fcn kar\u015f\u0131s\u0131nda cesaretle do\u011fru olan\u0131 yapmay\u0131 konu almaktad\u0131r. \u0130nsani bir de\u011fer olan cesaret akl\u0131n \u00f6n\u00fcne ge\u00e7erse<span class=\"excerpt-hellip\"> [\u2026]<\/span><\/p>\n","protected":false},"featured_media":0,"template":"","meta":{"_monsterinsights_skip_tracking":false,"_monsterinsights_sitenote_active":false,"_monsterinsights_sitenote_note":"","_monsterinsights_sitenote_category":0},"product_brand":[],"product_cat":[12274,12284],"product_tag":[],"class_list":{"0":"post-745607","1":"product","2":"type-product","3":"status-publish","5":"product_cat-cocuk-ve-genclik-kitaplari","6":"product_cat-hikayeler","7":"pa_cilt-ciltsiz","8":"pa_tur-kitap","9":"pa_yayinevi-parmak-cocuk-yayinlari","10":"pa_yazar-m-mahmut-yilmaz","12":"first","13":"instock","14":"sale","15":"shipping-taxable","16":"purchasable","17":"product-type-simple"},"_links":{"self":[{"href":"https:\/\/roveyayinevi.com.tr\/index.php\/wp-json\/wp\/v2\/product\/745607","targetHints":{"allow":["GET"]}}],"collection":[{"href":"https:\/\/roveyayinevi.com.tr\/index.php\/wp-json\/wp\/v2\/product"}],"about":[{"href":"https:\/\/roveyayinevi.com.tr\/index.php\/wp-json\/wp\/v2\/types\/product"}],"wp:attachment":[{"href":"https:\/\/roveyayinevi.com.tr\/index.php\/wp-json\/wp\/v2\/media?parent=745607"}],"wp:term":[{"taxonomy":"product_brand","embeddable":true,"href":"https:\/\/roveyayinevi.com.tr\/index.php\/wp-json\/wp\/v2\/product_brand?post=745607"},{"taxonomy":"product_cat","embeddable":true,"href":"https:\/\/roveyayinevi.com.tr\/index.php\/wp-json\/wp\/v2\/product_cat?post=745607"},{"taxonomy":"product_tag","embeddable":true,"href":"https:\/\/roveyayinevi.com.tr\/index.php\/wp-json\/wp\/v2\/product_tag?post=745607"}],"curies":[{"name":"wp","href":"https:\/\/api.w.org\/{rel}","templated":true}]}}