{"id":745606,"date":"2025-08-28T02:23:42","date_gmt":"2025-08-27T23:23:42","guid":{"rendered":"https:\/\/roveyayinevi.com.tr\/index.php\/urun\/cozum-uretme-kucuk-maymun-ve-timsah\/"},"modified":"2026-04-16T02:58:17","modified_gmt":"2026-04-15T23:58:17","slug":"cozum-uretme-kucuk-maymun-ve-timsah","status":"publish","type":"product","link":"https:\/\/roveyayinevi.com.tr\/index.php\/urun\/cozum-uretme-kucuk-maymun-ve-timsah\/","title":{"rendered":"\u00c7\u00f6z\u00fcm \u00dcretme &#8211; K\u00fc\u00e7\u00fck Maymun ve Timsah"},"content":{"rendered":"<p>\u0130nsanlar, ya\u015famlar\u0131 boyunca bir\u00e7ok problem ile kar\u015f\u0131la\u015fabilmektedir. \u00c7\u00f6z\u00fcme varmak i\u00e7in kullan\u0131lacak yol ve y\u00f6ntemlere \u201cproblem \u00e7\u00f6zme becerisi\u201d denir. Bu da en \u00f6nemli ya\u015fam becerile- rinden biridir.Bakal\u0131m bu e\u011flenceli hik\u00e2yede k\u00fc\u00e7\u00fck maymun, timsah\u0131n tehlikeli plan\u0131ndan kurtulmak i\u00e7in bir \u00e7\u00f6z\u00fcm \u00fcretebilmi\u015f mi?(Tan\u0131t\u0131m B\u00fclteninden)<\/p>\n","protected":false},"excerpt":{"rendered":"<p>\u0130nsanlar, ya\u015famlar\u0131 boyunca bir\u00e7ok problem ile kar\u015f\u0131la\u015fabilmektedir. \u00c7\u00f6z\u00fcme varmak i\u00e7in kullan\u0131lacak yol ve y\u00f6ntemlere \u201cproblem \u00e7\u00f6zme becerisi\u201d denir. Bu da en \u00f6nemli ya\u015fam becerile- rinden biridir.Bakal\u0131m<span class=\"excerpt-hellip\"> [\u2026]<\/span><\/p>\n","protected":false},"featured_media":0,"template":"","meta":{"_monsterinsights_skip_tracking":false,"_monsterinsights_sitenote_active":false,"_monsterinsights_sitenote_note":"","_monsterinsights_sitenote_category":0},"product_brand":[],"product_cat":[12274,12284],"product_tag":[],"class_list":{"0":"post-745606","1":"product","2":"type-product","3":"status-publish","5":"product_cat-cocuk-ve-genclik-kitaplari","6":"product_cat-hikayeler","7":"pa_cilt-ciltsiz","8":"pa_tur-kitap","9":"pa_yayinevi-parmak-cocuk-yayinlari","10":"pa_yazar-cihan-bahadir-gurelik-mahmut-yilmaz","12":"first","13":"instock","14":"sale","15":"shipping-taxable","16":"purchasable","17":"product-type-simple"},"_links":{"self":[{"href":"https:\/\/roveyayinevi.com.tr\/index.php\/wp-json\/wp\/v2\/product\/745606","targetHints":{"allow":["GET"]}}],"collection":[{"href":"https:\/\/roveyayinevi.com.tr\/index.php\/wp-json\/wp\/v2\/product"}],"about":[{"href":"https:\/\/roveyayinevi.com.tr\/index.php\/wp-json\/wp\/v2\/types\/product"}],"wp:attachment":[{"href":"https:\/\/roveyayinevi.com.tr\/index.php\/wp-json\/wp\/v2\/media?parent=745606"}],"wp:term":[{"taxonomy":"product_brand","embeddable":true,"href":"https:\/\/roveyayinevi.com.tr\/index.php\/wp-json\/wp\/v2\/product_brand?post=745606"},{"taxonomy":"product_cat","embeddable":true,"href":"https:\/\/roveyayinevi.com.tr\/index.php\/wp-json\/wp\/v2\/product_cat?post=745606"},{"taxonomy":"product_tag","embeddable":true,"href":"https:\/\/roveyayinevi.com.tr\/index.php\/wp-json\/wp\/v2\/product_tag?post=745606"}],"curies":[{"name":"wp","href":"https:\/\/api.w.org\/{rel}","templated":true}]}}