{"id":745605,"date":"2025-08-28T02:23:40","date_gmt":"2025-08-27T23:23:40","guid":{"rendered":"https:\/\/roveyayinevi.com.tr\/index.php\/urun\/doga-sevgisi-kuskun-gokkusagi\/"},"modified":"2026-04-16T02:58:17","modified_gmt":"2026-04-15T23:58:17","slug":"doga-sevgisi-kuskun-gokkusagi","status":"publish","type":"product","link":"https:\/\/roveyayinevi.com.tr\/index.php\/urun\/doga-sevgisi-kuskun-gokkusagi\/","title":{"rendered":"Do\u011fa Sevgisi &#8211; K\u00fcsk\u00fcn G\u00f6kku\u015fa\u011f\u0131"},"content":{"rendered":"<p>Do\u011fa sevgisi, insan\u0131n i\u00e7inde ya\u015fad\u0131\u011f\u0131 d\u00fcnyaya farkl\u0131 bir bak\u0131\u015f a\u00e7\u0131s\u0131yla bakmas\u0131n\u0131 sa\u011flayan sev- gidir. \u201cK\u00fcsk\u00fcn G\u00f6kku\u015fa\u011f\u0131\u201d, \u00e7ocuklara do\u011fa ile insan\u0131n b\u00fct\u00fcnle\u015ferek birlikte ya\u015famas\u0131n\u0131n gerekli- li\u011fini anlatan bir hik\u00e2yedir. Do\u011fan\u0131n b\u00fct\u00fcn canl\u0131lar\u0131n en b\u00fcy\u00fck yuvas\u0131 oldu\u011funu ve onu korumak zorunda oldu\u011fumuzu bir de Bozda\u011f Da\u011f\u0131\u2019ndan dinlemeye ne dersiniz?(Tan\u0131t\u0131m B\u00fclteninden)<\/p>\n","protected":false},"excerpt":{"rendered":"<p>Do\u011fa sevgisi, insan\u0131n i\u00e7inde ya\u015fad\u0131\u011f\u0131 d\u00fcnyaya farkl\u0131 bir bak\u0131\u015f a\u00e7\u0131s\u0131yla bakmas\u0131n\u0131 sa\u011flayan sev- gidir. \u201cK\u00fcsk\u00fcn G\u00f6kku\u015fa\u011f\u0131\u201d, \u00e7ocuklara do\u011fa ile insan\u0131n b\u00fct\u00fcnle\u015ferek birlikte ya\u015famas\u0131n\u0131n gerekli- li\u011fini anlatan<span class=\"excerpt-hellip\"> [\u2026]<\/span><\/p>\n","protected":false},"featured_media":0,"template":"","meta":{"_monsterinsights_skip_tracking":false,"_monsterinsights_sitenote_active":false,"_monsterinsights_sitenote_note":"","_monsterinsights_sitenote_category":0},"product_brand":[],"product_cat":[12274,12284],"product_tag":[],"class_list":{"0":"post-745605","1":"product","2":"type-product","3":"status-publish","5":"product_cat-cocuk-ve-genclik-kitaplari","6":"product_cat-hikayeler","7":"pa_cilt-ciltsiz","8":"pa_tur-kitap","9":"pa_yayinevi-parmak-cocuk-yayinlari","10":"pa_yazar-m-mahmut-yilmaz","12":"first","13":"instock","14":"sale","15":"shipping-taxable","16":"purchasable","17":"product-type-simple"},"_links":{"self":[{"href":"https:\/\/roveyayinevi.com.tr\/index.php\/wp-json\/wp\/v2\/product\/745605","targetHints":{"allow":["GET"]}}],"collection":[{"href":"https:\/\/roveyayinevi.com.tr\/index.php\/wp-json\/wp\/v2\/product"}],"about":[{"href":"https:\/\/roveyayinevi.com.tr\/index.php\/wp-json\/wp\/v2\/types\/product"}],"wp:attachment":[{"href":"https:\/\/roveyayinevi.com.tr\/index.php\/wp-json\/wp\/v2\/media?parent=745605"}],"wp:term":[{"taxonomy":"product_brand","embeddable":true,"href":"https:\/\/roveyayinevi.com.tr\/index.php\/wp-json\/wp\/v2\/product_brand?post=745605"},{"taxonomy":"product_cat","embeddable":true,"href":"https:\/\/roveyayinevi.com.tr\/index.php\/wp-json\/wp\/v2\/product_cat?post=745605"},{"taxonomy":"product_tag","embeddable":true,"href":"https:\/\/roveyayinevi.com.tr\/index.php\/wp-json\/wp\/v2\/product_tag?post=745605"}],"curies":[{"name":"wp","href":"https:\/\/api.w.org\/{rel}","templated":true}]}}