{"id":745604,"date":"2025-08-28T02:23:39","date_gmt":"2025-08-27T23:23:39","guid":{"rendered":"https:\/\/roveyayinevi.com.tr\/index.php\/urun\/duyarlilik-yagmur-kuslari-ve-minik-kizin-oykusu\/"},"modified":"2026-04-16T02:58:17","modified_gmt":"2026-04-15T23:58:17","slug":"duyarlilik-yagmur-kuslari-ve-minik-kizin-oykusu","status":"publish","type":"product","link":"https:\/\/roveyayinevi.com.tr\/index.php\/urun\/duyarlilik-yagmur-kuslari-ve-minik-kizin-oykusu\/","title":{"rendered":"Duyarl\u0131l\u0131k &#8211; Ya\u011fmur Ku\u015flar\u0131 ve Minik K\u0131z\u0131n \u00d6yk\u00fcs\u00fc"},"content":{"rendered":"<p>Duyarl\u0131l\u0131k, d\u0131\u015far\u0131dan bize etki eden duygular\u0131 alg\u0131layabilme yetene\u011fidir. Bu d\u00fcnyadaki denge- nin korunmas\u0131, t\u00fcm canl\u0131lar\u0131n ya\u015fam hakk\u0131n\u0131n korunmas\u0131 herkesin duyarl\u0131 olmas\u0131 gereken konulardan biridir. Bir gazete haberinden esinlenerek yaz\u0131lan \u201cYa\u011fmur Ku\u015flar\u0131 ve Minik K\u0131z\u0131n \u00d6yk\u00fcs\u00fc\u201d, bir ya\u011fmur ku\u015fu ailesi i\u00e7in m\u00fccadele eden minik bir k\u0131z\u0131n hik\u00e2yesidir. Sizler de \u00e7evrenizdeki ya\u011fmur ku\u015flar\u0131n\u0131n, ak\u015fam melteminde sal\u0131nan bal\u0131k\u00e7\u0131l ku\u015flar\u0131n\u0131n, su birikintisine atlayan kurba\u011fan\u0131n, m\u00fczi\u011fin, ya\u011fmur alt\u0131ndaki korkuluk i\u00e7in \u00fcz\u00fclen \u00e7ocu\u011fun, sokak kedilerinin ya\u015famdaki hik\u00e2yelerinin fark\u0131nda m\u0131s\u0131n\u0131z?(Tan\u0131t\u0131m B\u00fclteninden)<\/p>\n","protected":false},"excerpt":{"rendered":"<p>Duyarl\u0131l\u0131k, d\u0131\u015far\u0131dan bize etki eden duygular\u0131 alg\u0131layabilme yetene\u011fidir. Bu d\u00fcnyadaki denge- nin korunmas\u0131, t\u00fcm canl\u0131lar\u0131n ya\u015fam hakk\u0131n\u0131n korunmas\u0131 herkesin duyarl\u0131 olmas\u0131 gereken konulardan biridir. Bir gazete<span class=\"excerpt-hellip\"> [\u2026]<\/span><\/p>\n","protected":false},"featured_media":0,"template":"","meta":{"_monsterinsights_skip_tracking":false,"_monsterinsights_sitenote_active":false,"_monsterinsights_sitenote_note":"","_monsterinsights_sitenote_category":0},"product_brand":[],"product_cat":[12274,12284],"product_tag":[],"class_list":{"0":"post-745604","1":"product","2":"type-product","3":"status-publish","5":"product_cat-cocuk-ve-genclik-kitaplari","6":"product_cat-hikayeler","7":"pa_cilt-ciltsiz","8":"pa_tur-kitap","9":"pa_yayinevi-parmak-cocuk-yayinlari","10":"pa_yazar-cihan-bahadir-gurelik-mahmut-yilmaz","12":"first","13":"instock","14":"sale","15":"shipping-taxable","16":"purchasable","17":"product-type-simple"},"_links":{"self":[{"href":"https:\/\/roveyayinevi.com.tr\/index.php\/wp-json\/wp\/v2\/product\/745604","targetHints":{"allow":["GET"]}}],"collection":[{"href":"https:\/\/roveyayinevi.com.tr\/index.php\/wp-json\/wp\/v2\/product"}],"about":[{"href":"https:\/\/roveyayinevi.com.tr\/index.php\/wp-json\/wp\/v2\/types\/product"}],"wp:attachment":[{"href":"https:\/\/roveyayinevi.com.tr\/index.php\/wp-json\/wp\/v2\/media?parent=745604"}],"wp:term":[{"taxonomy":"product_brand","embeddable":true,"href":"https:\/\/roveyayinevi.com.tr\/index.php\/wp-json\/wp\/v2\/product_brand?post=745604"},{"taxonomy":"product_cat","embeddable":true,"href":"https:\/\/roveyayinevi.com.tr\/index.php\/wp-json\/wp\/v2\/product_cat?post=745604"},{"taxonomy":"product_tag","embeddable":true,"href":"https:\/\/roveyayinevi.com.tr\/index.php\/wp-json\/wp\/v2\/product_tag?post=745604"}],"curies":[{"name":"wp","href":"https:\/\/api.w.org\/{rel}","templated":true}]}}