{"id":745603,"date":"2025-08-28T02:23:38","date_gmt":"2025-08-27T23:23:38","guid":{"rendered":"https:\/\/roveyayinevi.com.tr\/index.php\/urun\/dostluk-dostluk-ozveri-ister\/"},"modified":"2026-04-16T02:58:17","modified_gmt":"2026-04-15T23:58:17","slug":"dostluk-dostluk-ozveri-ister","status":"publish","type":"product","link":"https:\/\/roveyayinevi.com.tr\/index.php\/urun\/dostluk-dostluk-ozveri-ister\/","title":{"rendered":"Dostluk &#8211; Dostluk \u00d6zveri \u0130ster"},"content":{"rendered":"<p>Dostluk ya da g\u00f6n\u00fclda\u015fl\u0131k, iyi anla\u015fan kimseler aras\u0131nda \u00e7ok \u00f6zel bir anlam ta\u015f\u0131yan s\u00f6zc\u00fck olarak ya\u015famdaki en \u00f6nemli, vazge\u00e7ilmez de\u011ferlerden biridir. \u0130nsan\u0131n g\u00fcvenebilece\u011fi dostlar\u0131n\u0131n olmas\u0131, \u00e7ok de\u011ferli hazinelere sahip olmak gibidir. Bu hik\u00e2ye, u\u011fur b\u00f6ce\u011fi ve kelebe\u011fin dostlu- \u011funa dair bir anlat\u0131d\u0131r. Bakal\u0131m bu dostluk hik\u00e2yesinde bize nas\u0131l bir ders var?(Tan\u0131t\u0131m B\u00fclteninden)<\/p>\n","protected":false},"excerpt":{"rendered":"<p>Dostluk ya da g\u00f6n\u00fclda\u015fl\u0131k, iyi anla\u015fan kimseler aras\u0131nda \u00e7ok \u00f6zel bir anlam ta\u015f\u0131yan s\u00f6zc\u00fck olarak ya\u015famdaki en \u00f6nemli, vazge\u00e7ilmez de\u011ferlerden biridir. \u0130nsan\u0131n g\u00fcvenebilece\u011fi dostlar\u0131n\u0131n olmas\u0131, \u00e7ok<span class=\"excerpt-hellip\"> [\u2026]<\/span><\/p>\n","protected":false},"featured_media":0,"template":"","meta":{"_monsterinsights_skip_tracking":false,"_monsterinsights_sitenote_active":false,"_monsterinsights_sitenote_note":"","_monsterinsights_sitenote_category":0},"product_brand":[],"product_cat":[12274,12284],"product_tag":[],"class_list":{"0":"post-745603","1":"product","2":"type-product","3":"status-publish","5":"product_cat-cocuk-ve-genclik-kitaplari","6":"product_cat-hikayeler","7":"pa_cilt-ciltsiz","8":"pa_tur-kitap","9":"pa_yayinevi-parmak-cocuk-yayinlari","10":"pa_yazar-cihan-bahadir-gurelik-mahmut-yilmaz","12":"first","13":"instock","14":"sale","15":"shipping-taxable","16":"purchasable","17":"product-type-simple"},"_links":{"self":[{"href":"https:\/\/roveyayinevi.com.tr\/index.php\/wp-json\/wp\/v2\/product\/745603","targetHints":{"allow":["GET"]}}],"collection":[{"href":"https:\/\/roveyayinevi.com.tr\/index.php\/wp-json\/wp\/v2\/product"}],"about":[{"href":"https:\/\/roveyayinevi.com.tr\/index.php\/wp-json\/wp\/v2\/types\/product"}],"wp:attachment":[{"href":"https:\/\/roveyayinevi.com.tr\/index.php\/wp-json\/wp\/v2\/media?parent=745603"}],"wp:term":[{"taxonomy":"product_brand","embeddable":true,"href":"https:\/\/roveyayinevi.com.tr\/index.php\/wp-json\/wp\/v2\/product_brand?post=745603"},{"taxonomy":"product_cat","embeddable":true,"href":"https:\/\/roveyayinevi.com.tr\/index.php\/wp-json\/wp\/v2\/product_cat?post=745603"},{"taxonomy":"product_tag","embeddable":true,"href":"https:\/\/roveyayinevi.com.tr\/index.php\/wp-json\/wp\/v2\/product_tag?post=745603"}],"curies":[{"name":"wp","href":"https:\/\/api.w.org\/{rel}","templated":true}]}}