{"id":745602,"date":"2025-08-28T02:23:36","date_gmt":"2025-08-27T23:23:36","guid":{"rendered":"https:\/\/roveyayinevi.com.tr\/index.php\/urun\/disiplin-kurallari-sevmeyen-cocuk\/"},"modified":"2026-04-16T02:58:17","modified_gmt":"2026-04-15T23:58:17","slug":"disiplin-kurallari-sevmeyen-cocuk","status":"publish","type":"product","link":"https:\/\/roveyayinevi.com.tr\/index.php\/urun\/disiplin-kurallari-sevmeyen-cocuk\/","title":{"rendered":"Disiplin &#8211; Kurallar\u0131 Sevmeyen \u00c7ocuk"},"content":{"rendered":"<p>Disiplin, ki\u015filerin i\u00e7inde ya\u015fad\u0131klar\u0131 toplulu\u011fun genel d\u00fc\u015f\u00fcnce ve davran\u0131\u015flar\u0131na uymalar\u0131n\u0131 sa\u011flamak amac\u0131yla al\u0131nan \u00f6nlemlerin b\u00fct\u00fcn\u00fcd\u00fcr. Disiplin; ya\u015fam\u0131n daha d\u00fczenli, g\u00fcvenli ve genel d\u00fc\u015f\u00fcncenin tam tersine daha kolay olmas\u0131n\u0131 sa\u011flar. \u201cKurallar\u0131 Sevmeyen \u00c7ocuk\u201d, kurallar\u0131n neden gerekli oldu\u011funu anlatan bir hik\u00e2yedir. G\u00fcney de kurallar\u0131 sevmeyen bir \u00e7ocuk. Bakal\u0131m kurallar\u0131n gerekli oldu\u011funu kabul edecek mi?(Tan\u0131t\u0131m B\u00fclteninden)<\/p>\n","protected":false},"excerpt":{"rendered":"<p>Disiplin, ki\u015filerin i\u00e7inde ya\u015fad\u0131klar\u0131 toplulu\u011fun genel d\u00fc\u015f\u00fcnce ve davran\u0131\u015flar\u0131na uymalar\u0131n\u0131 sa\u011flamak amac\u0131yla al\u0131nan \u00f6nlemlerin b\u00fct\u00fcn\u00fcd\u00fcr. Disiplin; ya\u015fam\u0131n daha d\u00fczenli, g\u00fcvenli ve genel d\u00fc\u015f\u00fcncenin tam tersine daha<span class=\"excerpt-hellip\"> [\u2026]<\/span><\/p>\n","protected":false},"featured_media":0,"template":"","meta":{"_monsterinsights_skip_tracking":false,"_monsterinsights_sitenote_active":false,"_monsterinsights_sitenote_note":"","_monsterinsights_sitenote_category":0},"product_brand":[],"product_cat":[12274,12284],"product_tag":[],"class_list":{"0":"post-745602","1":"product","2":"type-product","3":"status-publish","5":"product_cat-cocuk-ve-genclik-kitaplari","6":"product_cat-hikayeler","7":"pa_cilt-ciltsiz","8":"pa_tur-kitap","9":"pa_yayinevi-parmak-cocuk-yayinlari","10":"pa_yazar-m-mahmut-yilmaz","12":"first","13":"instock","14":"sale","15":"shipping-taxable","16":"purchasable","17":"product-type-simple"},"_links":{"self":[{"href":"https:\/\/roveyayinevi.com.tr\/index.php\/wp-json\/wp\/v2\/product\/745602","targetHints":{"allow":["GET"]}}],"collection":[{"href":"https:\/\/roveyayinevi.com.tr\/index.php\/wp-json\/wp\/v2\/product"}],"about":[{"href":"https:\/\/roveyayinevi.com.tr\/index.php\/wp-json\/wp\/v2\/types\/product"}],"wp:attachment":[{"href":"https:\/\/roveyayinevi.com.tr\/index.php\/wp-json\/wp\/v2\/media?parent=745602"}],"wp:term":[{"taxonomy":"product_brand","embeddable":true,"href":"https:\/\/roveyayinevi.com.tr\/index.php\/wp-json\/wp\/v2\/product_brand?post=745602"},{"taxonomy":"product_cat","embeddable":true,"href":"https:\/\/roveyayinevi.com.tr\/index.php\/wp-json\/wp\/v2\/product_cat?post=745602"},{"taxonomy":"product_tag","embeddable":true,"href":"https:\/\/roveyayinevi.com.tr\/index.php\/wp-json\/wp\/v2\/product_tag?post=745602"}],"curies":[{"name":"wp","href":"https:\/\/api.w.org\/{rel}","templated":true}]}}