{"id":745597,"date":"2025-08-28T02:23:29","date_gmt":"2025-08-27T23:23:29","guid":{"rendered":"https:\/\/roveyayinevi.com.tr\/index.php\/urun\/gelistiren-degerler-ve-beceriler-egitim-seti-11-kitap-takim\/"},"modified":"2026-04-16T02:58:17","modified_gmt":"2026-04-15T23:58:17","slug":"gelistiren-degerler-ve-beceriler-egitim-seti-11-kitap-takim","status":"publish","type":"product","link":"https:\/\/roveyayinevi.com.tr\/index.php\/urun\/gelistiren-degerler-ve-beceriler-egitim-seti-11-kitap-takim\/","title":{"rendered":"Geli\u015ftiren De\u011ferler ve Beceriler E\u011fitim Seti &#8211; 11 Kitap Tak\u0131m"},"content":{"rendered":"<p>De\u011ferler, \u00e7ocuklar\u0131n ki\u015fisel geli\u015fiminde \u00e7ok \u00f6nemli yer tutmaktad\u0131r. Evrensel etik kuralla- r\u0131n\u0131n yerle\u015fmesi a\u00e7\u0131s\u0131ndan \u00e7ocuklara do\u011fru bi\u00e7imde kazand\u0131r\u0131lmal\u0131d\u0131r. \u2018Geli\u015ftirilen De\u011ferler ve Beceriler\u2019seti bu geli\u015fime katk\u0131 sa\u011flamas\u0131 i\u00e7in \u00f6zenle \u00e7al\u0131\u015f\u0131lm\u0131\u015f eserlerden olu\u015fur. QR kodlar dinleme etkinlikleri i\u00e7in olduk\u00e7a iyi materyaller iken \u00e7ocuklar\u0131n s\u00f6zc\u00fck da\u011farc\u0131klar\u0131na da katk\u0131 sa\u011flamaktad\u0131r.\u00c7\u00fcz\u00fcm \u00dcretme, Nezaket, Dostluk, Cesaret, Disiplin, \u0130yilik, Uyumluluk, Duyarl\u0131l\u0131k, Yard\u0131mla\u015fma, Do\u011fa Sevgisi, Sorumluluk de\u011fer ve becerileri i\u015flenmektedir.(Tan\u0131t\u0131m B\u00fclteninden)<\/p>\n","protected":false},"excerpt":{"rendered":"<p>De\u011ferler, \u00e7ocuklar\u0131n ki\u015fisel geli\u015fiminde \u00e7ok \u00f6nemli yer tutmaktad\u0131r. Evrensel etik kuralla- r\u0131n\u0131n yerle\u015fmesi a\u00e7\u0131s\u0131ndan \u00e7ocuklara do\u011fru bi\u00e7imde kazand\u0131r\u0131lmal\u0131d\u0131r. \u2018Geli\u015ftirilen De\u011ferler ve Beceriler\u2019seti bu geli\u015fime katk\u0131 sa\u011flamas\u0131<span class=\"excerpt-hellip\"> [\u2026]<\/span><\/p>\n","protected":false},"featured_media":0,"template":"","meta":{"_monsterinsights_skip_tracking":false,"_monsterinsights_sitenote_active":false,"_monsterinsights_sitenote_note":"","_monsterinsights_sitenote_category":0},"product_brand":[],"product_cat":[12274,12284],"product_tag":[],"class_list":{"0":"post-745597","1":"product","2":"type-product","3":"status-publish","5":"product_cat-cocuk-ve-genclik-kitaplari","6":"product_cat-hikayeler","7":"pa_cilt-ciltsiz","8":"pa_tur-kitap","9":"pa_yayinevi-parmak-cocuk-yayinlari","10":"pa_yazar-cihan-bahadir","12":"first","13":"instock","14":"sale","15":"shipping-taxable","16":"purchasable","17":"product-type-simple"},"_links":{"self":[{"href":"https:\/\/roveyayinevi.com.tr\/index.php\/wp-json\/wp\/v2\/product\/745597","targetHints":{"allow":["GET"]}}],"collection":[{"href":"https:\/\/roveyayinevi.com.tr\/index.php\/wp-json\/wp\/v2\/product"}],"about":[{"href":"https:\/\/roveyayinevi.com.tr\/index.php\/wp-json\/wp\/v2\/types\/product"}],"wp:attachment":[{"href":"https:\/\/roveyayinevi.com.tr\/index.php\/wp-json\/wp\/v2\/media?parent=745597"}],"wp:term":[{"taxonomy":"product_brand","embeddable":true,"href":"https:\/\/roveyayinevi.com.tr\/index.php\/wp-json\/wp\/v2\/product_brand?post=745597"},{"taxonomy":"product_cat","embeddable":true,"href":"https:\/\/roveyayinevi.com.tr\/index.php\/wp-json\/wp\/v2\/product_cat?post=745597"},{"taxonomy":"product_tag","embeddable":true,"href":"https:\/\/roveyayinevi.com.tr\/index.php\/wp-json\/wp\/v2\/product_tag?post=745597"}],"curies":[{"name":"wp","href":"https:\/\/api.w.org\/{rel}","templated":true}]}}