{"id":745595,"date":"2025-08-28T02:23:27","date_gmt":"2025-08-27T23:23:27","guid":{"rendered":"https:\/\/roveyayinevi.com.tr\/index.php\/urun\/10suz-olmaz-lippola\/"},"modified":"2026-04-16T02:58:17","modified_gmt":"2026-04-15T23:58:17","slug":"10suz-olmaz-lippola","status":"publish","type":"product","link":"https:\/\/roveyayinevi.com.tr\/index.php\/urun\/10suz-olmaz-lippola\/","title":{"rendered":"10&#8217;suz Olmaz Lippola"},"content":{"rendered":"<p>E\u011flenceli, \u015fiirsel, i\u015faret eden, d\u00fc\u015f\u00fcnd\u00fcren! Leylekler ne renktir? Her yeri turuncu bir leylek g\u00f6rd\u00fcn\u00fcz m\u00fc hi\u00e7? Herkesten farkl\u0131 olmak iyi midir, k\u00f6t\u00fc m\u00fc peki? Merak ediyorsan\u0131z hemen bizim lippola ile tan\u0131\u015fmal\u0131s\u0131n\u0131z! Kim bilir belki \u2018on\u2019u da siz bulursunuz&#8230;(Tan\u0131t\u0131m B\u00fclteninden)<\/p>\n","protected":false},"excerpt":{"rendered":"<p>E\u011flenceli, \u015fiirsel, i\u015faret eden, d\u00fc\u015f\u00fcnd\u00fcren! Leylekler ne renktir? Her yeri turuncu bir leylek g\u00f6rd\u00fcn\u00fcz m\u00fc hi\u00e7? Herkesten farkl\u0131 olmak iyi midir, k\u00f6t\u00fc m\u00fc peki? Merak ediyorsan\u0131z<span class=\"excerpt-hellip\"> [\u2026]<\/span><\/p>\n","protected":false},"featured_media":0,"template":"","meta":{"_monsterinsights_skip_tracking":false,"_monsterinsights_sitenote_active":false,"_monsterinsights_sitenote_note":"","_monsterinsights_sitenote_category":0},"product_brand":[],"product_cat":[12274,12284],"product_tag":[],"class_list":{"0":"post-745595","1":"product","2":"type-product","3":"status-publish","5":"product_cat-cocuk-ve-genclik-kitaplari","6":"product_cat-hikayeler","7":"pa_cilt-ciltsiz","8":"pa_tur-kitap","9":"pa_yayinevi-parmak-cocuk-yayinlari","10":"pa_yazar-seviye-merih","12":"first","13":"instock","14":"sale","15":"shipping-taxable","16":"purchasable","17":"product-type-simple"},"_links":{"self":[{"href":"https:\/\/roveyayinevi.com.tr\/index.php\/wp-json\/wp\/v2\/product\/745595","targetHints":{"allow":["GET"]}}],"collection":[{"href":"https:\/\/roveyayinevi.com.tr\/index.php\/wp-json\/wp\/v2\/product"}],"about":[{"href":"https:\/\/roveyayinevi.com.tr\/index.php\/wp-json\/wp\/v2\/types\/product"}],"wp:attachment":[{"href":"https:\/\/roveyayinevi.com.tr\/index.php\/wp-json\/wp\/v2\/media?parent=745595"}],"wp:term":[{"taxonomy":"product_brand","embeddable":true,"href":"https:\/\/roveyayinevi.com.tr\/index.php\/wp-json\/wp\/v2\/product_brand?post=745595"},{"taxonomy":"product_cat","embeddable":true,"href":"https:\/\/roveyayinevi.com.tr\/index.php\/wp-json\/wp\/v2\/product_cat?post=745595"},{"taxonomy":"product_tag","embeddable":true,"href":"https:\/\/roveyayinevi.com.tr\/index.php\/wp-json\/wp\/v2\/product_tag?post=745595"}],"curies":[{"name":"wp","href":"https:\/\/api.w.org\/{rel}","templated":true}]}}