{"id":745591,"date":"2025-08-28T02:23:21","date_gmt":"2025-08-27T23:23:21","guid":{"rendered":"https:\/\/roveyayinevi.com.tr\/index.php\/urun\/girc-girc-gece\/"},"modified":"2026-04-16T02:57:48","modified_gmt":"2026-04-15T23:57:48","slug":"girc-girc-gece","status":"publish","type":"product","link":"https:\/\/roveyayinevi.com.tr\/index.php\/urun\/girc-girc-gece\/","title":{"rendered":"G\u0131r\u00e7 G\u0131r\u00e7 Gece"},"content":{"rendered":"<p>Yazlar\u0131 k\u0131r evinde ya\u015fayan Ada\u2019n\u0131n gece duydu\u011fu seslerden nas\u0131l etkilendi\u011fini ve bunun sonucunda gece boyunca ya\u015fad\u0131\u011f\u0131 olaylar\u0131 konu alan etkileyici ve s\u00fcr\u00fckleyici bir hik\u00e2ye.(Tan\u0131t\u0131m B\u00fclteninden)<\/p>\n","protected":false},"excerpt":{"rendered":"<p>Yazlar\u0131 k\u0131r evinde ya\u015fayan Ada\u2019n\u0131n gece duydu\u011fu seslerden nas\u0131l etkilendi\u011fini ve bunun sonucunda gece boyunca ya\u015fad\u0131\u011f\u0131 olaylar\u0131 konu alan etkileyici ve s\u00fcr\u00fckleyici bir hik\u00e2ye.(Tan\u0131t\u0131m B\u00fclteninden)<\/p>\n","protected":false},"featured_media":0,"template":"","meta":{"_monsterinsights_skip_tracking":false,"_monsterinsights_sitenote_active":false,"_monsterinsights_sitenote_note":"","_monsterinsights_sitenote_category":0},"product_brand":[],"product_cat":[12274,12284],"product_tag":[],"class_list":{"0":"post-745591","1":"product","2":"type-product","3":"status-publish","5":"product_cat-cocuk-ve-genclik-kitaplari","6":"product_cat-hikayeler","7":"pa_cilt-ciltsiz","8":"pa_tur-kitap","9":"pa_yayinevi-parmak-cocuk-yayinlari","10":"pa_yazar-omer-izgec","12":"first","13":"instock","14":"sale","15":"shipping-taxable","16":"purchasable","17":"product-type-simple"},"_links":{"self":[{"href":"https:\/\/roveyayinevi.com.tr\/index.php\/wp-json\/wp\/v2\/product\/745591","targetHints":{"allow":["GET"]}}],"collection":[{"href":"https:\/\/roveyayinevi.com.tr\/index.php\/wp-json\/wp\/v2\/product"}],"about":[{"href":"https:\/\/roveyayinevi.com.tr\/index.php\/wp-json\/wp\/v2\/types\/product"}],"wp:attachment":[{"href":"https:\/\/roveyayinevi.com.tr\/index.php\/wp-json\/wp\/v2\/media?parent=745591"}],"wp:term":[{"taxonomy":"product_brand","embeddable":true,"href":"https:\/\/roveyayinevi.com.tr\/index.php\/wp-json\/wp\/v2\/product_brand?post=745591"},{"taxonomy":"product_cat","embeddable":true,"href":"https:\/\/roveyayinevi.com.tr\/index.php\/wp-json\/wp\/v2\/product_cat?post=745591"},{"taxonomy":"product_tag","embeddable":true,"href":"https:\/\/roveyayinevi.com.tr\/index.php\/wp-json\/wp\/v2\/product_tag?post=745591"}],"curies":[{"name":"wp","href":"https:\/\/api.w.org\/{rel}","templated":true}]}}