{"id":745587,"date":"2025-08-28T02:23:16","date_gmt":"2025-08-27T23:23:16","guid":{"rendered":"https:\/\/roveyayinevi.com.tr\/index.php\/urun\/akio-ve-fledo\/"},"modified":"2026-04-16T02:57:48","modified_gmt":"2026-04-15T23:57:48","slug":"akio-ve-fledo","status":"publish","type":"product","link":"https:\/\/roveyayinevi.com.tr\/index.php\/urun\/akio-ve-fledo\/","title":{"rendered":"Akio Ve Fledo"},"content":{"rendered":"<p>Arkada\u015fl\u0131\u011f\u0131n renkli d\u00fcnyas\u0131nda gezinmek harika bir \u015fey olsa gerek. Bilgi\u00e7 Akio ve afacan Fledo bunu ba\u015far\u0131yorlar. Ne mi yap\u0131yorlar? S\u00f6ylemeyiz! Kitab\u0131n sayfalar\u0131n\u0131 aralamaya ne dersiniz?Arkada\u015fl\u0131\u011f\u0131n \u00f6nemini \u00e7ok keyifli bir hik\u00e2ye ile anlatan bu anlat\u0131 g\u00f6rselleriyle yarat\u0131c\u0131 okumaya \u00e7ok uygun. Kitaplar\u0131n arkas\u0131ndaki QR kodlar dinleme etkinlikleri i\u00e7in olduk\u00e7a iyi materyaller iken \u00e7ocuklar\u0131n s\u00f6zc\u00fck hazinelerine de katk\u0131 sa\u011fl\u0131yor.(Tan\u0131t\u0131m B\u00fclteninden)<\/p>\n","protected":false},"excerpt":{"rendered":"<p>Arkada\u015fl\u0131\u011f\u0131n renkli d\u00fcnyas\u0131nda gezinmek harika bir \u015fey olsa gerek. Bilgi\u00e7 Akio ve afacan Fledo bunu ba\u015far\u0131yorlar. Ne mi yap\u0131yorlar? S\u00f6ylemeyiz! Kitab\u0131n sayfalar\u0131n\u0131 aralamaya ne dersiniz?Arkada\u015fl\u0131\u011f\u0131n \u00f6nemini<span class=\"excerpt-hellip\"> [\u2026]<\/span><\/p>\n","protected":false},"featured_media":0,"template":"","meta":{"_monsterinsights_skip_tracking":false,"_monsterinsights_sitenote_active":false,"_monsterinsights_sitenote_note":"","_monsterinsights_sitenote_category":0},"product_brand":[],"product_cat":[12274,12284],"product_tag":[],"class_list":{"0":"post-745587","1":"product","2":"type-product","3":"status-publish","5":"product_cat-cocuk-ve-genclik-kitaplari","6":"product_cat-hikayeler","7":"pa_cilt-ciltsiz","8":"pa_tur-kitap","9":"pa_yayinevi-parmak-cocuk-yayinlari","10":"pa_yazar-betul-tariman","12":"first","13":"instock","14":"sale","15":"shipping-taxable","16":"purchasable","17":"product-type-simple"},"_links":{"self":[{"href":"https:\/\/roveyayinevi.com.tr\/index.php\/wp-json\/wp\/v2\/product\/745587","targetHints":{"allow":["GET"]}}],"collection":[{"href":"https:\/\/roveyayinevi.com.tr\/index.php\/wp-json\/wp\/v2\/product"}],"about":[{"href":"https:\/\/roveyayinevi.com.tr\/index.php\/wp-json\/wp\/v2\/types\/product"}],"wp:attachment":[{"href":"https:\/\/roveyayinevi.com.tr\/index.php\/wp-json\/wp\/v2\/media?parent=745587"}],"wp:term":[{"taxonomy":"product_brand","embeddable":true,"href":"https:\/\/roveyayinevi.com.tr\/index.php\/wp-json\/wp\/v2\/product_brand?post=745587"},{"taxonomy":"product_cat","embeddable":true,"href":"https:\/\/roveyayinevi.com.tr\/index.php\/wp-json\/wp\/v2\/product_cat?post=745587"},{"taxonomy":"product_tag","embeddable":true,"href":"https:\/\/roveyayinevi.com.tr\/index.php\/wp-json\/wp\/v2\/product_tag?post=745587"}],"curies":[{"name":"wp","href":"https:\/\/api.w.org\/{rel}","templated":true}]}}