{"id":745579,"date":"2025-08-28T02:23:05","date_gmt":"2025-08-27T23:23:05","guid":{"rendered":"https:\/\/roveyayinevi.com.tr\/index.php\/urun\/en-ustte-ne-var\/"},"modified":"2026-04-16T02:57:48","modified_gmt":"2026-04-15T23:57:48","slug":"en-ustte-ne-var","status":"publish","type":"product","link":"https:\/\/roveyayinevi.com.tr\/index.php\/urun\/en-ustte-ne-var\/","title":{"rendered":"En \u00dcstte Ne Var"},"content":{"rendered":"<p>&#8230;ah \u015fu sorular!hi\u00e7 bitmek, t\u00fckenmek bilmeyen \u00fcst\u00fcne bir de al\u00e7al\u0131p y\u00fckselen, yan\u0131p s\u00f6nen sorular.(Tan\u0131t\u0131m B\u00fclteninden)<\/p>\n","protected":false},"excerpt":{"rendered":"<p>&#8230;ah \u015fu sorular!hi\u00e7 bitmek, t\u00fckenmek bilmeyen \u00fcst\u00fcne bir de al\u00e7al\u0131p y\u00fckselen, yan\u0131p s\u00f6nen sorular.(Tan\u0131t\u0131m B\u00fclteninden)<\/p>\n","protected":false},"featured_media":0,"template":"","meta":{"_monsterinsights_skip_tracking":false,"_monsterinsights_sitenote_active":false,"_monsterinsights_sitenote_note":"","_monsterinsights_sitenote_category":0},"product_brand":[],"product_cat":[12274,15842],"product_tag":[],"class_list":{"0":"post-745579","1":"product","2":"type-product","3":"status-publish","5":"product_cat-cocuk-ve-genclik-kitaplari","6":"product_cat-egitici-kitaplar","7":"pa_cilt-ciltsiz","8":"pa_tur-kitap","9":"pa_yayinevi-parmak-cocuk-yayinlari","10":"pa_yazar-mehtap-temiz","12":"first","13":"instock","14":"sale","15":"shipping-taxable","16":"purchasable","17":"product-type-simple"},"_links":{"self":[{"href":"https:\/\/roveyayinevi.com.tr\/index.php\/wp-json\/wp\/v2\/product\/745579","targetHints":{"allow":["GET"]}}],"collection":[{"href":"https:\/\/roveyayinevi.com.tr\/index.php\/wp-json\/wp\/v2\/product"}],"about":[{"href":"https:\/\/roveyayinevi.com.tr\/index.php\/wp-json\/wp\/v2\/types\/product"}],"wp:attachment":[{"href":"https:\/\/roveyayinevi.com.tr\/index.php\/wp-json\/wp\/v2\/media?parent=745579"}],"wp:term":[{"taxonomy":"product_brand","embeddable":true,"href":"https:\/\/roveyayinevi.com.tr\/index.php\/wp-json\/wp\/v2\/product_brand?post=745579"},{"taxonomy":"product_cat","embeddable":true,"href":"https:\/\/roveyayinevi.com.tr\/index.php\/wp-json\/wp\/v2\/product_cat?post=745579"},{"taxonomy":"product_tag","embeddable":true,"href":"https:\/\/roveyayinevi.com.tr\/index.php\/wp-json\/wp\/v2\/product_tag?post=745579"}],"curies":[{"name":"wp","href":"https:\/\/api.w.org\/{rel}","templated":true}]}}