{"id":745577,"date":"2025-08-28T02:23:03","date_gmt":"2025-08-27T23:23:03","guid":{"rendered":"https:\/\/roveyayinevi.com.tr\/index.php\/urun\/atasozu-kartlari-cep-boy\/"},"modified":"2026-04-16T02:57:48","modified_gmt":"2026-04-15T23:57:48","slug":"atasozu-kartlari-cep-boy","status":"publish","type":"product","link":"https:\/\/roveyayinevi.com.tr\/index.php\/urun\/atasozu-kartlari-cep-boy\/","title":{"rendered":"Atas\u00f6z\u00fc Kartlar\u0131 (Cep Boy)"},"content":{"rendered":"<p>Atas\u00f6z\u00fc Kartlar\u0131nda bulunan her bir kart\u0131n \u00f6n y\u00fczlerindeki g\u00f6rsellerden hareketle atas\u00f6z\u00fcne ula\u015f\u0131lmas\u0131 ama\u00e7lanm\u0131\u015ft\u0131r.Atas\u00f6zlerinin i\u00e7eriklerine uygun olarak \u00e7izilen kartlar\u0131n \u00f6n y\u00fczlerindeki g\u00f6rseller \u00e7ocu\u011fun \u00fcst d\u00fczey d\u00fc\u015f\u00fcnme becerilerini geli\u015ftirerek atas\u00f6z\u00fcn\u00fc bulmas\u0131na olanak sa\u011flamaktad\u0131r.<\/p>\n","protected":false},"excerpt":{"rendered":"<p>Atas\u00f6z\u00fc Kartlar\u0131nda bulunan her bir kart\u0131n \u00f6n y\u00fczlerindeki g\u00f6rsellerden hareketle atas\u00f6z\u00fcne ula\u015f\u0131lmas\u0131 ama\u00e7lanm\u0131\u015ft\u0131r.Atas\u00f6zlerinin i\u00e7eriklerine uygun olarak \u00e7izilen kartlar\u0131n \u00f6n y\u00fczlerindeki g\u00f6rseller \u00e7ocu\u011fun \u00fcst d\u00fczey d\u00fc\u015f\u00fcnme becerilerini<span class=\"excerpt-hellip\"> [\u2026]<\/span><\/p>\n","protected":false},"featured_media":0,"template":"","meta":{"_monsterinsights_skip_tracking":false,"_monsterinsights_sitenote_active":false,"_monsterinsights_sitenote_note":"","_monsterinsights_sitenote_category":0},"product_brand":[],"product_cat":[12274,12631],"product_tag":[],"class_list":{"0":"post-745577","1":"product","2":"type-product","3":"status-publish","5":"product_cat-cocuk-ve-genclik-kitaplari","6":"product_cat-diger-cocuk-ve-genclik-kitaplari","7":"pa_cilt-ciltsiz","8":"pa_tur-kitap10","9":"pa_yayinevi-yagmur-cocuk-yayinlari","10":"pa_yazar-kollektif","12":"first","13":"instock","14":"sale","15":"shipping-taxable","16":"purchasable","17":"product-type-simple"},"_links":{"self":[{"href":"https:\/\/roveyayinevi.com.tr\/index.php\/wp-json\/wp\/v2\/product\/745577","targetHints":{"allow":["GET"]}}],"collection":[{"href":"https:\/\/roveyayinevi.com.tr\/index.php\/wp-json\/wp\/v2\/product"}],"about":[{"href":"https:\/\/roveyayinevi.com.tr\/index.php\/wp-json\/wp\/v2\/types\/product"}],"wp:attachment":[{"href":"https:\/\/roveyayinevi.com.tr\/index.php\/wp-json\/wp\/v2\/media?parent=745577"}],"wp:term":[{"taxonomy":"product_brand","embeddable":true,"href":"https:\/\/roveyayinevi.com.tr\/index.php\/wp-json\/wp\/v2\/product_brand?post=745577"},{"taxonomy":"product_cat","embeddable":true,"href":"https:\/\/roveyayinevi.com.tr\/index.php\/wp-json\/wp\/v2\/product_cat?post=745577"},{"taxonomy":"product_tag","embeddable":true,"href":"https:\/\/roveyayinevi.com.tr\/index.php\/wp-json\/wp\/v2\/product_tag?post=745577"}],"curies":[{"name":"wp","href":"https:\/\/api.w.org\/{rel}","templated":true}]}}