{"id":745570,"date":"2025-08-28T02:22:53","date_gmt":"2025-08-27T23:22:53","guid":{"rendered":"https:\/\/roveyayinevi.com.tr\/index.php\/urun\/tuhaf-ama-gercek-bilimin-sira-disi-hikayeleri-ve-sakalari\/"},"modified":"2026-04-16T02:57:47","modified_gmt":"2026-04-15T23:57:47","slug":"tuhaf-ama-gercek-bilimin-sira-disi-hikayeleri-ve-sakalari","status":"publish","type":"product","link":"https:\/\/roveyayinevi.com.tr\/index.php\/urun\/tuhaf-ama-gercek-bilimin-sira-disi-hikayeleri-ve-sakalari\/","title":{"rendered":"Tuhaf Ama Ger\u00e7ek Bilimin S\u0131ra D\u0131\u015f\u0131 Hikayeleri Ve \u015eakalar\u0131"},"content":{"rendered":"<p>Bu kitaptaki hi\u00e7bir \u015fey yazar taraf\u0131ndan uydurulup \u00fcretilmemi\u015ftir. Yazar\u0131m\u0131z elinden geldi\u011fince, \u00fczerinden \u00e7ok zaman ge\u00e7mi\u015f olaylar\u0131 bile kontrol etti; hatta emin olmak i\u00e7in s\u0131ra d\u0131\u015f\u0131 hik\u00e2yelerin kontrol\u00fcn\u00fc iki defa yapt\u0131. \u00dcnl\u00fc g\u00f6kbilimci Tycho Brahe\u2019nin korkun\u00e7 \u00f6l\u00fcm\u00fcnden tutun da Nikola Tesla\u2019n\u0131n 10 sa\u00e7ma al\u0131\u015fkanl\u0131\u011f\u0131na kadar her \u015fey bu kitapta var.<\/p>\n","protected":false},"excerpt":{"rendered":"<p>Bu kitaptaki hi\u00e7bir \u015fey yazar taraf\u0131ndan uydurulup \u00fcretilmemi\u015ftir. Yazar\u0131m\u0131z elinden geldi\u011fince, \u00fczerinden \u00e7ok zaman ge\u00e7mi\u015f olaylar\u0131 bile kontrol etti; hatta emin olmak i\u00e7in s\u0131ra d\u0131\u015f\u0131 hik\u00e2yelerin<span class=\"excerpt-hellip\"> [\u2026]<\/span><\/p>\n","protected":false},"featured_media":0,"template":"","meta":{"_monsterinsights_skip_tracking":false,"_monsterinsights_sitenote_active":false,"_monsterinsights_sitenote_note":"","_monsterinsights_sitenote_category":0},"product_brand":[],"product_cat":[13829,12274],"product_tag":[],"class_list":{"0":"post-745570","1":"product","2":"type-product","3":"status-publish","5":"product_cat-bilimsel-kitaplar","6":"product_cat-cocuk-ve-genclik-kitaplari","7":"pa_cilt-ciltsiz","8":"pa_tur-kitap","9":"pa_yayinevi-yagmur-cocuk-yayinlari","10":"pa_yazar-john-townsend","12":"first","13":"instock","14":"sale","15":"shipping-taxable","16":"purchasable","17":"product-type-simple"},"_links":{"self":[{"href":"https:\/\/roveyayinevi.com.tr\/index.php\/wp-json\/wp\/v2\/product\/745570","targetHints":{"allow":["GET"]}}],"collection":[{"href":"https:\/\/roveyayinevi.com.tr\/index.php\/wp-json\/wp\/v2\/product"}],"about":[{"href":"https:\/\/roveyayinevi.com.tr\/index.php\/wp-json\/wp\/v2\/types\/product"}],"wp:attachment":[{"href":"https:\/\/roveyayinevi.com.tr\/index.php\/wp-json\/wp\/v2\/media?parent=745570"}],"wp:term":[{"taxonomy":"product_brand","embeddable":true,"href":"https:\/\/roveyayinevi.com.tr\/index.php\/wp-json\/wp\/v2\/product_brand?post=745570"},{"taxonomy":"product_cat","embeddable":true,"href":"https:\/\/roveyayinevi.com.tr\/index.php\/wp-json\/wp\/v2\/product_cat?post=745570"},{"taxonomy":"product_tag","embeddable":true,"href":"https:\/\/roveyayinevi.com.tr\/index.php\/wp-json\/wp\/v2\/product_tag?post=745570"}],"curies":[{"name":"wp","href":"https:\/\/api.w.org\/{rel}","templated":true}]}}