{"id":745563,"date":"2025-08-28T02:22:44","date_gmt":"2025-08-27T23:22:44","guid":{"rendered":"https:\/\/roveyayinevi.com.tr\/index.php\/urun\/deir-el-medina-sanatcilar-koyu\/"},"modified":"2026-04-16T02:57:47","modified_gmt":"2026-04-15T23:57:47","slug":"deir-el-medina-sanatcilar-koyu","status":"publish","type":"product","link":"https:\/\/roveyayinevi.com.tr\/index.php\/urun\/deir-el-medina-sanatcilar-koyu\/","title":{"rendered":"Deir El Medina Sanat\u00e7\u0131lar K\u00f6y\u00fc"},"content":{"rendered":"<p>Gizemli ve heyecanl\u0131 bir M\u0131s\u0131r yolculu\u011funa haz\u0131r m\u0131s\u0131n\u0131z? Bu sefer \u00e7\u0131lg\u0131n grubumuz 3000 y\u0131ll\u0131k eski bir k\u00f6y ke\u015ffediyorlar. Ama bu \u00f6yle s\u0131radan bir k\u00f6y de\u011fildi. Buran\u0131n sakinleri olduk\u00e7a yetenekli el i\u015f\u00e7ileriydi. Bizimle bir kez daha zaman i\u00e7inde maceral\u0131 bir yolculu\u011fa \u00e7\u0131k\u0131n!<\/p>\n","protected":false},"excerpt":{"rendered":"<p>Gizemli ve heyecanl\u0131 bir M\u0131s\u0131r yolculu\u011funa haz\u0131r m\u0131s\u0131n\u0131z? Bu sefer \u00e7\u0131lg\u0131n grubumuz 3000 y\u0131ll\u0131k eski bir k\u00f6y ke\u015ffediyorlar. Ama bu \u00f6yle s\u0131radan bir k\u00f6y de\u011fildi. Buran\u0131n<span class=\"excerpt-hellip\"> [\u2026]<\/span><\/p>\n","protected":false},"featured_media":0,"template":"","meta":{"_monsterinsights_skip_tracking":false,"_monsterinsights_sitenote_active":false,"_monsterinsights_sitenote_note":"","_monsterinsights_sitenote_category":0},"product_brand":[],"product_cat":[12274,12284],"product_tag":[],"class_list":{"0":"post-745563","1":"product","2":"type-product","3":"status-publish","5":"product_cat-cocuk-ve-genclik-kitaplari","6":"product_cat-hikayeler","7":"pa_cilt-ciltsiz","8":"pa_tur-kitap","9":"pa_yayinevi-yagmur-cocuk-yayinlari","10":"pa_yazar-kolektif","12":"first","13":"instock","14":"sale","15":"shipping-taxable","16":"purchasable","17":"product-type-simple"},"_links":{"self":[{"href":"https:\/\/roveyayinevi.com.tr\/index.php\/wp-json\/wp\/v2\/product\/745563","targetHints":{"allow":["GET"]}}],"collection":[{"href":"https:\/\/roveyayinevi.com.tr\/index.php\/wp-json\/wp\/v2\/product"}],"about":[{"href":"https:\/\/roveyayinevi.com.tr\/index.php\/wp-json\/wp\/v2\/types\/product"}],"wp:attachment":[{"href":"https:\/\/roveyayinevi.com.tr\/index.php\/wp-json\/wp\/v2\/media?parent=745563"}],"wp:term":[{"taxonomy":"product_brand","embeddable":true,"href":"https:\/\/roveyayinevi.com.tr\/index.php\/wp-json\/wp\/v2\/product_brand?post=745563"},{"taxonomy":"product_cat","embeddable":true,"href":"https:\/\/roveyayinevi.com.tr\/index.php\/wp-json\/wp\/v2\/product_cat?post=745563"},{"taxonomy":"product_tag","embeddable":true,"href":"https:\/\/roveyayinevi.com.tr\/index.php\/wp-json\/wp\/v2\/product_tag?post=745563"}],"curies":[{"name":"wp","href":"https:\/\/api.w.org\/{rel}","templated":true}]}}