{"id":745556,"date":"2025-08-28T02:22:35","date_gmt":"2025-08-27T23:22:35","guid":{"rendered":"https:\/\/roveyayinevi.com.tr\/index.php\/urun\/ayi-top-sanan-kedi-pimpom\/"},"modified":"2026-04-16T02:57:47","modified_gmt":"2026-04-15T23:57:47","slug":"ayi-top-sanan-kedi-pimpom","status":"publish","type":"product","link":"https:\/\/roveyayinevi.com.tr\/index.php\/urun\/ayi-top-sanan-kedi-pimpom\/","title":{"rendered":"Ay\u0131 Top Sanan Kedi Pimpom"},"content":{"rendered":"<p>Pimpom, g\u00f6ky\u00fcz\u00fcnde p\u0131r\u0131l p\u0131r\u0131l parlayan ay\u0131, top sanm\u0131\u015ft\u0131. Haks\u0131z da say\u0131lmazd\u0131 \u00e7\u00fcnk\u00fc ay dolunay olmu\u015f ve bir topa benziyordu. Onu yakalamaya karar verdi. Bakal\u0131m sevimli kedi Pimpom ay\u0131 yakalayabildi mi? Ay\u0131 yakalamaya \u00e7al\u0131\u015fan Pimpom neler ya\u015fad\u0131?<\/p>\n","protected":false},"excerpt":{"rendered":"<p>Pimpom, g\u00f6ky\u00fcz\u00fcnde p\u0131r\u0131l p\u0131r\u0131l parlayan ay\u0131, top sanm\u0131\u015ft\u0131. Haks\u0131z da say\u0131lmazd\u0131 \u00e7\u00fcnk\u00fc ay dolunay olmu\u015f ve bir topa benziyordu. Onu yakalamaya karar verdi. Bakal\u0131m sevimli kedi<span class=\"excerpt-hellip\"> [\u2026]<\/span><\/p>\n","protected":false},"featured_media":0,"template":"","meta":{"_monsterinsights_skip_tracking":false,"_monsterinsights_sitenote_active":false,"_monsterinsights_sitenote_note":"","_monsterinsights_sitenote_category":0},"product_brand":[],"product_cat":[12274,12284],"product_tag":[],"class_list":{"0":"post-745556","1":"product","2":"type-product","3":"status-publish","5":"product_cat-cocuk-ve-genclik-kitaplari","6":"product_cat-hikayeler","7":"pa_cilt-ciltsiz","8":"pa_tur-kitap","9":"pa_yayinevi-yagmur-cocuk-yayinlari","10":"pa_yazar-mahmut-yilmaz","12":"first","13":"instock","14":"sale","15":"shipping-taxable","16":"purchasable","17":"product-type-simple"},"_links":{"self":[{"href":"https:\/\/roveyayinevi.com.tr\/index.php\/wp-json\/wp\/v2\/product\/745556","targetHints":{"allow":["GET"]}}],"collection":[{"href":"https:\/\/roveyayinevi.com.tr\/index.php\/wp-json\/wp\/v2\/product"}],"about":[{"href":"https:\/\/roveyayinevi.com.tr\/index.php\/wp-json\/wp\/v2\/types\/product"}],"wp:attachment":[{"href":"https:\/\/roveyayinevi.com.tr\/index.php\/wp-json\/wp\/v2\/media?parent=745556"}],"wp:term":[{"taxonomy":"product_brand","embeddable":true,"href":"https:\/\/roveyayinevi.com.tr\/index.php\/wp-json\/wp\/v2\/product_brand?post=745556"},{"taxonomy":"product_cat","embeddable":true,"href":"https:\/\/roveyayinevi.com.tr\/index.php\/wp-json\/wp\/v2\/product_cat?post=745556"},{"taxonomy":"product_tag","embeddable":true,"href":"https:\/\/roveyayinevi.com.tr\/index.php\/wp-json\/wp\/v2\/product_tag?post=745556"}],"curies":[{"name":"wp","href":"https:\/\/api.w.org\/{rel}","templated":true}]}}