{"id":745551,"date":"2025-08-28T02:22:28","date_gmt":"2025-08-27T23:22:28","guid":{"rendered":"https:\/\/roveyayinevi.com.tr\/index.php\/urun\/dunyayi-degistiren-muhtesem-insanlar-set\/"},"modified":"2026-04-16T02:57:47","modified_gmt":"2026-04-15T23:57:47","slug":"dunyayi-degistiren-muhtesem-insanlar-set","status":"publish","type":"product","link":"https:\/\/roveyayinevi.com.tr\/index.php\/urun\/dunyayi-degistiren-muhtesem-insanlar-set\/","title":{"rendered":"D\u00fcnyay\u0131 De\u011fi\u015ftiren Muhte\u015fem \u0130nsanlar- Set"},"content":{"rendered":"<p>Bilim insanlar\u0131, bulu\u015f ve icatlar\u0131yla ya\u015fad\u0131\u011f\u0131m\u0131z d\u00fcnyay\u0131 de\u011fi\u015ftirmi\u015fler, ya\u015famlar\u0131 ile birer ilham kayna\u011f\u0131 olmu\u015flard\u0131r. Onlar\u0131n bulu\u015f ve icatlar\u0131 bilimle beraber uygarl\u0131\u011f\u0131n geli\u015fimine de katk\u0131da bulunmu\u015ftur. \u0130nsanlar bug\u00fcnk\u00fc modern ya\u015famlar\u0131n\u0131 onlara bor\u00e7ludur. \u2018D\u00fcnyay\u0131 De\u011fi\u015ftiren Muhte\u015fem \u0130nsanlar\u2019\u0131n ya\u015fam\u0131na daha yak\u0131ndan tan\u0131k olmal\u0131s\u0131n\u0131z. Bu kitaplarla bu m\u00fcmk\u00fcn!Sette Bulunan Kitaplar:Albert EinsteinGal\u0131leo GalileiGraham BellJames WattMar\u0131e CurieIsaac NewtonThomas EdisonWr\u0131ght Karde\u015fler<\/p>\n","protected":false},"excerpt":{"rendered":"<p>Bilim insanlar\u0131, bulu\u015f ve icatlar\u0131yla ya\u015fad\u0131\u011f\u0131m\u0131z d\u00fcnyay\u0131 de\u011fi\u015ftirmi\u015fler, ya\u015famlar\u0131 ile birer ilham kayna\u011f\u0131 olmu\u015flard\u0131r. Onlar\u0131n bulu\u015f ve icatlar\u0131 bilimle beraber uygarl\u0131\u011f\u0131n geli\u015fimine de katk\u0131da bulunmu\u015ftur. \u0130nsanlar<span class=\"excerpt-hellip\"> [\u2026]<\/span><\/p>\n","protected":false},"featured_media":0,"template":"","meta":{"_monsterinsights_skip_tracking":false,"_monsterinsights_sitenote_active":false,"_monsterinsights_sitenote_note":"","_monsterinsights_sitenote_category":0},"product_brand":[],"product_cat":[13829,12274],"product_tag":[],"class_list":{"0":"post-745551","1":"product","2":"type-product","3":"status-publish","5":"product_cat-bilimsel-kitaplar","6":"product_cat-cocuk-ve-genclik-kitaplari","7":"pa_cilt-ciltsiz","8":"pa_tur-kitap","9":"pa_yayinevi-yagmur-cocuk-yayinlari","10":"pa_yazar-kolektif","12":"first","13":"instock","14":"sale","15":"shipping-taxable","16":"purchasable","17":"product-type-simple"},"_links":{"self":[{"href":"https:\/\/roveyayinevi.com.tr\/index.php\/wp-json\/wp\/v2\/product\/745551","targetHints":{"allow":["GET"]}}],"collection":[{"href":"https:\/\/roveyayinevi.com.tr\/index.php\/wp-json\/wp\/v2\/product"}],"about":[{"href":"https:\/\/roveyayinevi.com.tr\/index.php\/wp-json\/wp\/v2\/types\/product"}],"wp:attachment":[{"href":"https:\/\/roveyayinevi.com.tr\/index.php\/wp-json\/wp\/v2\/media?parent=745551"}],"wp:term":[{"taxonomy":"product_brand","embeddable":true,"href":"https:\/\/roveyayinevi.com.tr\/index.php\/wp-json\/wp\/v2\/product_brand?post=745551"},{"taxonomy":"product_cat","embeddable":true,"href":"https:\/\/roveyayinevi.com.tr\/index.php\/wp-json\/wp\/v2\/product_cat?post=745551"},{"taxonomy":"product_tag","embeddable":true,"href":"https:\/\/roveyayinevi.com.tr\/index.php\/wp-json\/wp\/v2\/product_tag?post=745551"}],"curies":[{"name":"wp","href":"https:\/\/api.w.org\/{rel}","templated":true}]}}