{"id":745550,"date":"2025-08-28T02:22:27","date_gmt":"2025-08-27T23:22:27","guid":{"rendered":"https:\/\/roveyayinevi.com.tr\/index.php\/urun\/dunyayi-degistiren-muhtesem-insanlar-wright-kardesler\/"},"modified":"2026-04-16T02:57:47","modified_gmt":"2026-04-15T23:57:47","slug":"dunyayi-degistiren-muhtesem-insanlar-wright-kardesler","status":"publish","type":"product","link":"https:\/\/roveyayinevi.com.tr\/index.php\/urun\/dunyayi-degistiren-muhtesem-insanlar-wright-kardesler\/","title":{"rendered":"D\u00fcnyay\u0131 De\u011fi\u015ftiren Muhte\u015fem \u0130nsanlar- Wright Karde\u015fler"},"content":{"rendered":"<p>Uzak mesafeleri yak\u0131n eden bir icad\u0131n sahibi bu karde\u015fler, nas\u0131l bir \u00e7ocukluk ge\u00e7irmi\u015f? U\u00e7mak a\u015fk\u0131 ve azmi onlar\u0131 nas\u0131l bir ya\u015fama s\u00fcr\u00fcklemi\u015f? Ve bug\u00fcnk\u00fc modern d\u00fcnyaya neler kazan- d\u0131rm\u0131\u015flar? T\u00fcm bu sorular\u0131n yan\u0131t\u0131 bu keyifli kitapta.<\/p>\n","protected":false},"excerpt":{"rendered":"<p>Uzak mesafeleri yak\u0131n eden bir icad\u0131n sahibi bu karde\u015fler, nas\u0131l bir \u00e7ocukluk ge\u00e7irmi\u015f? U\u00e7mak a\u015fk\u0131 ve azmi onlar\u0131 nas\u0131l bir ya\u015fama s\u00fcr\u00fcklemi\u015f? Ve bug\u00fcnk\u00fc modern d\u00fcnyaya<span class=\"excerpt-hellip\"> [\u2026]<\/span><\/p>\n","protected":false},"featured_media":0,"template":"","meta":{"_monsterinsights_skip_tracking":false,"_monsterinsights_sitenote_active":false,"_monsterinsights_sitenote_note":"","_monsterinsights_sitenote_category":0},"product_brand":[],"product_cat":[13829,12274],"product_tag":[],"class_list":{"0":"post-745550","1":"product","2":"type-product","3":"status-publish","5":"product_cat-bilimsel-kitaplar","6":"product_cat-cocuk-ve-genclik-kitaplari","7":"pa_cilt-ciltsiz","8":"pa_tur-kitap","9":"pa_yayinevi-yagmur-cocuk-yayinlari","10":"pa_yazar-kolektif","12":"first","13":"instock","14":"sale","15":"shipping-taxable","16":"purchasable","17":"product-type-simple"},"_links":{"self":[{"href":"https:\/\/roveyayinevi.com.tr\/index.php\/wp-json\/wp\/v2\/product\/745550","targetHints":{"allow":["GET"]}}],"collection":[{"href":"https:\/\/roveyayinevi.com.tr\/index.php\/wp-json\/wp\/v2\/product"}],"about":[{"href":"https:\/\/roveyayinevi.com.tr\/index.php\/wp-json\/wp\/v2\/types\/product"}],"wp:attachment":[{"href":"https:\/\/roveyayinevi.com.tr\/index.php\/wp-json\/wp\/v2\/media?parent=745550"}],"wp:term":[{"taxonomy":"product_brand","embeddable":true,"href":"https:\/\/roveyayinevi.com.tr\/index.php\/wp-json\/wp\/v2\/product_brand?post=745550"},{"taxonomy":"product_cat","embeddable":true,"href":"https:\/\/roveyayinevi.com.tr\/index.php\/wp-json\/wp\/v2\/product_cat?post=745550"},{"taxonomy":"product_tag","embeddable":true,"href":"https:\/\/roveyayinevi.com.tr\/index.php\/wp-json\/wp\/v2\/product_tag?post=745550"}],"curies":[{"name":"wp","href":"https:\/\/api.w.org\/{rel}","templated":true}]}}