{"id":745549,"date":"2025-08-28T02:22:26","date_gmt":"2025-08-27T23:22:26","guid":{"rendered":"https:\/\/roveyayinevi.com.tr\/index.php\/urun\/dunyayi-degistiren-muhtesem-insanlar-albert-einstein\/"},"modified":"2026-04-16T02:57:47","modified_gmt":"2026-04-15T23:57:47","slug":"dunyayi-degistiren-muhtesem-insanlar-albert-einstein","status":"publish","type":"product","link":"https:\/\/roveyayinevi.com.tr\/index.php\/urun\/dunyayi-degistiren-muhtesem-insanlar-albert-einstein\/","title":{"rendered":"D\u00fcnyay\u0131 De\u011fi\u015ftiren Muhte\u015fem \u0130nsanlar- Albert Einstein"},"content":{"rendered":"<p>Nobel Fizik \u00d6d\u00fcl\u00fc sahibi Einstein ayn\u0131 zamanda bir filozof. Bilim insanlar\u0131n\u0131n en \u00e7ok etkilendi\u011fi insanlar\u0131n ba\u015f\u0131nda gelen Albert Einstein\u2019\u0131n icatlar\u0131 h\u00e2l\u00e2 bilim d\u00fcnyas\u0131n\u0131 etkilemeye devam ediyor. Bu b\u00fcy\u00fck bilim insan\u0131n\u0131n ya\u015fam\u0131n\u0131 herkes \u00f6\u011frenmeli.<\/p>\n","protected":false},"excerpt":{"rendered":"<p>Nobel Fizik \u00d6d\u00fcl\u00fc sahibi Einstein ayn\u0131 zamanda bir filozof. Bilim insanlar\u0131n\u0131n en \u00e7ok etkilendi\u011fi insanlar\u0131n ba\u015f\u0131nda gelen Albert Einstein\u2019\u0131n icatlar\u0131 h\u00e2l\u00e2 bilim d\u00fcnyas\u0131n\u0131 etkilemeye devam ediyor.<span class=\"excerpt-hellip\"> [\u2026]<\/span><\/p>\n","protected":false},"featured_media":0,"template":"","meta":{"_monsterinsights_skip_tracking":false,"_monsterinsights_sitenote_active":false,"_monsterinsights_sitenote_note":"","_monsterinsights_sitenote_category":0},"product_brand":[],"product_cat":[13829,12274],"product_tag":[],"class_list":{"0":"post-745549","1":"product","2":"type-product","3":"status-publish","5":"product_cat-bilimsel-kitaplar","6":"product_cat-cocuk-ve-genclik-kitaplari","7":"pa_cilt-ciltsiz","8":"pa_tur-kitap","9":"pa_yayinevi-yagmur-cocuk-yayinlari","10":"pa_yazar-kolektif","12":"first","13":"instock","14":"sale","15":"shipping-taxable","16":"purchasable","17":"product-type-simple"},"_links":{"self":[{"href":"https:\/\/roveyayinevi.com.tr\/index.php\/wp-json\/wp\/v2\/product\/745549","targetHints":{"allow":["GET"]}}],"collection":[{"href":"https:\/\/roveyayinevi.com.tr\/index.php\/wp-json\/wp\/v2\/product"}],"about":[{"href":"https:\/\/roveyayinevi.com.tr\/index.php\/wp-json\/wp\/v2\/types\/product"}],"wp:attachment":[{"href":"https:\/\/roveyayinevi.com.tr\/index.php\/wp-json\/wp\/v2\/media?parent=745549"}],"wp:term":[{"taxonomy":"product_brand","embeddable":true,"href":"https:\/\/roveyayinevi.com.tr\/index.php\/wp-json\/wp\/v2\/product_brand?post=745549"},{"taxonomy":"product_cat","embeddable":true,"href":"https:\/\/roveyayinevi.com.tr\/index.php\/wp-json\/wp\/v2\/product_cat?post=745549"},{"taxonomy":"product_tag","embeddable":true,"href":"https:\/\/roveyayinevi.com.tr\/index.php\/wp-json\/wp\/v2\/product_tag?post=745549"}],"curies":[{"name":"wp","href":"https:\/\/api.w.org\/{rel}","templated":true}]}}