{"id":745548,"date":"2025-08-28T02:22:25","date_gmt":"2025-08-27T23:22:25","guid":{"rendered":"https:\/\/roveyayinevi.com.tr\/index.php\/urun\/dunyayi-degistiren-muhtesem-insanlar-thomas-alva-edison\/"},"modified":"2026-03-16T12:38:30","modified_gmt":"2026-03-16T09:38:30","slug":"dunyayi-degistiren-muhtesem-insanlar-thomas-alva-edison","status":"publish","type":"product","link":"https:\/\/roveyayinevi.com.tr\/index.php\/urun\/dunyayi-degistiren-muhtesem-insanlar-thomas-alva-edison\/","title":{"rendered":"D\u00fcnyay\u0131 De\u011fi\u015ftiren Muhte\u015fem \u0130nsanlar- Thomas Alva Edison"},"content":{"rendered":"<p>D\u00fcnyam\u0131z\u0131 ayd\u0131nlatan b\u00fcy\u00fck mucit, bunu nas\u0131l ba\u015farm\u0131\u015f? D\u00fcnyan\u0131n ilk end\u00fcstriyel ara\u015ft\u0131rma laboratuvar\u0131n\u0131 kuran ki\u015finin nas\u0131l bir ya\u015fam\u0131 olur? Bizim ya\u015famlar\u0131m\u0131za benzer yanlar\u0131 var m\u0131? D\u00fcnyan\u0131n en verimli mucitlerinden biri olan bu muhte\u015fem bilim insan\u0131n\u0131n ya\u015fam\u0131n\u0131 keyifli bir okumayla \u00f6\u011freneceksiniz.<\/p>\n","protected":false},"excerpt":{"rendered":"<p>D\u00fcnyam\u0131z\u0131 ayd\u0131nlatan b\u00fcy\u00fck mucit, bunu nas\u0131l ba\u015farm\u0131\u015f? D\u00fcnyan\u0131n ilk end\u00fcstriyel ara\u015ft\u0131rma laboratuvar\u0131n\u0131 kuran ki\u015finin nas\u0131l bir ya\u015fam\u0131 olur? Bizim ya\u015famlar\u0131m\u0131za benzer yanlar\u0131 var m\u0131? D\u00fcnyan\u0131n en<span class=\"excerpt-hellip\"> [\u2026]<\/span><\/p>\n","protected":false},"featured_media":0,"template":"","meta":{"_monsterinsights_skip_tracking":false,"_monsterinsights_sitenote_active":false,"_monsterinsights_sitenote_note":"","_monsterinsights_sitenote_category":0},"product_brand":[],"product_cat":[13829,12274],"product_tag":[],"class_list":{"0":"post-745548","1":"product","2":"type-product","3":"status-publish","5":"product_cat-bilimsel-kitaplar","6":"product_cat-cocuk-ve-genclik-kitaplari","7":"pa_cilt-ciltsiz","8":"pa_tur-kitap","9":"pa_yayinevi-yagmur-cocuk-yayinlari","10":"pa_yazar-kolektif","12":"first","13":"instock","14":"sale","15":"shipping-taxable","16":"purchasable","17":"product-type-simple"},"_links":{"self":[{"href":"https:\/\/roveyayinevi.com.tr\/index.php\/wp-json\/wp\/v2\/product\/745548","targetHints":{"allow":["GET"]}}],"collection":[{"href":"https:\/\/roveyayinevi.com.tr\/index.php\/wp-json\/wp\/v2\/product"}],"about":[{"href":"https:\/\/roveyayinevi.com.tr\/index.php\/wp-json\/wp\/v2\/types\/product"}],"wp:attachment":[{"href":"https:\/\/roveyayinevi.com.tr\/index.php\/wp-json\/wp\/v2\/media?parent=745548"}],"wp:term":[{"taxonomy":"product_brand","embeddable":true,"href":"https:\/\/roveyayinevi.com.tr\/index.php\/wp-json\/wp\/v2\/product_brand?post=745548"},{"taxonomy":"product_cat","embeddable":true,"href":"https:\/\/roveyayinevi.com.tr\/index.php\/wp-json\/wp\/v2\/product_cat?post=745548"},{"taxonomy":"product_tag","embeddable":true,"href":"https:\/\/roveyayinevi.com.tr\/index.php\/wp-json\/wp\/v2\/product_tag?post=745548"}],"curies":[{"name":"wp","href":"https:\/\/api.w.org\/{rel}","templated":true}]}}