{"id":745545,"date":"2025-08-28T02:22:21","date_gmt":"2025-08-27T23:22:21","guid":{"rendered":"https:\/\/roveyayinevi.com.tr\/index.php\/urun\/dunyayi-degistiren-muhtesem-insanlar-isaac-newton\/"},"modified":"2026-04-16T02:57:47","modified_gmt":"2026-04-15T23:57:47","slug":"dunyayi-degistiren-muhtesem-insanlar-isaac-newton","status":"publish","type":"product","link":"https:\/\/roveyayinevi.com.tr\/index.php\/urun\/dunyayi-degistiren-muhtesem-insanlar-isaac-newton\/","title":{"rendered":"D\u00fcnyay\u0131 De\u011fi\u015ftiren Muhte\u015fem \u0130nsanlar- Isaac Newton"},"content":{"rendered":"<p>\u0130ngiliz fizik, matematik, astronomi, felsefe dallar\u0131nda \u00e7al\u0131\u015fm\u0131\u015f bir mucit. Bilim insanlar\u0131 taraf\u0131ndan tarihin en etkili insanlar\u0131ndan biri kabul edilen bu mucit yer \u00e7ekimini nas\u0131l ke\u015ffetti? Hi\u00e7 de s\u0131radan olmayan ya\u015fam\u0131n\u0131 \u00f6\u011frenmek i\u00e7in zaman kaybetmeyin.<\/p>\n","protected":false},"excerpt":{"rendered":"<p>\u0130ngiliz fizik, matematik, astronomi, felsefe dallar\u0131nda \u00e7al\u0131\u015fm\u0131\u015f bir mucit. Bilim insanlar\u0131 taraf\u0131ndan tarihin en etkili insanlar\u0131ndan biri kabul edilen bu mucit yer \u00e7ekimini nas\u0131l ke\u015ffetti? Hi\u00e7<span class=\"excerpt-hellip\"> [\u2026]<\/span><\/p>\n","protected":false},"featured_media":0,"template":"","meta":{"_monsterinsights_skip_tracking":false,"_monsterinsights_sitenote_active":false,"_monsterinsights_sitenote_note":"","_monsterinsights_sitenote_category":0},"product_brand":[],"product_cat":[13829,12274],"product_tag":[],"class_list":{"0":"post-745545","1":"product","2":"type-product","3":"status-publish","5":"product_cat-bilimsel-kitaplar","6":"product_cat-cocuk-ve-genclik-kitaplari","7":"pa_cilt-ciltsiz","8":"pa_tur-kitap","9":"pa_yayinevi-yagmur-cocuk-yayinlari","10":"pa_yazar-kolektif","12":"first","13":"instock","14":"sale","15":"shipping-taxable","16":"purchasable","17":"product-type-simple"},"_links":{"self":[{"href":"https:\/\/roveyayinevi.com.tr\/index.php\/wp-json\/wp\/v2\/product\/745545","targetHints":{"allow":["GET"]}}],"collection":[{"href":"https:\/\/roveyayinevi.com.tr\/index.php\/wp-json\/wp\/v2\/product"}],"about":[{"href":"https:\/\/roveyayinevi.com.tr\/index.php\/wp-json\/wp\/v2\/types\/product"}],"wp:attachment":[{"href":"https:\/\/roveyayinevi.com.tr\/index.php\/wp-json\/wp\/v2\/media?parent=745545"}],"wp:term":[{"taxonomy":"product_brand","embeddable":true,"href":"https:\/\/roveyayinevi.com.tr\/index.php\/wp-json\/wp\/v2\/product_brand?post=745545"},{"taxonomy":"product_cat","embeddable":true,"href":"https:\/\/roveyayinevi.com.tr\/index.php\/wp-json\/wp\/v2\/product_cat?post=745545"},{"taxonomy":"product_tag","embeddable":true,"href":"https:\/\/roveyayinevi.com.tr\/index.php\/wp-json\/wp\/v2\/product_tag?post=745545"}],"curies":[{"name":"wp","href":"https:\/\/api.w.org\/{rel}","templated":true}]}}