{"id":745544,"date":"2025-08-28T02:22:19","date_gmt":"2025-08-27T23:22:19","guid":{"rendered":"https:\/\/roveyayinevi.com.tr\/index.php\/urun\/dunyayi-degistiren-muhtesem-insanlar-galileo-galilei\/"},"modified":"2026-04-16T02:57:46","modified_gmt":"2026-04-15T23:57:46","slug":"dunyayi-degistiren-muhtesem-insanlar-galileo-galilei","status":"publish","type":"product","link":"https:\/\/roveyayinevi.com.tr\/index.php\/urun\/dunyayi-degistiren-muhtesem-insanlar-galileo-galilei\/","title":{"rendered":"D\u00fcnyay\u0131 De\u011fi\u015ftiren Muhte\u015fem \u0130nsanlar- Galileo Galilei"},"content":{"rendered":"<p>\u2018Bilimin Babas\u0131\u201d olarak adland\u0131r\u0131lan Galilei matematik, fizik, astronomi, felsefe dallar\u0131nda \u00e7al\u0131\u015fm\u0131\u015f. D\u00fcnyada bilimsel anlamda \u00e7\u0131\u011f\u0131r a\u00e7an bir insan\u0131n nas\u0131l bir ya\u015fam\u0131 olmu\u015f? Nelerle m\u00fccadele etmi\u015f? Azmi sayesinde ya\u015fad\u0131klar\u0131\u2026 \u00c7\u0131\u011f\u0131r a\u00e7an, bilim insanlar\u0131na esin kayna\u011f\u0131 olan bu ya\u015fam\u0131 siz de keyifli \u00e7izimlerin e\u015flik etti\u011fi bu kitaptan \u00f6\u011frenin.<\/p>\n","protected":false},"excerpt":{"rendered":"<p>\u2018Bilimin Babas\u0131\u201d olarak adland\u0131r\u0131lan Galilei matematik, fizik, astronomi, felsefe dallar\u0131nda \u00e7al\u0131\u015fm\u0131\u015f. D\u00fcnyada bilimsel anlamda \u00e7\u0131\u011f\u0131r a\u00e7an bir insan\u0131n nas\u0131l bir ya\u015fam\u0131 olmu\u015f? Nelerle m\u00fccadele etmi\u015f? Azmi<span class=\"excerpt-hellip\"> [\u2026]<\/span><\/p>\n","protected":false},"featured_media":0,"template":"","meta":{"_monsterinsights_skip_tracking":false,"_monsterinsights_sitenote_active":false,"_monsterinsights_sitenote_note":"","_monsterinsights_sitenote_category":0},"product_brand":[],"product_cat":[13829,12274],"product_tag":[],"class_list":{"0":"post-745544","1":"product","2":"type-product","3":"status-publish","5":"product_cat-bilimsel-kitaplar","6":"product_cat-cocuk-ve-genclik-kitaplari","7":"pa_cilt-ciltsiz","8":"pa_tur-kitap","9":"pa_yayinevi-yagmur-cocuk-yayinlari","10":"pa_yazar-kolektif","12":"first","13":"instock","14":"sale","15":"shipping-taxable","16":"purchasable","17":"product-type-simple"},"_links":{"self":[{"href":"https:\/\/roveyayinevi.com.tr\/index.php\/wp-json\/wp\/v2\/product\/745544","targetHints":{"allow":["GET"]}}],"collection":[{"href":"https:\/\/roveyayinevi.com.tr\/index.php\/wp-json\/wp\/v2\/product"}],"about":[{"href":"https:\/\/roveyayinevi.com.tr\/index.php\/wp-json\/wp\/v2\/types\/product"}],"wp:attachment":[{"href":"https:\/\/roveyayinevi.com.tr\/index.php\/wp-json\/wp\/v2\/media?parent=745544"}],"wp:term":[{"taxonomy":"product_brand","embeddable":true,"href":"https:\/\/roveyayinevi.com.tr\/index.php\/wp-json\/wp\/v2\/product_brand?post=745544"},{"taxonomy":"product_cat","embeddable":true,"href":"https:\/\/roveyayinevi.com.tr\/index.php\/wp-json\/wp\/v2\/product_cat?post=745544"},{"taxonomy":"product_tag","embeddable":true,"href":"https:\/\/roveyayinevi.com.tr\/index.php\/wp-json\/wp\/v2\/product_tag?post=745544"}],"curies":[{"name":"wp","href":"https:\/\/api.w.org\/{rel}","templated":true}]}}