{"id":745536,"date":"2025-08-28T02:22:09","date_gmt":"2025-08-27T23:22:09","guid":{"rendered":"https:\/\/roveyayinevi.com.tr\/index.php\/urun\/renkli-kalem-boyama-sebzeler-meyveler\/"},"modified":"2026-04-16T02:57:46","modified_gmt":"2026-04-15T23:57:46","slug":"renkli-kalem-boyama-sebzeler-meyveler","status":"publish","type":"product","link":"https:\/\/roveyayinevi.com.tr\/index.php\/urun\/renkli-kalem-boyama-sebzeler-meyveler\/","title":{"rendered":"Renkli Kalem Boyama-Sebzeler Meyveler"},"content":{"rendered":"<p>Boyama etkinlikleri 4-6 ya\u015f grubunda dikkat, bili\u015fsel zek\u00e2 geli\u015fimi ve k\u00fc\u00e7\u00fck motor kaslar\u0131n geli\u015fimi gibi bir\u00e7ok konuda katk\u0131 sa\u011flayan etkinliklerdir.Boyama etkinli\u011finde sebze ve meyve ayr\u0131m\u0131n\u0131 yapmak dil geli\u015fimi ile birlikte analitik zek\u00e2ya da hizmet edecektir. Ayr\u0131ca \u0130ngilizce \u00f6\u011frenmeye de ilk ad\u0131m keyifli olacakt\u0131r.<\/p>\n","protected":false},"excerpt":{"rendered":"<p>Boyama etkinlikleri 4-6 ya\u015f grubunda dikkat, bili\u015fsel zek\u00e2 geli\u015fimi ve k\u00fc\u00e7\u00fck motor kaslar\u0131n geli\u015fimi gibi bir\u00e7ok konuda katk\u0131 sa\u011flayan etkinliklerdir.Boyama etkinli\u011finde sebze ve meyve ayr\u0131m\u0131n\u0131 yapmak<span class=\"excerpt-hellip\"> [\u2026]<\/span><\/p>\n","protected":false},"featured_media":0,"template":"","meta":{"_monsterinsights_skip_tracking":false,"_monsterinsights_sitenote_active":false,"_monsterinsights_sitenote_note":"","_monsterinsights_sitenote_category":0},"product_brand":[],"product_cat":[12644,12274],"product_tag":[],"class_list":{"0":"post-745536","1":"product","2":"type-product","3":"status-publish","5":"product_cat-boyama-kitaplari","6":"product_cat-cocuk-ve-genclik-kitaplari","7":"pa_cilt-ciltsiz","8":"pa_tur-kitap","9":"pa_yayinevi-yagmur-cocuk-yayinlari","10":"pa_yazar-turkan-ada-komurcu","12":"first","13":"instock","14":"sale","15":"shipping-taxable","16":"purchasable","17":"product-type-simple"},"_links":{"self":[{"href":"https:\/\/roveyayinevi.com.tr\/index.php\/wp-json\/wp\/v2\/product\/745536","targetHints":{"allow":["GET"]}}],"collection":[{"href":"https:\/\/roveyayinevi.com.tr\/index.php\/wp-json\/wp\/v2\/product"}],"about":[{"href":"https:\/\/roveyayinevi.com.tr\/index.php\/wp-json\/wp\/v2\/types\/product"}],"wp:attachment":[{"href":"https:\/\/roveyayinevi.com.tr\/index.php\/wp-json\/wp\/v2\/media?parent=745536"}],"wp:term":[{"taxonomy":"product_brand","embeddable":true,"href":"https:\/\/roveyayinevi.com.tr\/index.php\/wp-json\/wp\/v2\/product_brand?post=745536"},{"taxonomy":"product_cat","embeddable":true,"href":"https:\/\/roveyayinevi.com.tr\/index.php\/wp-json\/wp\/v2\/product_cat?post=745536"},{"taxonomy":"product_tag","embeddable":true,"href":"https:\/\/roveyayinevi.com.tr\/index.php\/wp-json\/wp\/v2\/product_tag?post=745536"}],"curies":[{"name":"wp","href":"https:\/\/api.w.org\/{rel}","templated":true}]}}