{"id":745535,"date":"2025-08-28T02:22:08","date_gmt":"2025-08-27T23:22:08","guid":{"rendered":"https:\/\/roveyayinevi.com.tr\/index.php\/urun\/renkli-kalem-boyama-cocuklar\/"},"modified":"2026-04-16T02:57:46","modified_gmt":"2026-04-15T23:57:46","slug":"renkli-kalem-boyama-cocuklar","status":"publish","type":"product","link":"https:\/\/roveyayinevi.com.tr\/index.php\/urun\/renkli-kalem-boyama-cocuklar\/","title":{"rendered":"Renkli Kalem Boyama-\u00c7ocuklar"},"content":{"rendered":"<p>Boyama etkinlikleri 4-6 ya\u015f grubunda takip, s\u00fcreklilik, d\u00fczen ve okula haz\u0131r bulunu\u015fluk gibi bir\u00e7ok konuda katk\u0131 sa\u011flayan etkinliklerdir.Kendi ya\u015f grubunda \u00e7ocuklar\u0131n ifadelerini g\u00f6zlem, davran\u0131\u015flar\u0131n\u0131 yorumlama sosyal g\u00f6zlem becerisini de geli\u015ftirecektir.Boyama sayfalar\u0131ndaki \u00e7ocuklara isim vermek ve boyama etkinli\u011fine g\u00f6re olay hayal edip anlatmas\u0131n\u0131 istemek disiplinler\u00fcst\u00fc bir \u00e7al\u0131\u015fma olana\u011f\u0131 da sunacakt\u0131r.<\/p>\n","protected":false},"excerpt":{"rendered":"<p>Boyama etkinlikleri 4-6 ya\u015f grubunda takip, s\u00fcreklilik, d\u00fczen ve okula haz\u0131r bulunu\u015fluk gibi bir\u00e7ok konuda katk\u0131 sa\u011flayan etkinliklerdir.Kendi ya\u015f grubunda \u00e7ocuklar\u0131n ifadelerini g\u00f6zlem, davran\u0131\u015flar\u0131n\u0131 yorumlama sosyal<span class=\"excerpt-hellip\"> [\u2026]<\/span><\/p>\n","protected":false},"featured_media":0,"template":"","meta":{"_monsterinsights_skip_tracking":false,"_monsterinsights_sitenote_active":false,"_monsterinsights_sitenote_note":"","_monsterinsights_sitenote_category":0},"product_brand":[],"product_cat":[12644,12274],"product_tag":[],"class_list":{"0":"post-745535","1":"product","2":"type-product","3":"status-publish","5":"product_cat-boyama-kitaplari","6":"product_cat-cocuk-ve-genclik-kitaplari","7":"pa_cilt-ciltsiz","8":"pa_tur-kitap","9":"pa_yayinevi-yagmur-cocuk-yayinlari","10":"pa_yazar-turkan-ada-komurcu","12":"first","13":"instock","14":"sale","15":"shipping-taxable","16":"purchasable","17":"product-type-simple"},"_links":{"self":[{"href":"https:\/\/roveyayinevi.com.tr\/index.php\/wp-json\/wp\/v2\/product\/745535","targetHints":{"allow":["GET"]}}],"collection":[{"href":"https:\/\/roveyayinevi.com.tr\/index.php\/wp-json\/wp\/v2\/product"}],"about":[{"href":"https:\/\/roveyayinevi.com.tr\/index.php\/wp-json\/wp\/v2\/types\/product"}],"wp:attachment":[{"href":"https:\/\/roveyayinevi.com.tr\/index.php\/wp-json\/wp\/v2\/media?parent=745535"}],"wp:term":[{"taxonomy":"product_brand","embeddable":true,"href":"https:\/\/roveyayinevi.com.tr\/index.php\/wp-json\/wp\/v2\/product_brand?post=745535"},{"taxonomy":"product_cat","embeddable":true,"href":"https:\/\/roveyayinevi.com.tr\/index.php\/wp-json\/wp\/v2\/product_cat?post=745535"},{"taxonomy":"product_tag","embeddable":true,"href":"https:\/\/roveyayinevi.com.tr\/index.php\/wp-json\/wp\/v2\/product_tag?post=745535"}],"curies":[{"name":"wp","href":"https:\/\/api.w.org\/{rel}","templated":true}]}}