{"id":745534,"date":"2025-08-28T02:22:06","date_gmt":"2025-08-27T23:22:06","guid":{"rendered":"https:\/\/roveyayinevi.com.tr\/index.php\/urun\/renkli-kalem-boyama-alfabe\/"},"modified":"2026-04-16T02:57:46","modified_gmt":"2026-04-15T23:57:46","slug":"renkli-kalem-boyama-alfabe","status":"publish","type":"product","link":"https:\/\/roveyayinevi.com.tr\/index.php\/urun\/renkli-kalem-boyama-alfabe\/","title":{"rendered":"Renkli Kalem Boyama-Alfabe"},"content":{"rendered":"<p>Boyama etkinli\u011finde 4-6 ya\u015f grubu bir\u00e7ok fiziksel becerisiyle beraber g\u00f6rsel zek\u00e2s\u0131n\u0131 da geli\u015ftirir. Okuma, yazmaya ilk ad\u0131m bu kitapla renkli ve keyifli.Boyama sayfalar\u0131ndaki g\u00f6rseller \u00fczerinden k\u00fc\u00e7\u00fck dil geli\u015fimini destekleyici sorular sorabilir, onlar\u0131 kendi boyama sayfalar\u0131n\u0131 tasarlamaya y\u00f6nlendirebilirsiniz.<\/p>\n","protected":false},"excerpt":{"rendered":"<p>Boyama etkinli\u011finde 4-6 ya\u015f grubu bir\u00e7ok fiziksel becerisiyle beraber g\u00f6rsel zek\u00e2s\u0131n\u0131 da geli\u015ftirir. Okuma, yazmaya ilk ad\u0131m bu kitapla renkli ve keyifli.Boyama sayfalar\u0131ndaki g\u00f6rseller \u00fczerinden k\u00fc\u00e7\u00fck<span class=\"excerpt-hellip\"> [\u2026]<\/span><\/p>\n","protected":false},"featured_media":0,"template":"","meta":{"_monsterinsights_skip_tracking":false,"_monsterinsights_sitenote_active":false,"_monsterinsights_sitenote_note":"","_monsterinsights_sitenote_category":0},"product_brand":[],"product_cat":[12644,12274],"product_tag":[],"class_list":{"0":"post-745534","1":"product","2":"type-product","3":"status-publish","5":"product_cat-boyama-kitaplari","6":"product_cat-cocuk-ve-genclik-kitaplari","7":"pa_cilt-ciltsiz","8":"pa_tur-kitap","9":"pa_yayinevi-yagmur-cocuk-yayinlari","10":"pa_yazar-turkan-ada-komurcu","12":"first","13":"instock","14":"sale","15":"shipping-taxable","16":"purchasable","17":"product-type-simple"},"_links":{"self":[{"href":"https:\/\/roveyayinevi.com.tr\/index.php\/wp-json\/wp\/v2\/product\/745534","targetHints":{"allow":["GET"]}}],"collection":[{"href":"https:\/\/roveyayinevi.com.tr\/index.php\/wp-json\/wp\/v2\/product"}],"about":[{"href":"https:\/\/roveyayinevi.com.tr\/index.php\/wp-json\/wp\/v2\/types\/product"}],"wp:attachment":[{"href":"https:\/\/roveyayinevi.com.tr\/index.php\/wp-json\/wp\/v2\/media?parent=745534"}],"wp:term":[{"taxonomy":"product_brand","embeddable":true,"href":"https:\/\/roveyayinevi.com.tr\/index.php\/wp-json\/wp\/v2\/product_brand?post=745534"},{"taxonomy":"product_cat","embeddable":true,"href":"https:\/\/roveyayinevi.com.tr\/index.php\/wp-json\/wp\/v2\/product_cat?post=745534"},{"taxonomy":"product_tag","embeddable":true,"href":"https:\/\/roveyayinevi.com.tr\/index.php\/wp-json\/wp\/v2\/product_tag?post=745534"}],"curies":[{"name":"wp","href":"https:\/\/api.w.org\/{rel}","templated":true}]}}