{"id":745533,"date":"2025-08-28T02:22:05","date_gmt":"2025-08-27T23:22:05","guid":{"rendered":"https:\/\/roveyayinevi.com.tr\/index.php\/urun\/renkli-kalem-boyama-tasitlar\/"},"modified":"2026-04-16T02:57:46","modified_gmt":"2026-04-15T23:57:46","slug":"renkli-kalem-boyama-tasitlar","status":"publish","type":"product","link":"https:\/\/roveyayinevi.com.tr\/index.php\/urun\/renkli-kalem-boyama-tasitlar\/","title":{"rendered":"Renkli Kalem Boyama-Ta\u015f\u0131tlar"},"content":{"rendered":"<p>Boyama etkinlikleri 4-6 ya\u015f grubunun en sevdi\u011fi etkinlikler aras\u0131ndad\u0131r.Ta\u015f\u0131tlar\u0131n i\u015flevleri,g\u00fcnl\u00fck hayattaki yerleri ve onlar\u0131 tan\u0131ma konusunda etkili olacak bir \u00e7al\u0131\u015fmad\u0131r. Ayr\u0131ca etkinlikler s\u0131ras\u0131nda ta\u015f\u0131tlar ve trafik hakk\u0131nda yap\u0131lacak konu\u015fmalar, bu ya\u015f grubunun kendini ifade geli\u015fimine de katk\u0131 sa\u011flayacakt\u0131r.<\/p>\n","protected":false},"excerpt":{"rendered":"<p>Boyama etkinlikleri 4-6 ya\u015f grubunun en sevdi\u011fi etkinlikler aras\u0131ndad\u0131r.Ta\u015f\u0131tlar\u0131n i\u015flevleri,g\u00fcnl\u00fck hayattaki yerleri ve onlar\u0131 tan\u0131ma konusunda etkili olacak bir \u00e7al\u0131\u015fmad\u0131r. Ayr\u0131ca etkinlikler s\u0131ras\u0131nda ta\u015f\u0131tlar ve trafik<span class=\"excerpt-hellip\"> [\u2026]<\/span><\/p>\n","protected":false},"featured_media":0,"template":"","meta":{"_monsterinsights_skip_tracking":false,"_monsterinsights_sitenote_active":false,"_monsterinsights_sitenote_note":"","_monsterinsights_sitenote_category":0},"product_brand":[],"product_cat":[12644,12274],"product_tag":[],"class_list":{"0":"post-745533","1":"product","2":"type-product","3":"status-publish","5":"product_cat-boyama-kitaplari","6":"product_cat-cocuk-ve-genclik-kitaplari","7":"pa_cilt-ciltsiz","8":"pa_tur-kitap","9":"pa_yayinevi-yagmur-cocuk-yayinlari","10":"pa_yazar-turkan-ada-komurcu","12":"first","13":"instock","14":"sale","15":"shipping-taxable","16":"purchasable","17":"product-type-simple"},"_links":{"self":[{"href":"https:\/\/roveyayinevi.com.tr\/index.php\/wp-json\/wp\/v2\/product\/745533","targetHints":{"allow":["GET"]}}],"collection":[{"href":"https:\/\/roveyayinevi.com.tr\/index.php\/wp-json\/wp\/v2\/product"}],"about":[{"href":"https:\/\/roveyayinevi.com.tr\/index.php\/wp-json\/wp\/v2\/types\/product"}],"wp:attachment":[{"href":"https:\/\/roveyayinevi.com.tr\/index.php\/wp-json\/wp\/v2\/media?parent=745533"}],"wp:term":[{"taxonomy":"product_brand","embeddable":true,"href":"https:\/\/roveyayinevi.com.tr\/index.php\/wp-json\/wp\/v2\/product_brand?post=745533"},{"taxonomy":"product_cat","embeddable":true,"href":"https:\/\/roveyayinevi.com.tr\/index.php\/wp-json\/wp\/v2\/product_cat?post=745533"},{"taxonomy":"product_tag","embeddable":true,"href":"https:\/\/roveyayinevi.com.tr\/index.php\/wp-json\/wp\/v2\/product_tag?post=745533"}],"curies":[{"name":"wp","href":"https:\/\/api.w.org\/{rel}","templated":true}]}}