{"id":745531,"date":"2025-08-28T02:22:03","date_gmt":"2025-08-27T23:22:03","guid":{"rendered":"https:\/\/roveyayinevi.com.tr\/index.php\/urun\/dort-islem-kartlari-sayilar-3-6-yas\/"},"modified":"2026-04-16T02:57:46","modified_gmt":"2026-04-15T23:57:46","slug":"dort-islem-kartlari-sayilar-3-6-yas","status":"publish","type":"product","link":"https:\/\/roveyayinevi.com.tr\/index.php\/urun\/dort-islem-kartlari-sayilar-3-6-yas\/","title":{"rendered":"D\u00f6rt \u0130\u015flem Kartlar\u0131 &#8211; Say\u0131lar (3-6 Ya\u015f)"},"content":{"rendered":"<p>50 Kart 100 EtkinlikSay\u0131lar\u0131 \u00f6\u011frenmenin e\u011flenceli yolu.Bu kartlar 3-6 ya\u015f aras\u0131 \u00e7ocuklar i\u00e7in say\u0131 bilgilerini i\u00e7ermektedir.Bu kartlar \u00e7ocuklar\u0131n zek\u00e2 geli\u015fimine ve haf\u0131zalar\u0131n\u0131n g\u00fc\u00e7lenmesine yard\u0131mc\u0131 olur.Say\u0131lar kartlar\u0131 \u00e7ocuklar\u0131n dikkat eksikli\u011fi e\u011fitimine de yard\u0131mc\u0131 olur.Kutunun i\u00e7inde bir adet silgili kalem bulunmaktad\u0131r.Kartlar kullan\u0131ld\u0131ktan sonra silinerek tekrar kullan\u0131labilir.<\/p>\n","protected":false},"excerpt":{"rendered":"<p>50 Kart 100 EtkinlikSay\u0131lar\u0131 \u00f6\u011frenmenin e\u011flenceli yolu.Bu kartlar 3-6 ya\u015f aras\u0131 \u00e7ocuklar i\u00e7in say\u0131 bilgilerini i\u00e7ermektedir.Bu kartlar \u00e7ocuklar\u0131n zek\u00e2 geli\u015fimine ve haf\u0131zalar\u0131n\u0131n g\u00fc\u00e7lenmesine yard\u0131mc\u0131 olur.Say\u0131lar kartlar\u0131<span class=\"excerpt-hellip\"> [\u2026]<\/span><\/p>\n","protected":false},"featured_media":0,"template":"","meta":{"_monsterinsights_skip_tracking":false,"_monsterinsights_sitenote_active":false,"_monsterinsights_sitenote_note":"","_monsterinsights_sitenote_category":0},"product_brand":[],"product_cat":[12274,12631],"product_tag":[],"class_list":{"0":"post-745531","1":"product","2":"type-product","3":"status-publish","5":"product_cat-cocuk-ve-genclik-kitaplari","6":"product_cat-diger-cocuk-ve-genclik-kitaplari","7":"pa_cilt-ciltsiz","8":"pa_tur-kitap10","9":"pa_yayinevi-yagmur-cocuk-yayinlari","10":"pa_yazar-kollektif","12":"first","13":"instock","14":"sale","15":"shipping-taxable","16":"purchasable","17":"product-type-simple"},"_links":{"self":[{"href":"https:\/\/roveyayinevi.com.tr\/index.php\/wp-json\/wp\/v2\/product\/745531","targetHints":{"allow":["GET"]}}],"collection":[{"href":"https:\/\/roveyayinevi.com.tr\/index.php\/wp-json\/wp\/v2\/product"}],"about":[{"href":"https:\/\/roveyayinevi.com.tr\/index.php\/wp-json\/wp\/v2\/types\/product"}],"wp:attachment":[{"href":"https:\/\/roveyayinevi.com.tr\/index.php\/wp-json\/wp\/v2\/media?parent=745531"}],"wp:term":[{"taxonomy":"product_brand","embeddable":true,"href":"https:\/\/roveyayinevi.com.tr\/index.php\/wp-json\/wp\/v2\/product_brand?post=745531"},{"taxonomy":"product_cat","embeddable":true,"href":"https:\/\/roveyayinevi.com.tr\/index.php\/wp-json\/wp\/v2\/product_cat?post=745531"},{"taxonomy":"product_tag","embeddable":true,"href":"https:\/\/roveyayinevi.com.tr\/index.php\/wp-json\/wp\/v2\/product_tag?post=745531"}],"curies":[{"name":"wp","href":"https:\/\/api.w.org\/{rel}","templated":true}]}}