{"id":745527,"date":"2025-08-28T02:21:57","date_gmt":"2025-08-27T23:21:57","guid":{"rendered":"https:\/\/roveyayinevi.com.tr\/index.php\/urun\/kopek-adam-7-toplar-kimin-icin-yuvarlaniyor\/"},"modified":"2026-04-16T02:57:46","modified_gmt":"2026-04-15T23:57:46","slug":"kopek-adam-7-toplar-kimin-icin-yuvarlaniyor","status":"publish","type":"product","link":"https:\/\/roveyayinevi.com.tr\/index.php\/urun\/kopek-adam-7-toplar-kimin-icin-yuvarlaniyor\/","title":{"rendered":"K\u00f6pek Adam-7  Toplar Kimin \u0130\u00e7in Yuvarlan\u0131yor"},"content":{"rendered":"<p>SON ZAMANLARIN EN \u00c7OK SATAN K\u00d6PEK ADAM SER\u0130S\u0130N\u0130N HEYECANLA BEKLENEN YED\u0130NC\u0130 K\u0130TABI!Serinin yedinci kitab\u0131nda Petey iyilik yapman\u0131n ne demek oldu\u011funu \u00f6\u011freniyor!K\u00f6pek Adam&#8217;\u0131n bu s\u0131ralar ba\u015f\u0131 k\u00f6t\u00fc al\u0131\u015fkanl\u0131klar\u0131yla derttedir ve \u00fcstesinden gelmek i\u00e7in de s\u00fcper dostlar\u0131ndan yard\u0131m al\u0131r. Ancak saplant\u0131lar\u0131 korkuya d\u00f6n\u00fc\u015f\u00fcnce kendisini yepyeni bir s\u00fcper k\u00f6t\u00fcn\u00fcn hedefi h\u00e2line getirir.K\u00f6pek Adam korkular\u0131 ve d\u00fc\u015fman\u0131yla sava\u015f\u0131rken Kedi Petey hasipten \u00e7\u0131kar. K\u00fc\u00e7\u00fck Petey ile yeni bir hayata ba\u015flar. Bu sakin g\u00fczel hayat ans\u0131z\u0131n bir ziyaret\u00e7inin geli\u015fiyle bozulur. Gelen ki\u015fi Petey&#8217;in babas\u0131d\u0131r. Petey, babas\u0131n\u0131n geli\u015fiyle ge\u00e7mi\u015fiyle y\u00fczle\u015fmeye ba\u015flar. Ve art\u0131k sevdikleri i\u00e7in sava\u015fmas\u0131 gerekti\u011fini anlar.Dav Pilkey K\u00f6pek Adam Serisi&#8217;nin her kitab\u0131nda her ya\u015ftan okuyucuya hitap etmesinin yan\u0131 s\u0131ra empati, nezaket, sab\u0131r ve iyilik yapmak gibi evrensel temalar\u0131 da i\u015fliyor.<\/p>\n","protected":false},"excerpt":{"rendered":"<p>SON ZAMANLARIN EN \u00c7OK SATAN K\u00d6PEK ADAM SER\u0130S\u0130N\u0130N HEYECANLA BEKLENEN YED\u0130NC\u0130 K\u0130TABI!Serinin yedinci kitab\u0131nda Petey iyilik yapman\u0131n ne demek oldu\u011funu \u00f6\u011freniyor!K\u00f6pek Adam&#8217;\u0131n bu s\u0131ralar ba\u015f\u0131 k\u00f6t\u00fc<span class=\"excerpt-hellip\"> [\u2026]<\/span><\/p>\n","protected":false},"featured_media":0,"template":"","meta":{"_monsterinsights_skip_tracking":false,"_monsterinsights_sitenote_active":false,"_monsterinsights_sitenote_note":"","_monsterinsights_sitenote_category":0},"product_brand":[],"product_cat":[12689,12274],"product_tag":[],"class_list":{"0":"post-745527","1":"product","2":"type-product","3":"status-publish","5":"product_cat-cizgi-roman-cocuk-ve-genclik-kitaplari","6":"product_cat-cocuk-ve-genclik-kitaplari","7":"pa_cilt-ciltsiz","8":"pa_tur-kitap","9":"pa_yayinevi-altin-kitaplar","10":"pa_yazar-dav-pilkey","12":"first","13":"instock","14":"sale","15":"shipping-taxable","16":"purchasable","17":"product-type-simple"},"_links":{"self":[{"href":"https:\/\/roveyayinevi.com.tr\/index.php\/wp-json\/wp\/v2\/product\/745527","targetHints":{"allow":["GET"]}}],"collection":[{"href":"https:\/\/roveyayinevi.com.tr\/index.php\/wp-json\/wp\/v2\/product"}],"about":[{"href":"https:\/\/roveyayinevi.com.tr\/index.php\/wp-json\/wp\/v2\/types\/product"}],"wp:attachment":[{"href":"https:\/\/roveyayinevi.com.tr\/index.php\/wp-json\/wp\/v2\/media?parent=745527"}],"wp:term":[{"taxonomy":"product_brand","embeddable":true,"href":"https:\/\/roveyayinevi.com.tr\/index.php\/wp-json\/wp\/v2\/product_brand?post=745527"},{"taxonomy":"product_cat","embeddable":true,"href":"https:\/\/roveyayinevi.com.tr\/index.php\/wp-json\/wp\/v2\/product_cat?post=745527"},{"taxonomy":"product_tag","embeddable":true,"href":"https:\/\/roveyayinevi.com.tr\/index.php\/wp-json\/wp\/v2\/product_tag?post=745527"}],"curies":[{"name":"wp","href":"https:\/\/api.w.org\/{rel}","templated":true}]}}