{"id":745526,"date":"2025-08-28T02:21:57","date_gmt":"2025-08-27T23:21:57","guid":{"rendered":"https:\/\/roveyayinevi.com.tr\/index.php\/urun\/fizik-ve-kerevizler\/"},"modified":"2026-04-16T02:57:46","modified_gmt":"2026-04-15T23:57:46","slug":"fizik-ve-kerevizler","status":"publish","type":"product","link":"https:\/\/roveyayinevi.com.tr\/index.php\/urun\/fizik-ve-kerevizler\/","title":{"rendered":"Fizik Ve Kerevizler"},"content":{"rendered":"<p>Andr\u00e9s Gomberoff bilim hazz\u0131n\u0131 ve tutkusunu her okuyucuya a\u015f\u0131layacak olan bu kitapla, bizi fizik ve matemati\u011fin k\u00f6t\u00fc birer okul an\u0131s\u0131 de\u011fil de son derece b\u00fcy\u00fcleyici alanlar oldu\u011funu ke\u015ffetmeye davet ediyor.Bilim insanlar\u0131n\u0131n bilimi \u00f6\u011fretme ve anlatma bi\u00e7imleri sebebiyle bilimsel konulara \u00f6nyarg\u0131 geli\u015ftirmi\u015f olabilece\u011fimizi savunan Gomberoff, as\u0131l konunun basit y\u00f6ntemlerle aktar\u0131ld\u0131\u011f\u0131nda rahatl\u0131kla hatta severek hayat\u0131m\u0131z\u0131n bir par\u00e7as\u0131 olabilece\u011fini s\u00f6yl\u00fcyor. T\u0131pk\u0131 iyi bir tarifle pi\u015firilmi\u015f bir kereviz yeme\u011fi gibi\u2026Gomberoff s\u00fcr\u00fckleyici k\u0131sa hik\u00e2yeler ve her g\u00fcn kar\u015f\u0131la\u015fabilece\u011fimiz \u00f6rneklerle Paralel Evrenler Kuram\u0131&#8217;ndan antimaddenin gizemine kadar bir\u00e7ok konuyu herkesin anlayaca\u011f\u0131 bir dille a\u00e7\u0131klayarak okuyucusunu \u015fa\u015f\u0131rt\u0131yor. Carl Sagan ve Stephen Hawking gibi baz\u0131 \u00f6nc\u00fcllerinin yolunu izleyerek evrenin b\u00fcy\u00fck olaylar\u0131n\u0131 ve bunlar\u0131n gizemlerini yal\u0131n ve keyifli bir \u00fcslupla a\u00e7\u0131klamay\u0131 ba\u015far\u0131yor. Bilim anlat\u0131c\u0131l\u0131\u011f\u0131na ayd\u0131nlat\u0131c\u0131 ve e\u011flenceli bir katk\u0131da bulunan bu eserde Marconi&#8217;den Einstein&#8217;a, Woody Allen&#8217;dan Mussolini&#8217;ye, Beatles&#8217;tan Olivia Newton John&#8217;a kadar tan\u0131nm\u0131\u015f bir\u00e7ok ki\u015fiyle de kar\u015f\u0131m\u0131za \u00e7\u0131k\u0131yor.<\/p>\n","protected":false},"excerpt":{"rendered":"<p>Andr\u00e9s Gomberoff bilim hazz\u0131n\u0131 ve tutkusunu her okuyucuya a\u015f\u0131layacak olan bu kitapla, bizi fizik ve matemati\u011fin k\u00f6t\u00fc birer okul an\u0131s\u0131 de\u011fil de son derece b\u00fcy\u00fcleyici alanlar<span class=\"excerpt-hellip\"> [\u2026]<\/span><\/p>\n","protected":false},"featured_media":0,"template":"","meta":{"_monsterinsights_skip_tracking":false,"_monsterinsights_sitenote_active":false,"_monsterinsights_sitenote_note":"","_monsterinsights_sitenote_category":0},"product_brand":[],"product_cat":[13005,13006],"product_tag":[],"class_list":{"0":"post-745526","1":"product","2":"type-product","3":"status-publish","5":"product_cat-bilim-muhendislik","6":"product_cat-populer-bilim","7":"pa_cilt-ciltsiz","8":"pa_tur-kitap","9":"pa_yayinevi-altin-kitaplar","10":"pa_yazar-andres-gomberoff","12":"first","13":"instock","14":"sale","15":"shipping-taxable","16":"purchasable","17":"product-type-simple"},"_links":{"self":[{"href":"https:\/\/roveyayinevi.com.tr\/index.php\/wp-json\/wp\/v2\/product\/745526","targetHints":{"allow":["GET"]}}],"collection":[{"href":"https:\/\/roveyayinevi.com.tr\/index.php\/wp-json\/wp\/v2\/product"}],"about":[{"href":"https:\/\/roveyayinevi.com.tr\/index.php\/wp-json\/wp\/v2\/types\/product"}],"wp:attachment":[{"href":"https:\/\/roveyayinevi.com.tr\/index.php\/wp-json\/wp\/v2\/media?parent=745526"}],"wp:term":[{"taxonomy":"product_brand","embeddable":true,"href":"https:\/\/roveyayinevi.com.tr\/index.php\/wp-json\/wp\/v2\/product_brand?post=745526"},{"taxonomy":"product_cat","embeddable":true,"href":"https:\/\/roveyayinevi.com.tr\/index.php\/wp-json\/wp\/v2\/product_cat?post=745526"},{"taxonomy":"product_tag","embeddable":true,"href":"https:\/\/roveyayinevi.com.tr\/index.php\/wp-json\/wp\/v2\/product_tag?post=745526"}],"curies":[{"name":"wp","href":"https:\/\/api.w.org\/{rel}","templated":true}]}}