{"id":745525,"date":"2025-08-28T02:21:56","date_gmt":"2025-08-27T23:21:56","guid":{"rendered":"https:\/\/roveyayinevi.com.tr\/index.php\/urun\/orgut-kuramlari-perspektifinden-orgut-stratejileri\/"},"modified":"2026-04-16T02:57:46","modified_gmt":"2026-04-15T23:57:46","slug":"orgut-kuramlari-perspektifinden-orgut-stratejileri","status":"publish","type":"product","link":"https:\/\/roveyayinevi.com.tr\/index.php\/urun\/orgut-kuramlari-perspektifinden-orgut-stratejileri\/","title":{"rendered":"\u00d6rg\u00fct Kuramlar\u0131 Perspektifinden \u00d6rg\u00fct Stratejileri"},"content":{"rendered":"<p>1. Ka\u00e7\u0131\u015f Temelli Uluslararas\u0131la\u015fma: Kavramsal Bir \u0130nceleme   2. Sosyal Sermaye Kuram\u0131 Ba\u011flam\u0131nda \u00d6rg\u00fctlerin Uluslararas\u0131la\u015fmas\u0131   3. \u0130hracat Pazarlama Karmas\u0131 Stratejilerinin Ko\u015ful Ba\u011f\u0131ml\u0131l\u0131k Kuram\u0131 \u00c7er\u00e7evesinde De\u011ferlendirilmesi   4. Kobi\u2019lerde \u0130hracat: Kurumsal Kuram ve Kaynak Ba\u011f\u0131ml\u0131l\u0131\u011f\u0131 Kuram\u0131 Perspektifleri   5. Kaynak Ba\u011f\u0131ml\u0131l\u0131\u011f\u0131 Kuram\u0131 Ba\u011flam\u0131nda Havac\u0131l\u0131k Sekt\u00f6r\u00fcnde Stratejik \u0130ttifaklar   6. \u00d6rg\u00fct Ekolojisi Kuram\u0131n\u0131n Stratejiye Bak\u0131\u015f A\u00e7\u0131s\u0131   7. \u00c7e\u015fitlendirme Stratejilerinin \u0130\u015flem Maliyeti Kuram\u0131 \u00c7er\u00e7evesinde De\u011ferlendirilmesi   8. \u00d6rg\u00fct Kuramlar\u0131 ve Uluslararas\u0131la\u015fma Kuramlar\u0131 Perspektifinden Yabanc\u0131 Pazarlara Giri\u015f Stratejileri 9. Stratejik Y\u00f6netim Ele\u015ftirel Olmal\u0131 m\u0131 ?<\/p>\n","protected":false},"excerpt":{"rendered":"<p>1. Ka\u00e7\u0131\u015f Temelli Uluslararas\u0131la\u015fma: Kavramsal Bir \u0130nceleme 2. Sosyal Sermaye Kuram\u0131 Ba\u011flam\u0131nda \u00d6rg\u00fctlerin Uluslararas\u0131la\u015fmas\u0131 3. \u0130hracat Pazarlama Karmas\u0131 Stratejilerinin Ko\u015ful Ba\u011f\u0131ml\u0131l\u0131k Kuram\u0131 \u00c7er\u00e7evesinde De\u011ferlendirilmesi 4. Kobi\u2019lerde<span class=\"excerpt-hellip\"> [\u2026]<\/span><\/p>\n","protected":false},"featured_media":0,"template":"","meta":{"_monsterinsights_skip_tracking":false,"_monsterinsights_sitenote_active":false,"_monsterinsights_sitenote_note":"","_monsterinsights_sitenote_category":0},"product_brand":[],"product_cat":[20333,13043],"product_tag":[],"class_list":{"0":"post-745525","1":"product","2":"type-product","3":"status-publish","5":"product_cat-diger-ekonomi","6":"product_cat-ekonomi","7":"pa_cilt-ciltsiz","8":"pa_tur-kitap","9":"pa_yayinevi-gazi-kitabevi","10":"pa_yazar-kolektif","12":"first","13":"instock","14":"sale","15":"shipping-taxable","16":"purchasable","17":"product-type-simple"},"_links":{"self":[{"href":"https:\/\/roveyayinevi.com.tr\/index.php\/wp-json\/wp\/v2\/product\/745525","targetHints":{"allow":["GET"]}}],"collection":[{"href":"https:\/\/roveyayinevi.com.tr\/index.php\/wp-json\/wp\/v2\/product"}],"about":[{"href":"https:\/\/roveyayinevi.com.tr\/index.php\/wp-json\/wp\/v2\/types\/product"}],"wp:attachment":[{"href":"https:\/\/roveyayinevi.com.tr\/index.php\/wp-json\/wp\/v2\/media?parent=745525"}],"wp:term":[{"taxonomy":"product_brand","embeddable":true,"href":"https:\/\/roveyayinevi.com.tr\/index.php\/wp-json\/wp\/v2\/product_brand?post=745525"},{"taxonomy":"product_cat","embeddable":true,"href":"https:\/\/roveyayinevi.com.tr\/index.php\/wp-json\/wp\/v2\/product_cat?post=745525"},{"taxonomy":"product_tag","embeddable":true,"href":"https:\/\/roveyayinevi.com.tr\/index.php\/wp-json\/wp\/v2\/product_tag?post=745525"}],"curies":[{"name":"wp","href":"https:\/\/api.w.org\/{rel}","templated":true}]}}